{"id":468,"date":"2020-09-09T15:47:38","date_gmt":"2020-09-09T15:47:38","guid":{"rendered":"http:\/\/basilian.org\/requirements-for-engaging-with-the-congregations-online-communities\/"},"modified":"2022-10-11T13:25:31","modified_gmt":"2022-10-11T17:25:31","slug":"requirements-for-engaging-with-the-congregations-online-communities","status":"publish","type":"page","link":"https:\/\/basilian.org\/es\/requirements-for-engaging-with-the-congregations-online-communities\/","title":{"rendered":"Requisitos para comprometerse en l\u00ednea con las comunidades de la congregaci\u00f3n"},"content":{"rendered":"<p>El prop\u00f3sito de cualquier p\u00e1gina de medios sociales es proporcionar un foro interactivo en el que los lectores puedan reunir y discutir informaci\u00f3n sobre la amplia gama de temas que aborda el trabajo y la misi\u00f3n de la Iglesia cat\u00f3lica, espec\u00edficamente a trav\u00e9s de los Padres Basilianos. Se anima a los seguidores a publicar preguntas, comentario e inquietudes, pero deben recordar que se trata de una discusi\u00f3n en l\u00ednea moderada y organizada por una entidad de los Padres Basilianos.<\/p>\n<p>Los Padres Basilianos aprecian el debate sano y la discusi\u00f3n constructiva. Eso significa que pedimos que los comentarios se mantengan en un tono civilizado y que reflejen la caridad y el respeto que marcan el discurso cristiano. Los comentarios que pueden ser ocultados, borrados, o que requieren la prohibici\u00f3n o el bloqueo de un usuario incluyen aquellos que contienen<\/p>\n<ul>\n<li>Ataques personales u observaciones inflamatorias contra una persona o grupo<\/li>\n<li>Contenido o comentarios fuera de tema<\/li>\n<li>Spam o promoci\u00f3n de servicios, productos, organizaciones, o agendas pol\u00edticas<\/li>\n<li>Enlaces a sitios que contengan material ofensivo o que ataquen la jerarqu\u00eda y la misi\u00f3n de la Iglesia<\/li>\n<li>Informaci\u00f3n que sea objetivamente incorrecta<\/li>\n<li>Lenguaje vulgar<\/li>\n<\/ul>\n<h2>Identificar un uso inapropiado<\/h2>\n<p>Si se advierte contenido inapropiado o ilegal que ha sido publicado, en evidencia de las pol\u00edticas \u00a0por favor reportar el hecho v\u00eda correo electr\u00f3nico a Jillian Kaster Miller, coordinadora de comunicaciones, <a href=\"https:\/\/basilian.org\/es\/contacto\/?sendto=communications-coordinator\">contacto<\/a>.<\/p>\n","protected":false},"excerpt":{"rendered":"<p>El prop\u00f3sito de cualquier p\u00e1gina de medios sociales es proporcionar un foro interactivo en el que los lectores puedan reunir y discutir informaci\u00f3n sobre la amplia gama de temas que [&hellip;]<\/p>\n","protected":false},"author":282,"featured_media":0,"parent":0,"menu_order":0,"comment_status":"closed","ping_status":"closed","template":"","meta":{"_bbp_topic_count":0,"_bbp_reply_count":0,"_bbp_total_topic_count":0,"_bbp_total_reply_count":0,"_bbp_voice_count":0,"_bbp_anonymous_reply_count":0,"_bbp_topic_count_hidden":0,"_bbp_reply_count_hidden":0,"_bbp_forum_subforum_count":0,"_uag_custom_page_level_css":"","footnotes":""},"acf":[],"yoast_head":"<!-- This site is optimized with the Yoast SEO plugin v20.3 - https:\/\/yoast.com\/wordpress\/plugins\/seo\/ -->\n<title>Requisitos para comprometerse en l\u00ednea con las comunidades de la congregaci\u00f3n - Padres Basilianos - Congregaci\u00f3n de San Basilio<\/title>\n<meta name=\"robots\" content=\"index, follow, max-snippet:-1, max-image-preview:large, max-video-preview:-1\" \/>\n<link rel=\"canonical\" href=\"https:\/\/basilian.org\/es\/requirements-for-engaging-with-the-congregations-online-communities\/\" \/>\n<meta property=\"og:locale\" content=\"es_MX\" \/>\n<meta property=\"og:type\" content=\"article\" \/>\n<meta property=\"og:title\" content=\"Requisitos para comprometerse en l\u00ednea con las comunidades de la congregaci\u00f3n - Padres Basilianos - Congregaci\u00f3n de San Basilio\" \/>\n<meta property=\"og:description\" content=\"El prop\u00f3sito de cualquier p\u00e1gina de medios sociales es proporcionar un foro interactivo en el que los lectores puedan reunir y discutir informaci\u00f3n sobre la amplia gama de temas que [&hellip;]\" \/>\n<meta property=\"og:url\" content=\"https:\/\/basilian.org\/es\/requirements-for-engaging-with-the-congregations-online-communities\/\" \/>\n<meta property=\"og:site_name\" content=\"Padres Basilianos\" \/>\n<meta property=\"article:modified_time\" content=\"2022-10-11T17:25:31+00:00\" \/>\n<meta name=\"twitter:card\" content=\"summary_large_image\" \/>\n<meta name=\"twitter:label1\" content=\"Tiempo de lectura\" \/>\n\t<meta name=\"twitter:data1\" content=\"1 minuto\" \/>\n<script type=\"application\/ld+json\" class=\"yoast-schema-graph\">{\"@context\":\"https:\/\/schema.org\",\"@graph\":[{\"@type\":\"WebPage\",\"@id\":\"https:\/\/basilian.org\/es\/requirements-for-engaging-with-the-congregations-online-communities\/\",\"url\":\"https:\/\/basilian.org\/es\/requirements-for-engaging-with-the-congregations-online-communities\/\",\"name\":\"Requisitos para comprometerse en l\u00ednea con las comunidades de la congregaci\u00f3n - Padres Basilianos - Congregaci\u00f3n de San Basilio\",\"isPartOf\":{\"@id\":\"https:\/\/basilian.org\/es\/#website\"},\"datePublished\":\"2020-09-09T15:47:38+00:00\",\"dateModified\":\"2022-10-11T17:25:31+00:00\",\"breadcrumb\":{\"@id\":\"https:\/\/basilian.org\/es\/requirements-for-engaging-with-the-congregations-online-communities\/#breadcrumb\"},\"inLanguage\":\"es-MX\",\"potentialAction\":[{\"@type\":\"ReadAction\",\"target\":[\"https:\/\/basilian.org\/es\/requirements-for-engaging-with-the-congregations-online-communities\/\"]}]},{\"@type\":\"BreadcrumbList\",\"@id\":\"https:\/\/basilian.org\/es\/requirements-for-engaging-with-the-congregations-online-communities\/#breadcrumb\",\"itemListElement\":[{\"@type\":\"ListItem\",\"position\":1,\"name\":\"Home\",\"item\":\"https:\/\/basilian.org\/es\/\"},{\"@type\":\"ListItem\",\"position\":2,\"name\":\"Requisitos para comprometerse en l\u00ednea con las comunidades de la congregaci\u00f3n\"}]},{\"@type\":\"WebSite\",\"@id\":\"https:\/\/basilian.org\/es\/#website\",\"url\":\"https:\/\/basilian.org\/es\/\",\"name\":\"Padres Basilianos\",\"description\":\"Congregaci\u00f3n de San Basilio\",\"publisher\":{\"@id\":\"https:\/\/basilian.org\/es\/#organization\"},\"potentialAction\":[{\"@type\":\"SearchAction\",\"target\":{\"@type\":\"EntryPoint\",\"urlTemplate\":\"https:\/\/basilian.org\/es\/?s={search_term_string}\"},\"query-input\":\"required name=search_term_string\"}],\"inLanguage\":\"es-MX\"},{\"@type\":\"Organization\",\"@id\":\"https:\/\/basilian.org\/es\/#organization\",\"name\":\"Congregation of St. Basil\",\"url\":\"https:\/\/basilian.org\/es\/\",\"logo\":{\"@type\":\"ImageObject\",\"inLanguage\":\"es-MX\",\"@id\":\"https:\/\/basilian.org\/es\/#\/schema\/logo\/image\/\",\"url\":\"https:\/\/basilian.org\/wp-content\/uploads\/2020\/08\/basilian-crest-new2.png\",\"contentUrl\":\"https:\/\/basilian.org\/wp-content\/uploads\/2020\/08\/basilian-crest-new2.png\",\"width\":250,\"height\":250,\"caption\":\"Congregation of St. Basil\"},\"image\":{\"@id\":\"https:\/\/basilian.org\/es\/#\/schema\/logo\/image\/\"}}]}<\/script>\n<!-- \/ Yoast SEO plugin. -->","yoast_head_json":{"title":"Requisitos para comprometerse en l\u00ednea con las comunidades de la congregaci\u00f3n - Padres Basilianos - Congregaci\u00f3n de San Basilio","robots":{"index":"index","follow":"follow","max-snippet":"max-snippet:-1","max-image-preview":"max-image-preview:large","max-video-preview":"max-video-preview:-1"},"canonical":"https:\/\/basilian.org\/es\/requirements-for-engaging-with-the-congregations-online-communities\/","og_locale":"es_MX","og_type":"article","og_title":"Requisitos para comprometerse en l\u00ednea con las comunidades de la congregaci\u00f3n - Padres Basilianos - Congregaci\u00f3n de San Basilio","og_description":"El prop\u00f3sito de cualquier p\u00e1gina de medios sociales es proporcionar un foro interactivo en el que los lectores puedan reunir y discutir informaci\u00f3n sobre la amplia gama de temas que [&hellip;]","og_url":"https:\/\/basilian.org\/es\/requirements-for-engaging-with-the-congregations-online-communities\/","og_site_name":"Padres Basilianos","article_modified_time":"2022-10-11T17:25:31+00:00","twitter_card":"summary_large_image","twitter_misc":{"Tiempo de lectura":"1 minuto"},"schema":{"@context":"https:\/\/schema.org","@graph":[{"@type":"WebPage","@id":"https:\/\/basilian.org\/es\/requirements-for-engaging-with-the-congregations-online-communities\/","url":"https:\/\/basilian.org\/es\/requirements-for-engaging-with-the-congregations-online-communities\/","name":"Requisitos para comprometerse en l\u00ednea con las comunidades de la congregaci\u00f3n - Padres Basilianos - Congregaci\u00f3n de San Basilio","isPartOf":{"@id":"https:\/\/basilian.org\/es\/#website"},"datePublished":"2020-09-09T15:47:38+00:00","dateModified":"2022-10-11T17:25:31+00:00","breadcrumb":{"@id":"https:\/\/basilian.org\/es\/requirements-for-engaging-with-the-congregations-online-communities\/#breadcrumb"},"inLanguage":"es-MX","potentialAction":[{"@type":"ReadAction","target":["https:\/\/basilian.org\/es\/requirements-for-engaging-with-the-congregations-online-communities\/"]}]},{"@type":"BreadcrumbList","@id":"https:\/\/basilian.org\/es\/requirements-for-engaging-with-the-congregations-online-communities\/#breadcrumb","itemListElement":[{"@type":"ListItem","position":1,"name":"Home","item":"https:\/\/basilian.org\/es\/"},{"@type":"ListItem","position":2,"name":"Requisitos para comprometerse en l\u00ednea con las comunidades de la congregaci\u00f3n"}]},{"@type":"WebSite","@id":"https:\/\/basilian.org\/es\/#website","url":"https:\/\/basilian.org\/es\/","name":"Padres Basilianos","description":"Congregaci\u00f3n de San Basilio","publisher":{"@id":"https:\/\/basilian.org\/es\/#organization"},"potentialAction":[{"@type":"SearchAction","target":{"@type":"EntryPoint","urlTemplate":"https:\/\/basilian.org\/es\/?s={search_term_string}"},"query-input":"required name=search_term_string"}],"inLanguage":"es-MX"},{"@type":"Organization","@id":"https:\/\/basilian.org\/es\/#organization","name":"Congregation of St. Basil","url":"https:\/\/basilian.org\/es\/","logo":{"@type":"ImageObject","inLanguage":"es-MX","@id":"https:\/\/basilian.org\/es\/#\/schema\/logo\/image\/","url":"https:\/\/basilian.org\/wp-content\/uploads\/2020\/08\/basilian-crest-new2.png","contentUrl":"https:\/\/basilian.org\/wp-content\/uploads\/2020\/08\/basilian-crest-new2.png","width":250,"height":250,"caption":"Congregation of St. Basil"},"image":{"@id":"https:\/\/basilian.org\/es\/#\/schema\/logo\/image\/"}}]}},"uagb_featured_image_src":{"full":false,"thumbnail":false,"medium":false,"medium_large":false,"large":false,"wpbgallery_admin_thumb":false,"wpbgallery_thumb":false,"1536x1536":false,"2048x2048":false,"featured":false},"uagb_author_info":{"display_name":"Ilya Kovalevskiy","author_link":"https:\/\/basilian.org\/es\/author\/ilya_csb\/"},"uagb_comment_info":0,"uagb_excerpt":"El prop\u00f3sito de cualquier p\u00e1gina de medios sociales es proporcionar un foro interactivo en el que los lectores puedan reunir y discutir informaci\u00f3n sobre la amplia gama de temas que [&hellip;]","_links":{"self":[{"href":"https:\/\/basilian.org\/es\/wp-json\/wp\/v2\/pages\/468"}],"collection":[{"href":"https:\/\/basilian.org\/es\/wp-json\/wp\/v2\/pages"}],"about":[{"href":"https:\/\/basilian.org\/es\/wp-json\/wp\/v2\/types\/page"}],"author":[{"embeddable":true,"href":"https:\/\/basilian.org\/es\/wp-json\/wp\/v2\/users\/282"}],"replies":[{"embeddable":true,"href":"https:\/\/basilian.org\/es\/wp-json\/wp\/v2\/comments?post=468"}],"version-history":[{"count":3,"href":"https:\/\/basilian.org\/es\/wp-json\/wp\/v2\/pages\/468\/revisions"}],"predecessor-version":[{"id":9284,"href":"https:\/\/basilian.org\/es\/wp-json\/wp\/v2\/pages\/468\/revisions\/9284"}],"wp:attachment":[{"href":"https:\/\/basilian.org\/es\/wp-json\/wp\/v2\/media?parent=468"}],"curies":[{"name":"wp","href":"https:\/\/api.w.org\/{rel}","templated":true}]}}