{"id":453,"date":"2020-08-26T20:17:30","date_gmt":"2020-08-26T20:17:30","guid":{"rendered":"http:\/\/basilian.org\/accessability\/"},"modified":"2020-09-09T15:58:16","modified_gmt":"2020-09-09T15:58:16","slug":"accesibilidad","status":"publish","type":"page","link":"https:\/\/basilian.org\/es\/accesibilidad\/","title":{"rendered":"Accesibilidad"},"content":{"rendered":"<h2 class=\"p1\">Pol\u00edticas de accesibilidad de los Padres Basilianos de Toronto<\/h2>\n<p class=\"p1\">Los Padres Basilianos de Toronto poseen un compromiso con perfeccionar y mejorar la accesibilidad. Las siguientes pol\u00edticas est\u00e1n en sinton\u00eda con los requerimientos del \u201cActa de Accesibilidad para los residentes de Ontario\u201d<\/p>\n<p class=\"p1\">Los Padres Basilianos de Toronto tienen un compromiso con entrenar e informar de manera adecuada a sus funcionarios en cuanto a las leyes de accesibilidad de Ontario y en todos los aspectos del C\u00f3digo de Derechos Humanos que aplica para las personas que presenten alguna discapacidad. Este entrenamiento ser\u00e1 implementado de acuerdo a la disponibilidad y horarios de trabajo de los empleados y otros miembros que realicen labores en nuestras dependencias.<\/p>\n<p class=\"p1\">El compromiso de los Padres Basilianos es implementar canales de comunicaci\u00f3n para as\u00ed abarcar las necesidades de las personas con discapacidades o capacidades distintas. Cuando sean requeridas, disponemos de informaci\u00f3n y canales de comunicaci\u00f3n en formatos accesibles. Estos incluyen informaci\u00f3n de uso p\u00fablico referido a nuestros servicios, instalaciones, as\u00ed como informaci\u00f3n de emergencia disponible p\u00fablicamente.<\/p>\n<p class=\"p1\">Los Padres Basilianos de Toronto realizan consultas directamente con personas con capacidades distintas para determinar sus canales de informaci\u00f3n adecuados y sus necesidades comunicativas.<\/p>\n<p class=\"p1\">Los Padres Basilianos notificar\u00e1n al p\u00fablico en general y a los funcionarios que cuando as\u00ed sea requerido, acomodaremos las necesidades para recibir personas con discapacidades durante los procesos de reclutamiento, evaluaci\u00f3n y cuando se efect\u00faa la contrataci\u00f3n de personas. Si es necesario proveeremos informaci\u00f3n especializada para procedimientos de emergencia en los lugares de trabajo para personas con discapacidades.<\/p>\n<p class=\"p1\">Los Padres Basilianos de Toronto aplican los Est\u00e1ndares de Accesibilidad para el Dise\u00f1o de Espacios P\u00fablicos cuando se realizan ampliaciones en la construcci\u00f3n y modificaciones significativas en los espacios p\u00fablicos.<\/p>\n<h2 class=\"p2\">Plan de Servicio Accesible para el Cliente<\/h2>\n<p class=\"p1\">El Centro Basiliano Cardenal Flahiff est\u00e1 dividido en dos \u00e1reas. El \u00e1rea oeste, donde los pisos 1-4 son residencias privadas y no est\u00e1n abiertos al p\u00fablico. Los pisos del \u00e1rea este son espacios rentados y se encuentran abiertos para el uso p\u00fablico y m\u00e1s espec\u00edficamente para los arrendatarios y sus clientes.<\/p>\n<p class=\"p1\">Esta pol\u00edtica indica espec\u00edficamente que que el \u00e1rea del Centro Basiliano Cardenal Flahiff se encuentra disponible para ser arrendada y es utilizada por nuestros \u201cclientes\u201d.<\/p>\n","protected":false},"excerpt":{"rendered":"<p>Pol\u00edticas de accesibilidad de los Padres Basilianos de Toronto Los Padres Basilianos de Toronto poseen un compromiso con perfeccionar y mejorar la accesibilidad. Las siguientes pol\u00edticas est\u00e1n en sinton\u00eda con [&hellip;]<\/p>\n","protected":false},"author":282,"featured_media":0,"parent":0,"menu_order":0,"comment_status":"closed","ping_status":"closed","template":"","meta":{"_bbp_topic_count":0,"_bbp_reply_count":0,"_bbp_total_topic_count":0,"_bbp_total_reply_count":0,"_bbp_voice_count":0,"_bbp_anonymous_reply_count":0,"_bbp_topic_count_hidden":0,"_bbp_reply_count_hidden":0,"_bbp_forum_subforum_count":0,"_uag_custom_page_level_css":"","footnotes":""},"acf":[],"yoast_head":"<!-- This site is optimized with the Yoast SEO plugin v20.3 - https:\/\/yoast.com\/wordpress\/plugins\/seo\/ -->\n<title>Accesibilidad - Padres Basilianos - Congregaci\u00f3n de San Basilio<\/title>\n<meta name=\"robots\" content=\"index, follow, max-snippet:-1, max-image-preview:large, max-video-preview:-1\" \/>\n<link rel=\"canonical\" href=\"https:\/\/basilian.org\/es\/accesibilidad\/\" \/>\n<meta property=\"og:locale\" content=\"es_MX\" \/>\n<meta property=\"og:type\" content=\"article\" \/>\n<meta property=\"og:title\" content=\"Accesibilidad - Padres Basilianos - Congregaci\u00f3n de San Basilio\" \/>\n<meta property=\"og:description\" content=\"Pol\u00edticas de accesibilidad de los Padres Basilianos de Toronto Los Padres Basilianos de Toronto poseen un compromiso con perfeccionar y mejorar la accesibilidad. Las siguientes pol\u00edticas est\u00e1n en sinton\u00eda con [&hellip;]\" \/>\n<meta property=\"og:url\" content=\"https:\/\/basilian.org\/es\/accesibilidad\/\" \/>\n<meta property=\"og:site_name\" content=\"Padres Basilianos\" \/>\n<meta property=\"article:modified_time\" content=\"2020-09-09T15:58:16+00:00\" \/>\n<meta name=\"twitter:card\" content=\"summary_large_image\" \/>\n<meta name=\"twitter:label1\" content=\"Tiempo de lectura\" \/>\n\t<meta name=\"twitter:data1\" content=\"2 minutos\" \/>\n<script type=\"application\/ld+json\" class=\"yoast-schema-graph\">{\"@context\":\"https:\/\/schema.org\",\"@graph\":[{\"@type\":\"WebPage\",\"@id\":\"https:\/\/basilian.org\/es\/accesibilidad\/\",\"url\":\"https:\/\/basilian.org\/es\/accesibilidad\/\",\"name\":\"Accesibilidad - Padres Basilianos - Congregaci\u00f3n de San Basilio\",\"isPartOf\":{\"@id\":\"https:\/\/basilian.org\/es\/#website\"},\"datePublished\":\"2020-08-26T20:17:30+00:00\",\"dateModified\":\"2020-09-09T15:58:16+00:00\",\"breadcrumb\":{\"@id\":\"https:\/\/basilian.org\/es\/accesibilidad\/#breadcrumb\"},\"inLanguage\":\"es-MX\",\"potentialAction\":[{\"@type\":\"ReadAction\",\"target\":[\"https:\/\/basilian.org\/es\/accesibilidad\/\"]}]},{\"@type\":\"BreadcrumbList\",\"@id\":\"https:\/\/basilian.org\/es\/accesibilidad\/#breadcrumb\",\"itemListElement\":[{\"@type\":\"ListItem\",\"position\":1,\"name\":\"Home\",\"item\":\"https:\/\/basilian.org\/es\/\"},{\"@type\":\"ListItem\",\"position\":2,\"name\":\"Accesibilidad\"}]},{\"@type\":\"WebSite\",\"@id\":\"https:\/\/basilian.org\/es\/#website\",\"url\":\"https:\/\/basilian.org\/es\/\",\"name\":\"Padres Basilianos\",\"description\":\"Congregaci\u00f3n de San Basilio\",\"publisher\":{\"@id\":\"https:\/\/basilian.org\/es\/#organization\"},\"potentialAction\":[{\"@type\":\"SearchAction\",\"target\":{\"@type\":\"EntryPoint\",\"urlTemplate\":\"https:\/\/basilian.org\/es\/?s={search_term_string}\"},\"query-input\":\"required name=search_term_string\"}],\"inLanguage\":\"es-MX\"},{\"@type\":\"Organization\",\"@id\":\"https:\/\/basilian.org\/es\/#organization\",\"name\":\"Congregation of St. Basil\",\"url\":\"https:\/\/basilian.org\/es\/\",\"logo\":{\"@type\":\"ImageObject\",\"inLanguage\":\"es-MX\",\"@id\":\"https:\/\/basilian.org\/es\/#\/schema\/logo\/image\/\",\"url\":\"https:\/\/basilian.org\/wp-content\/uploads\/2020\/08\/basilian-crest-new2.png\",\"contentUrl\":\"https:\/\/basilian.org\/wp-content\/uploads\/2020\/08\/basilian-crest-new2.png\",\"width\":250,\"height\":250,\"caption\":\"Congregation of St. Basil\"},\"image\":{\"@id\":\"https:\/\/basilian.org\/es\/#\/schema\/logo\/image\/\"}}]}<\/script>\n<!-- \/ Yoast SEO plugin. -->","yoast_head_json":{"title":"Accesibilidad - Padres Basilianos - Congregaci\u00f3n de San Basilio","robots":{"index":"index","follow":"follow","max-snippet":"max-snippet:-1","max-image-preview":"max-image-preview:large","max-video-preview":"max-video-preview:-1"},"canonical":"https:\/\/basilian.org\/es\/accesibilidad\/","og_locale":"es_MX","og_type":"article","og_title":"Accesibilidad - Padres Basilianos - Congregaci\u00f3n de San Basilio","og_description":"Pol\u00edticas de accesibilidad de los Padres Basilianos de Toronto Los Padres Basilianos de Toronto poseen un compromiso con perfeccionar y mejorar la accesibilidad. Las siguientes pol\u00edticas est\u00e1n en sinton\u00eda con [&hellip;]","og_url":"https:\/\/basilian.org\/es\/accesibilidad\/","og_site_name":"Padres Basilianos","article_modified_time":"2020-09-09T15:58:16+00:00","twitter_card":"summary_large_image","twitter_misc":{"Tiempo de lectura":"2 minutos"},"schema":{"@context":"https:\/\/schema.org","@graph":[{"@type":"WebPage","@id":"https:\/\/basilian.org\/es\/accesibilidad\/","url":"https:\/\/basilian.org\/es\/accesibilidad\/","name":"Accesibilidad - Padres Basilianos - Congregaci\u00f3n de San Basilio","isPartOf":{"@id":"https:\/\/basilian.org\/es\/#website"},"datePublished":"2020-08-26T20:17:30+00:00","dateModified":"2020-09-09T15:58:16+00:00","breadcrumb":{"@id":"https:\/\/basilian.org\/es\/accesibilidad\/#breadcrumb"},"inLanguage":"es-MX","potentialAction":[{"@type":"ReadAction","target":["https:\/\/basilian.org\/es\/accesibilidad\/"]}]},{"@type":"BreadcrumbList","@id":"https:\/\/basilian.org\/es\/accesibilidad\/#breadcrumb","itemListElement":[{"@type":"ListItem","position":1,"name":"Home","item":"https:\/\/basilian.org\/es\/"},{"@type":"ListItem","position":2,"name":"Accesibilidad"}]},{"@type":"WebSite","@id":"https:\/\/basilian.org\/es\/#website","url":"https:\/\/basilian.org\/es\/","name":"Padres Basilianos","description":"Congregaci\u00f3n de San Basilio","publisher":{"@id":"https:\/\/basilian.org\/es\/#organization"},"potentialAction":[{"@type":"SearchAction","target":{"@type":"EntryPoint","urlTemplate":"https:\/\/basilian.org\/es\/?s={search_term_string}"},"query-input":"required name=search_term_string"}],"inLanguage":"es-MX"},{"@type":"Organization","@id":"https:\/\/basilian.org\/es\/#organization","name":"Congregation of St. Basil","url":"https:\/\/basilian.org\/es\/","logo":{"@type":"ImageObject","inLanguage":"es-MX","@id":"https:\/\/basilian.org\/es\/#\/schema\/logo\/image\/","url":"https:\/\/basilian.org\/wp-content\/uploads\/2020\/08\/basilian-crest-new2.png","contentUrl":"https:\/\/basilian.org\/wp-content\/uploads\/2020\/08\/basilian-crest-new2.png","width":250,"height":250,"caption":"Congregation of St. Basil"},"image":{"@id":"https:\/\/basilian.org\/es\/#\/schema\/logo\/image\/"}}]}},"uagb_featured_image_src":{"full":false,"thumbnail":false,"medium":false,"medium_large":false,"large":false,"wpbgallery_admin_thumb":false,"wpbgallery_thumb":false,"1536x1536":false,"2048x2048":false,"featured":false},"uagb_author_info":{"display_name":"Ilya Kovalevskiy","author_link":"https:\/\/basilian.org\/es\/author\/ilya_csb\/"},"uagb_comment_info":0,"uagb_excerpt":"Pol\u00edticas de accesibilidad de los Padres Basilianos de Toronto Los Padres Basilianos de Toronto poseen un compromiso con perfeccionar y mejorar la accesibilidad. Las siguientes pol\u00edticas est\u00e1n en sinton\u00eda con [&hellip;]","_links":{"self":[{"href":"https:\/\/basilian.org\/es\/wp-json\/wp\/v2\/pages\/453"}],"collection":[{"href":"https:\/\/basilian.org\/es\/wp-json\/wp\/v2\/pages"}],"about":[{"href":"https:\/\/basilian.org\/es\/wp-json\/wp\/v2\/types\/page"}],"author":[{"embeddable":true,"href":"https:\/\/basilian.org\/es\/wp-json\/wp\/v2\/users\/282"}],"replies":[{"embeddable":true,"href":"https:\/\/basilian.org\/es\/wp-json\/wp\/v2\/comments?post=453"}],"version-history":[{"count":3,"href":"https:\/\/basilian.org\/es\/wp-json\/wp\/v2\/pages\/453\/revisions"}],"predecessor-version":[{"id":472,"href":"https:\/\/basilian.org\/es\/wp-json\/wp\/v2\/pages\/453\/revisions\/472"}],"wp:attachment":[{"href":"https:\/\/basilian.org\/es\/wp-json\/wp\/v2\/media?parent=453"}],"curies":[{"name":"wp","href":"https:\/\/api.w.org\/{rel}","templated":true}]}}