{"id":440,"date":"2020-08-07T13:52:06","date_gmt":"2020-08-07T13:52:06","guid":{"rendered":"http:\/\/basilian.org\/privacy-policy\/"},"modified":"2021-01-27T11:29:37","modified_gmt":"2021-01-27T16:29:37","slug":"politica-de-privacidad","status":"publish","type":"page","link":"https:\/\/basilian.org\/es\/politica-de-privacidad\/","title":{"rendered":"Pol\u00edtica de Privacidad"},"content":{"rendered":"<p class=\"p1\">Los Padres Basilianos de Toronto son una comunidad de sacerdotes y estudiantes de sacerdocio que est\u00e1n comprometidos de muchas maneras en la actividad sacerdotal, especialmente en lo relacionado a la educaci\u00f3n y evangelizaci\u00f3n<\/p>\n<p class=\"p1\">Estamos comprometidos en proteger la privacidad de nuestra comunidad y partes interesadas de quienes se colecte informaci\u00f3n personal en el transcurso de la realizaci\u00f3n de todas sus actividades.<\/p>\n<p class=\"p1\">La Congregaci\u00f3n se adhiere a la ley o Acta de Protecci\u00f3n de Informaci\u00f3n Personal y Documentos Electr\u00f3nicos (PIPEDA, en sus siglas en ingl\u00e9s)<\/p>\n<p class=\"p1\">PIPEDA y otras legislaciones aplicables aseguran que toda la informaci\u00f3n personal es recopilada apropiadamente, es usada s\u00f3lo con el prop\u00f3sito por la cual fue incorporada y es eliminada de manera segura y oportuna cuando ya no es necesaria.<\/p>\n<p class=\"p1\">PIPEDA define la informaci\u00f3n personal como cualquiera que se refiera para identificar a un individuo, tales como el nombre, domicilio o n\u00famero telef\u00f3nico. Sin embargo no cubre el nombre, t\u00edtulo, domicilio de negocios o tel\u00e9fono de negocios de un funcionario o una organizaci\u00f3n. Seguimos y cumplimos esta definici\u00f3n.<\/p>\n<p class=\"p1\">Todos los miembros de nuestra comunidad incluyendo los que se encuentran realizando sus votos, novicios, candidatos, asociados, empleados, voluntarios y contratistas, que recopilan, utilizan o divulgan informaci\u00f3n personal para los Padres Basilianos de Toronto deben seguir los diez principios que se describen a continuaci\u00f3n<\/p>\n<h2>1. Responsabilidad<\/h2>\n<p class=\"p1\">Somos los encargados y responsables de mantener y proteger la informaci\u00f3n personal recopilada a trav\u00e9s de nuestras oficinas, ministerios y p\u00e1gina web. Se les pedir\u00e1 a las personas que revisen y firmen un formulario de consentimiento antes de que cualquier informaci\u00f3n personal se divulgue a terceros con el fin de proporcionar servicios mejorados o de otra manera.<\/p>\n<p class=\"p1\">Hemos designado un oficial de privacidad quien es responsable de asegurar el buen funcionamiento de esta pol\u00edtica de privacidad.<\/p>\n<p class=\"p1\">Padre Norman Tanck, CSB<br \/>\nOficial de Privacidad<br \/>\n95 St. Joseph Street<br \/>\nCardinal Flahiff Basilian Centre<br \/>\nToronto, ON M5S 2R9<\/p>\n<h2>2. Prop\u00f3sito de Identificaci\u00f3n<\/h2>\n<p class=\"p1\">Los Padres Basilianos de Toronto recopilan y emplean informaci\u00f3n personal por varios prop\u00f3sitos, incluyendo pero no limit\u00e1ndose en los siguientes puntos:<\/p>\n<ol type=\"a\">\n<li>\n<p class=\"p1\">Proveer servicios entre sus varios ministerios y sus miembros<\/p>\n<\/li>\n<li>\n<p class=\"p1\">Informaci\u00f3n voluntaria que se involucra con el empleo, n\u00f3mina de salario y beneficios<\/p>\n<\/li>\n<li>\n<p class=\"p1\">Informaci\u00f3n voluntaria relacionada con el reclutamiento de voluntarios<\/p>\n<\/li>\n<li>\n<p class=\"p1\">Informaci\u00f3n voluntaria de los donantes con el prop\u00f3sito de extender un recibo para impuestos y mantener activa una lista de donantes.<\/p>\n<\/li>\n<\/ol>\n<h3 class=\"p1\">Utilizando nuestro Sitio Web<\/h3>\n<p class=\"p1\">Se puede emplear nuestro sitio web sin necesidad de entregar informaci\u00f3n personal. Cualquier informaci\u00f3n privada que el visitor voluntariamente entregue con el prop\u00f3sito de recibir boletines informativos electr\u00f3nicos y\/o completar nuestros formularios de aplicaci\u00f3n en l\u00ednea no es compartido con otras partes a menos que se indique lo contrario. Nos aseguramos que la informaci\u00f3n personal permanezca confidencial.<\/p>\n<p class=\"p1\">Cualquier informaci\u00f3n personal recabada es obtenida de manera legal y justa. La informaci\u00f3n personal recolectada ser\u00e1 limitada en la medida de lo posible a la que sea necesaria para identificados al tiempo en que fue recibida. Cuando la informaci\u00f3n personal es entregada de manera voluntaria hacia nosotros, se intenta limitar dicha entrega de informaci\u00f3n personal con el prop\u00f3sito preciso para el cual fue brindada voluntariamente.<\/p>\n<h3 class=\"p1\">Gu\u00eda sobre el uso de \u201cCookies\u201d<\/h3>\n<p class=\"p1\">Una \u201ccookie\u201d es un archivo de texto peque\u00f1o que contiene un n\u00famero de identificaci\u00f3n que es transferido desde el sitio web hacia el disco duro de un computador de modo que el sitio web logre identificar separadamente a los visitantes y seguir la trayectoria o historial en el sitio web. Una \u201ccookie\u201d no permitir\u00e1 que el sitio web reconozca informaci\u00f3n personal como el nombre real o direcci\u00f3n.<\/p>\n<p class=\"p1\">Utilizamos a las \u201ccookies\u201d s\u00f3lo con el prop\u00f3sito de mantener un registro del n\u00famero de visitantes a nuestra p\u00e1gina web y con qu\u00e9 frecuencia nuestros sitios electr\u00f3nicos son visitados. Los movimientos individuales de los usuarios no pueden ser seguidos mientras se encuentran visitando Basilian.org. Las \u201cCookies\u201d son utilizadas solamente para determinar la popularidad de la p\u00e1gina con un prop\u00f3sito estad\u00edstico para mejorar la calidad del sitio y reconocer las necesidades. (Para m\u00e1s informaci\u00f3n respecto a las \u201ccookies\u201d se puede revisar la configuraci\u00f3n del navegador).<\/p>\n<h3 class=\"p1\">Enlaces en nuestra P\u00e1gina Web<\/h3>\n<p class=\"p1\">Queremos que la experiencia de visitar nuestra p\u00e1gina web sea informativa y \u00fatil, nuestro sitio web tambi\u00e9n provee un n\u00famero de conexiones hacia otros enlaces de terceros. Los Padres Basilianos De Toronto no asumen ninguna responsabilidad por los contenidos que se pueden acceder a trav\u00e9s de nuestra p\u00e1gina. Recomendamos revisar la pol\u00edtica de privacidad de cada sitio antes de entregar cualquiera informaci\u00f3n considerada como privada.<\/p>\n<h2>3. Consentimiento<\/h2>\n<p class=\"p1\">La \u00fanica informaci\u00f3n personal que recibimos es bajo el conocimiento y el consentimiento de la persona. Se puede escoger no entregar informaci\u00f3n personal requerida por nosotros. Sin embargo dicha decisi\u00f3n podr\u00eda derivar en la posibilidad en nuestra inhabilidad para proveer nuestros servicios. En el mismo sentido, se puede optar por retirar el consentimiento del uso o divulgaci\u00f3n de su informaci\u00f3n personal en cualquier momento, sujeto a cualquier requisito legal y aviso razonable.<\/p>\n<h2 class=\"p1\"><span class=\"s1\">4. <\/span>Limitaciones de la recolecci\u00f3n de informaci\u00f3n personal<\/h2>\n<p class=\"p1\">El monto y tipo de informaci\u00f3n que los Padres Basilianos de Toronto recolectan se limita en lo que se considera necesario para lograr prop\u00f3sitos ya identificados. Preguntaremos la informaci\u00f3n requerida directamente a la persona. La Informaci\u00f3n personal ser\u00e1 recopilada utilizando procedimientos que son justos, transparentes y amparados por la legislaci\u00f3n vigente. La persona puede escoger proveer su informaci\u00f3n privada en la medida en que sienta que sea oportuna o adecuada para \u00e9l o ella.<\/p>\n<p class=\"p1\">Como se indic\u00f3 en el principio 3, la decisi\u00f3n de retener alguna informaci\u00f3n personal podr\u00eda derivar en la imposibilidad de proveer nuestros servicios.<\/p>\n<h2 class=\"p1\"><span class=\"s1\">5. <\/span>Limitaci\u00f3n de uso, divulgaci\u00f3n y retenci\u00f3n<\/h2>\n<p class=\"p1\">Los Padres Basilianos de Toronto utilizar\u00e1n la informaci\u00f3n personal s\u00f3lo bajo los prop\u00f3sitos por los cuales fue obtenida. La informaci\u00f3n personal no ser\u00e1 divulgada sin el consentimiento o conocimiento de la persona a no ser que sea permitida o requerida por la legislaci\u00f3n vigente. La informaci\u00f3n personal permanecer\u00e1 con nosotros s\u00f3lo el tiempo que sea necesario de acuerdo a los prop\u00f3sitos por los cuales fue obtenida y respecto a la legislaci\u00f3n referida a la retenci\u00f3n de informaci\u00f3n. Si los prop\u00f3sitos del uso de la informaci\u00f3n personal han sido caducados, procedemos a destruir dicha informaci\u00f3n o hacer que no sea identificable.<\/p>\n<h2 class=\"p1\"><span class=\"s1\">6. <\/span>Exactitud<\/h2>\n<p class=\"p1\">Para asegurar la confiabilidad en la entrega de servicios e informaci\u00f3n los datos personales se mantendr\u00e1n precisos, completos y actualizados. Asumimos que la informaci\u00f3n provista por la persona es exacta. Si alg\u00fan dato de la informaci\u00f3n personal cambia, esperamos que esto sea informado inmediatamente. Si la persona nos contacta con este prop\u00f3sito, tomaremos los pasos apropiados para actualizar la informaci\u00f3n personal de manera correcta<\/p>\n<h2 class=\"p1\"><span class=\"s1\">7. <\/span>Salvaguardias, Garant\u00edas<\/h2>\n<p class=\"p1\">Los Padres Basilianos de Toronto emplean un n\u00famero de salvaguardias para proteger la informaci\u00f3n personal ante una p\u00e9rdida o sustracci\u00f3n as\u00ed como tambi\u00e9n de posibles accesos no autorizados, divulgaci\u00f3n, copia, uso o modificaci\u00f3n. Dichas salvaguardias incluyen medidas f\u00edsicas, por ejemplo gabinetes cerrados, acceso restringido a las oficinas as\u00ed como tambi\u00e9n el acceso limitado a la la base de los datos necesarios para ser conocidos. Procedimientos para implementar dichas medidas son comunicados a todos los empleados para asegurar el cumplimiento de este principio.<\/p>\n<h2 class=\"p1\"><span class=\"s1\">8. <\/span>Franqueza<\/h2>\n<p class=\"p1\">Los Padres Basilianos de Toronto poseen una clara y espec\u00edfica informaci\u00f3n acerca de nuestras pol\u00edticas relacionadas al manejo de la informaci\u00f3n personal y se encuentra disponible para ser le\u00edda. Nuestra pol\u00edtica se encuentra accesible p\u00fablicamente en la p\u00e1gina web de los Padres Basilianos, www.basilian.org, bajo el t\u00edtulo &#8216;Cont\u00e1ctano&#8217; &lt;<a href=\"https:\/\/basilian.org\/es\/contacto\/\">basilian.org\/es\/contacto<\/a>&gt;.<\/p>\n<h2 class=\"p1\"><span class=\"s1\">9. <\/span>Acceso Individual<\/h2>\n<p class=\"p1\">Bajo requerimiento le informaremos a la persona si disponemos de alguna informaci\u00f3n personal y proveeremos el acceso a dicha informaci\u00f3n a la persona involucrada. Del mismo modo, si se dispone de informaci\u00f3n acerca de la persona le ser\u00e1 comunicada sumando los prop\u00f3sitos bajo los cuales est\u00e1 siendo utilizada, si es que la situaci\u00f3n es aplicable<\/p>\n<p class=\"p1\">La persona tiene el derecho a actualizar cualquier informaci\u00f3n personal que nosotros tengamos. La persona debe revisar todos los contenidos de la informaci\u00f3n que se encuentra en nuestros archivos y realizar una petici\u00f3n formal para este prop\u00f3sito por correo electr\u00f3nico a: Usted deber\u00eda efectuar un requerimiento formal por escrito o enviar por correo a la siguiente direcci\u00f3n:<\/p>\n<p class=\"p1\">Padre Norman Tanck, CSB<br \/>\nOficial de Privacidad<br \/>\n95 St. Joseph Street<br \/>\nCentro Basiliano Cardenal Flahiff<br \/>\nToronto, ON M5S 2R9<\/p>\n<p class=\"p1\">Este requerimiento ser\u00e1 respondido en el lapso de 30 d\u00edas tras ser recibida esta petici\u00f3n escrita o se pedir\u00e1 una extensi\u00f3n de tiempo de parte nuestra para proveer una adecuada atenci\u00f3n a este requerimiento. Una extensi\u00f3n al per\u00edodo de 30 d\u00edas es permitido por la legislaci\u00f3n vigente referida a la privacidad<\/p>\n<h2 class=\"p1\"><span class=\"s1\">10. <\/span>Cumplimiento o conformidad a la normativa<\/h2>\n<p class=\"p1\">Si por alguna raz\u00f3n la persona tiene preocupaciones acerca de nuestra pol\u00edtica de privacidad, esta puede contactar a nuestro Oficial de Privacidad de manera escrita por correo electr\u00f3nico:<\/p>\n<p class=\"p1\">Padre Norman Tanck, CSB<br \/>\nOficial de Privacidad<br \/>\n95 St. Joseph Street<br \/>\nCardinal Flahiff Basilian Centre<br \/>\nToronto, ON M5S 2R9<\/p>\n<p class=\"p1\">Los Padres Basilianos de Toronto poseen procedimientos y pol\u00edticas para recibir, investigar y responder las quejas o requerimientos de los individuos Si la persona no se encuentra satisfecha con la manera en que hemos respondido ante una queja, se puede contactar al Comisionado de Privacidad de Canad\u00e1. Esta pol\u00edtica de privacidad est\u00e1 sujeta a ser actualizada en determinados tiempos. Dichos cambios en la pol\u00edtica de privacidad ser\u00e1n publicados en este sitio.<\/p>\n<p class=\"p1\"><em>Esta pol\u00edtica fue revisada por \u00faltima vez el 18 de mayo de 2016<\/em><\/p>\n","protected":false},"excerpt":{"rendered":"<p>Los Padres Basilianos de Toronto son una comunidad de sacerdotes y estudiantes de sacerdocio que est\u00e1n comprometidos de muchas maneras en la actividad sacerdotal, especialmente en lo relacionado a la [&hellip;]<\/p>\n","protected":false},"author":282,"featured_media":0,"parent":0,"menu_order":0,"comment_status":"closed","ping_status":"closed","template":"","meta":{"_bbp_topic_count":0,"_bbp_reply_count":0,"_bbp_total_topic_count":0,"_bbp_total_reply_count":0,"_bbp_voice_count":0,"_bbp_anonymous_reply_count":0,"_bbp_topic_count_hidden":0,"_bbp_reply_count_hidden":0,"_bbp_forum_subforum_count":0,"_uag_custom_page_level_css":"","footnotes":""},"acf":[],"yoast_head":"<!-- This site is optimized with the Yoast SEO plugin v20.3 - https:\/\/yoast.com\/wordpress\/plugins\/seo\/ -->\n<title>Pol\u00edtica de Privacidad - Padres Basilianos - Congregaci\u00f3n de San Basilio<\/title>\n<meta name=\"robots\" content=\"index, follow, max-snippet:-1, max-image-preview:large, max-video-preview:-1\" \/>\n<link rel=\"canonical\" href=\"https:\/\/basilian.org\/es\/politica-de-privacidad\/\" \/>\n<meta property=\"og:locale\" content=\"es_MX\" \/>\n<meta property=\"og:type\" content=\"article\" \/>\n<meta property=\"og:title\" content=\"Pol\u00edtica de Privacidad - Padres Basilianos - Congregaci\u00f3n de San Basilio\" \/>\n<meta property=\"og:description\" content=\"Los Padres Basilianos de Toronto son una comunidad de sacerdotes y estudiantes de sacerdocio que est\u00e1n comprometidos de muchas maneras en la actividad sacerdotal, especialmente en lo relacionado a la [&hellip;]\" \/>\n<meta property=\"og:url\" content=\"https:\/\/basilian.org\/es\/politica-de-privacidad\/\" \/>\n<meta property=\"og:site_name\" content=\"Padres Basilianos\" \/>\n<meta property=\"article:modified_time\" content=\"2021-01-27T16:29:37+00:00\" \/>\n<meta name=\"twitter:card\" content=\"summary_large_image\" \/>\n<meta name=\"twitter:label1\" content=\"Tiempo de lectura\" \/>\n\t<meta name=\"twitter:data1\" content=\"9 minutos\" \/>\n<script type=\"application\/ld+json\" class=\"yoast-schema-graph\">{\"@context\":\"https:\/\/schema.org\",\"@graph\":[{\"@type\":\"WebPage\",\"@id\":\"https:\/\/basilian.org\/es\/politica-de-privacidad\/\",\"url\":\"https:\/\/basilian.org\/es\/politica-de-privacidad\/\",\"name\":\"Pol\u00edtica de Privacidad - Padres Basilianos - Congregaci\u00f3n de San Basilio\",\"isPartOf\":{\"@id\":\"https:\/\/basilian.org\/es\/#website\"},\"datePublished\":\"2020-08-07T13:52:06+00:00\",\"dateModified\":\"2021-01-27T16:29:37+00:00\",\"breadcrumb\":{\"@id\":\"https:\/\/basilian.org\/es\/politica-de-privacidad\/#breadcrumb\"},\"inLanguage\":\"es-MX\",\"potentialAction\":[{\"@type\":\"ReadAction\",\"target\":[\"https:\/\/basilian.org\/es\/politica-de-privacidad\/\"]}]},{\"@type\":\"BreadcrumbList\",\"@id\":\"https:\/\/basilian.org\/es\/politica-de-privacidad\/#breadcrumb\",\"itemListElement\":[{\"@type\":\"ListItem\",\"position\":1,\"name\":\"Home\",\"item\":\"https:\/\/basilian.org\/es\/\"},{\"@type\":\"ListItem\",\"position\":2,\"name\":\"Pol\u00edtica de Privacidad\"}]},{\"@type\":\"WebSite\",\"@id\":\"https:\/\/basilian.org\/es\/#website\",\"url\":\"https:\/\/basilian.org\/es\/\",\"name\":\"Padres Basilianos\",\"description\":\"Congregaci\u00f3n de San Basilio\",\"publisher\":{\"@id\":\"https:\/\/basilian.org\/es\/#organization\"},\"potentialAction\":[{\"@type\":\"SearchAction\",\"target\":{\"@type\":\"EntryPoint\",\"urlTemplate\":\"https:\/\/basilian.org\/es\/?s={search_term_string}\"},\"query-input\":\"required name=search_term_string\"}],\"inLanguage\":\"es-MX\"},{\"@type\":\"Organization\",\"@id\":\"https:\/\/basilian.org\/es\/#organization\",\"name\":\"Congregation of St. Basil\",\"url\":\"https:\/\/basilian.org\/es\/\",\"logo\":{\"@type\":\"ImageObject\",\"inLanguage\":\"es-MX\",\"@id\":\"https:\/\/basilian.org\/es\/#\/schema\/logo\/image\/\",\"url\":\"https:\/\/basilian.org\/wp-content\/uploads\/2020\/08\/basilian-crest-new2.png\",\"contentUrl\":\"https:\/\/basilian.org\/wp-content\/uploads\/2020\/08\/basilian-crest-new2.png\",\"width\":250,\"height\":250,\"caption\":\"Congregation of St. Basil\"},\"image\":{\"@id\":\"https:\/\/basilian.org\/es\/#\/schema\/logo\/image\/\"}}]}<\/script>\n<!-- \/ Yoast SEO plugin. -->","yoast_head_json":{"title":"Pol\u00edtica de Privacidad - Padres Basilianos - Congregaci\u00f3n de San Basilio","robots":{"index":"index","follow":"follow","max-snippet":"max-snippet:-1","max-image-preview":"max-image-preview:large","max-video-preview":"max-video-preview:-1"},"canonical":"https:\/\/basilian.org\/es\/politica-de-privacidad\/","og_locale":"es_MX","og_type":"article","og_title":"Pol\u00edtica de Privacidad - Padres Basilianos - Congregaci\u00f3n de San Basilio","og_description":"Los Padres Basilianos de Toronto son una comunidad de sacerdotes y estudiantes de sacerdocio que est\u00e1n comprometidos de muchas maneras en la actividad sacerdotal, especialmente en lo relacionado a la [&hellip;]","og_url":"https:\/\/basilian.org\/es\/politica-de-privacidad\/","og_site_name":"Padres Basilianos","article_modified_time":"2021-01-27T16:29:37+00:00","twitter_card":"summary_large_image","twitter_misc":{"Tiempo de lectura":"9 minutos"},"schema":{"@context":"https:\/\/schema.org","@graph":[{"@type":"WebPage","@id":"https:\/\/basilian.org\/es\/politica-de-privacidad\/","url":"https:\/\/basilian.org\/es\/politica-de-privacidad\/","name":"Pol\u00edtica de Privacidad - Padres Basilianos - Congregaci\u00f3n de San Basilio","isPartOf":{"@id":"https:\/\/basilian.org\/es\/#website"},"datePublished":"2020-08-07T13:52:06+00:00","dateModified":"2021-01-27T16:29:37+00:00","breadcrumb":{"@id":"https:\/\/basilian.org\/es\/politica-de-privacidad\/#breadcrumb"},"inLanguage":"es-MX","potentialAction":[{"@type":"ReadAction","target":["https:\/\/basilian.org\/es\/politica-de-privacidad\/"]}]},{"@type":"BreadcrumbList","@id":"https:\/\/basilian.org\/es\/politica-de-privacidad\/#breadcrumb","itemListElement":[{"@type":"ListItem","position":1,"name":"Home","item":"https:\/\/basilian.org\/es\/"},{"@type":"ListItem","position":2,"name":"Pol\u00edtica de Privacidad"}]},{"@type":"WebSite","@id":"https:\/\/basilian.org\/es\/#website","url":"https:\/\/basilian.org\/es\/","name":"Padres Basilianos","description":"Congregaci\u00f3n de San Basilio","publisher":{"@id":"https:\/\/basilian.org\/es\/#organization"},"potentialAction":[{"@type":"SearchAction","target":{"@type":"EntryPoint","urlTemplate":"https:\/\/basilian.org\/es\/?s={search_term_string}"},"query-input":"required name=search_term_string"}],"inLanguage":"es-MX"},{"@type":"Organization","@id":"https:\/\/basilian.org\/es\/#organization","name":"Congregation of St. Basil","url":"https:\/\/basilian.org\/es\/","logo":{"@type":"ImageObject","inLanguage":"es-MX","@id":"https:\/\/basilian.org\/es\/#\/schema\/logo\/image\/","url":"https:\/\/basilian.org\/wp-content\/uploads\/2020\/08\/basilian-crest-new2.png","contentUrl":"https:\/\/basilian.org\/wp-content\/uploads\/2020\/08\/basilian-crest-new2.png","width":250,"height":250,"caption":"Congregation of St. Basil"},"image":{"@id":"https:\/\/basilian.org\/es\/#\/schema\/logo\/image\/"}}]}},"uagb_featured_image_src":{"full":false,"thumbnail":false,"medium":false,"medium_large":false,"large":false,"wpbgallery_admin_thumb":false,"wpbgallery_thumb":false,"1536x1536":false,"2048x2048":false,"featured":false},"uagb_author_info":{"display_name":"Ilya Kovalevskiy","author_link":"https:\/\/basilian.org\/es\/author\/ilya_csb\/"},"uagb_comment_info":0,"uagb_excerpt":"Los Padres Basilianos de Toronto son una comunidad de sacerdotes y estudiantes de sacerdocio que est\u00e1n comprometidos de muchas maneras en la actividad sacerdotal, especialmente en lo relacionado a la [&hellip;]","_links":{"self":[{"href":"https:\/\/basilian.org\/es\/wp-json\/wp\/v2\/pages\/440"}],"collection":[{"href":"https:\/\/basilian.org\/es\/wp-json\/wp\/v2\/pages"}],"about":[{"href":"https:\/\/basilian.org\/es\/wp-json\/wp\/v2\/types\/page"}],"author":[{"embeddable":true,"href":"https:\/\/basilian.org\/es\/wp-json\/wp\/v2\/users\/282"}],"replies":[{"embeddable":true,"href":"https:\/\/basilian.org\/es\/wp-json\/wp\/v2\/comments?post=440"}],"version-history":[{"count":5,"href":"https:\/\/basilian.org\/es\/wp-json\/wp\/v2\/pages\/440\/revisions"}],"predecessor-version":[{"id":7248,"href":"https:\/\/basilian.org\/es\/wp-json\/wp\/v2\/pages\/440\/revisions\/7248"}],"wp:attachment":[{"href":"https:\/\/basilian.org\/es\/wp-json\/wp\/v2\/media?parent=440"}],"curies":[{"name":"wp","href":"https:\/\/api.w.org\/{rel}","templated":true}]}}