{"id":421,"date":"2020-09-09T14:35:15","date_gmt":"2020-09-09T14:35:15","guid":{"rendered":"http:\/\/basilian.org\/?page_id=421"},"modified":"2022-10-13T16:12:55","modified_gmt":"2022-10-13T20:12:55","slug":"contacto","status":"publish","type":"page","link":"https:\/\/basilian.org\/es\/contacto\/","title":{"rendered":"Contacto"},"content":{"rendered":"<h3>Oficina Curial<\/h3>\n<p>95 St. Joseph Street<br \/>\nToronto, ON M5S 3C2<br \/>\nCanada<br \/>\nN\u00famero de tel\u00e9fono: 416-921-6674<\/p>\n<h3>Contacto con los Medios<\/h3>\n<p>Miembros de los Medios que deseen un comunicado o declaraci\u00f3n de parte de los Padres Basilianos deben dirigirse al siguiente contacto<\/p>\n<p>Padre John Huber, CSB<br \/>\nVocero de Medios<br \/>\nN\u00famero de tel\u00e9fono: 416-921-6674<br \/>\n<a href=\"https:\/\/basilian.org\/es\/contacto\/?sendto=communications-coordinator\">Complete el formulario para enviar correo electr\u00f3nico al Padre John Huber\u00a0<\/a><\/p>\n","protected":false},"excerpt":{"rendered":"<p>Oficina Curial 95 St. Joseph Street Toronto, ON M5S 3C2 Canada N\u00famero de tel\u00e9fono: 416-921-6674 Contacto con los Medios Miembros de los Medios que deseen un comunicado o declaraci\u00f3n de [&hellip;]<\/p>\n","protected":false},"author":282,"featured_media":2005,"parent":0,"menu_order":0,"comment_status":"closed","ping_status":"closed","template":"","meta":{"_bbp_topic_count":0,"_bbp_reply_count":0,"_bbp_total_topic_count":0,"_bbp_total_reply_count":0,"_bbp_voice_count":0,"_bbp_anonymous_reply_count":0,"_bbp_topic_count_hidden":0,"_bbp_reply_count_hidden":0,"_bbp_forum_subforum_count":0,"_uag_custom_page_level_css":"","footnotes":""},"acf":[],"yoast_head":"<!-- This site is optimized with the Yoast SEO plugin v20.3 - https:\/\/yoast.com\/wordpress\/plugins\/seo\/ -->\n<title>Contacto - Padres Basilianos - Congregaci\u00f3n de San Basilio<\/title>\n<meta name=\"robots\" content=\"index, follow, max-snippet:-1, max-image-preview:large, max-video-preview:-1\" \/>\n<link rel=\"canonical\" href=\"https:\/\/basilian.org\/es\/contacto\/\" \/>\n<meta property=\"og:locale\" content=\"es_MX\" \/>\n<meta property=\"og:type\" content=\"article\" \/>\n<meta property=\"og:title\" content=\"Contacto - Padres Basilianos - Congregaci\u00f3n de San Basilio\" \/>\n<meta property=\"og:description\" content=\"Oficina Curial 95 St. Joseph Street Toronto, ON M5S 3C2 Canada N\u00famero de tel\u00e9fono: 416-921-6674 Contacto con los Medios Miembros de los Medios que deseen un comunicado o declaraci\u00f3n de [&hellip;]\" \/>\n<meta property=\"og:url\" content=\"https:\/\/basilian.org\/es\/contacto\/\" \/>\n<meta property=\"og:site_name\" content=\"Padres Basilianos\" \/>\n<meta property=\"article:modified_time\" content=\"2022-10-13T20:12:55+00:00\" \/>\n<meta property=\"og:image\" content=\"https:\/\/basilian.org\/wp-content\/uploads\/2020\/09\/CFBC-St-Basil-statue-1.jpg\" \/>\n\t<meta property=\"og:image:width\" content=\"825\" \/>\n\t<meta property=\"og:image:height\" content=\"475\" \/>\n\t<meta property=\"og:image:type\" content=\"image\/jpeg\" \/>\n<meta name=\"twitter:card\" content=\"summary_large_image\" \/>\n<meta name=\"twitter:label1\" content=\"Tiempo de lectura\" \/>\n\t<meta name=\"twitter:data1\" content=\"1 minuto\" \/>\n<script type=\"application\/ld+json\" class=\"yoast-schema-graph\">{\"@context\":\"https:\/\/schema.org\",\"@graph\":[{\"@type\":\"WebPage\",\"@id\":\"https:\/\/basilian.org\/es\/contacto\/\",\"url\":\"https:\/\/basilian.org\/es\/contacto\/\",\"name\":\"Contacto - Padres Basilianos - Congregaci\u00f3n de San Basilio\",\"isPartOf\":{\"@id\":\"https:\/\/basilian.org\/es\/#website\"},\"datePublished\":\"2020-09-09T14:35:15+00:00\",\"dateModified\":\"2022-10-13T20:12:55+00:00\",\"breadcrumb\":{\"@id\":\"https:\/\/basilian.org\/es\/contacto\/#breadcrumb\"},\"inLanguage\":\"es-MX\",\"potentialAction\":[{\"@type\":\"ReadAction\",\"target\":[\"https:\/\/basilian.org\/es\/contacto\/\"]}]},{\"@type\":\"BreadcrumbList\",\"@id\":\"https:\/\/basilian.org\/es\/contacto\/#breadcrumb\",\"itemListElement\":[{\"@type\":\"ListItem\",\"position\":1,\"name\":\"Home\",\"item\":\"https:\/\/basilian.org\/es\/\"},{\"@type\":\"ListItem\",\"position\":2,\"name\":\"Contacto\"}]},{\"@type\":\"WebSite\",\"@id\":\"https:\/\/basilian.org\/es\/#website\",\"url\":\"https:\/\/basilian.org\/es\/\",\"name\":\"Padres Basilianos\",\"description\":\"Congregaci\u00f3n de San Basilio\",\"publisher\":{\"@id\":\"https:\/\/basilian.org\/es\/#organization\"},\"potentialAction\":[{\"@type\":\"SearchAction\",\"target\":{\"@type\":\"EntryPoint\",\"urlTemplate\":\"https:\/\/basilian.org\/es\/?s={search_term_string}\"},\"query-input\":\"required name=search_term_string\"}],\"inLanguage\":\"es-MX\"},{\"@type\":\"Organization\",\"@id\":\"https:\/\/basilian.org\/es\/#organization\",\"name\":\"Congregation of St. Basil\",\"url\":\"https:\/\/basilian.org\/es\/\",\"logo\":{\"@type\":\"ImageObject\",\"inLanguage\":\"es-MX\",\"@id\":\"https:\/\/basilian.org\/es\/#\/schema\/logo\/image\/\",\"url\":\"https:\/\/basilian.org\/wp-content\/uploads\/2020\/08\/basilian-crest-new2.png\",\"contentUrl\":\"https:\/\/basilian.org\/wp-content\/uploads\/2020\/08\/basilian-crest-new2.png\",\"width\":250,\"height\":250,\"caption\":\"Congregation of St. Basil\"},\"image\":{\"@id\":\"https:\/\/basilian.org\/es\/#\/schema\/logo\/image\/\"}}]}<\/script>\n<!-- \/ Yoast SEO plugin. -->","yoast_head_json":{"title":"Contacto - Padres Basilianos - Congregaci\u00f3n de San Basilio","robots":{"index":"index","follow":"follow","max-snippet":"max-snippet:-1","max-image-preview":"max-image-preview:large","max-video-preview":"max-video-preview:-1"},"canonical":"https:\/\/basilian.org\/es\/contacto\/","og_locale":"es_MX","og_type":"article","og_title":"Contacto - Padres Basilianos - Congregaci\u00f3n de San Basilio","og_description":"Oficina Curial 95 St. Joseph Street Toronto, ON M5S 3C2 Canada N\u00famero de tel\u00e9fono: 416-921-6674 Contacto con los Medios Miembros de los Medios que deseen un comunicado o declaraci\u00f3n de [&hellip;]","og_url":"https:\/\/basilian.org\/es\/contacto\/","og_site_name":"Padres Basilianos","article_modified_time":"2022-10-13T20:12:55+00:00","og_image":[{"width":825,"height":475,"url":"https:\/\/basilian.org\/wp-content\/uploads\/2020\/09\/CFBC-St-Basil-statue-1.jpg","type":"image\/jpeg"}],"twitter_card":"summary_large_image","twitter_misc":{"Tiempo de lectura":"1 minuto"},"schema":{"@context":"https:\/\/schema.org","@graph":[{"@type":"WebPage","@id":"https:\/\/basilian.org\/es\/contacto\/","url":"https:\/\/basilian.org\/es\/contacto\/","name":"Contacto - Padres Basilianos - Congregaci\u00f3n de San Basilio","isPartOf":{"@id":"https:\/\/basilian.org\/es\/#website"},"datePublished":"2020-09-09T14:35:15+00:00","dateModified":"2022-10-13T20:12:55+00:00","breadcrumb":{"@id":"https:\/\/basilian.org\/es\/contacto\/#breadcrumb"},"inLanguage":"es-MX","potentialAction":[{"@type":"ReadAction","target":["https:\/\/basilian.org\/es\/contacto\/"]}]},{"@type":"BreadcrumbList","@id":"https:\/\/basilian.org\/es\/contacto\/#breadcrumb","itemListElement":[{"@type":"ListItem","position":1,"name":"Home","item":"https:\/\/basilian.org\/es\/"},{"@type":"ListItem","position":2,"name":"Contacto"}]},{"@type":"WebSite","@id":"https:\/\/basilian.org\/es\/#website","url":"https:\/\/basilian.org\/es\/","name":"Padres Basilianos","description":"Congregaci\u00f3n de San Basilio","publisher":{"@id":"https:\/\/basilian.org\/es\/#organization"},"potentialAction":[{"@type":"SearchAction","target":{"@type":"EntryPoint","urlTemplate":"https:\/\/basilian.org\/es\/?s={search_term_string}"},"query-input":"required name=search_term_string"}],"inLanguage":"es-MX"},{"@type":"Organization","@id":"https:\/\/basilian.org\/es\/#organization","name":"Congregation of St. Basil","url":"https:\/\/basilian.org\/es\/","logo":{"@type":"ImageObject","inLanguage":"es-MX","@id":"https:\/\/basilian.org\/es\/#\/schema\/logo\/image\/","url":"https:\/\/basilian.org\/wp-content\/uploads\/2020\/08\/basilian-crest-new2.png","contentUrl":"https:\/\/basilian.org\/wp-content\/uploads\/2020\/08\/basilian-crest-new2.png","width":250,"height":250,"caption":"Congregation of St. Basil"},"image":{"@id":"https:\/\/basilian.org\/es\/#\/schema\/logo\/image\/"}}]}},"uagb_featured_image_src":{"full":["https:\/\/basilian.org\/wp-content\/uploads\/2020\/09\/CFBC-St-Basil-statue-1.jpg",825,475,false],"thumbnail":["https:\/\/basilian.org\/wp-content\/uploads\/2020\/09\/CFBC-St-Basil-statue-1-150x150.jpg",150,150,true],"medium":["https:\/\/basilian.org\/wp-content\/uploads\/2020\/09\/CFBC-St-Basil-statue-1-300x173.jpg",300,173,true],"medium_large":["https:\/\/basilian.org\/wp-content\/uploads\/2020\/09\/CFBC-St-Basil-statue-1-768x442.jpg",768,442,true],"large":["https:\/\/basilian.org\/wp-content\/uploads\/2020\/09\/CFBC-St-Basil-statue-1.jpg",825,475,false],"wpbgallery_admin_thumb":["https:\/\/basilian.org\/wp-content\/uploads\/2020\/09\/CFBC-St-Basil-statue-1.jpg",109,63,false],"wpbgallery_thumb":["https:\/\/basilian.org\/wp-content\/uploads\/2020\/09\/CFBC-St-Basil-statue-1.jpg",200,115,false],"1536x1536":["https:\/\/basilian.org\/wp-content\/uploads\/2020\/09\/CFBC-St-Basil-statue-1.jpg",825,475,false],"2048x2048":["https:\/\/basilian.org\/wp-content\/uploads\/2020\/09\/CFBC-St-Basil-statue-1.jpg",825,475,false],"featured":["https:\/\/basilian.org\/wp-content\/uploads\/2020\/09\/CFBC-St-Basil-statue-1.jpg",825,475,false]},"uagb_author_info":{"display_name":"Ilya Kovalevskiy","author_link":"https:\/\/basilian.org\/es\/author\/ilya_csb\/"},"uagb_comment_info":0,"uagb_excerpt":"Oficina Curial 95 St. Joseph Street Toronto, ON M5S 3C2 Canada N\u00famero de tel\u00e9fono: 416-921-6674 Contacto con los Medios Miembros de los Medios que deseen un comunicado o declaraci\u00f3n de [&hellip;]","_links":{"self":[{"href":"https:\/\/basilian.org\/es\/wp-json\/wp\/v2\/pages\/421"}],"collection":[{"href":"https:\/\/basilian.org\/es\/wp-json\/wp\/v2\/pages"}],"about":[{"href":"https:\/\/basilian.org\/es\/wp-json\/wp\/v2\/types\/page"}],"author":[{"embeddable":true,"href":"https:\/\/basilian.org\/es\/wp-json\/wp\/v2\/users\/282"}],"replies":[{"embeddable":true,"href":"https:\/\/basilian.org\/es\/wp-json\/wp\/v2\/comments?post=421"}],"version-history":[{"count":16,"href":"https:\/\/basilian.org\/es\/wp-json\/wp\/v2\/pages\/421\/revisions"}],"predecessor-version":[{"id":9323,"href":"https:\/\/basilian.org\/es\/wp-json\/wp\/v2\/pages\/421\/revisions\/9323"}],"wp:featuredmedia":[{"embeddable":true,"href":"https:\/\/basilian.org\/es\/wp-json\/wp\/v2\/media\/2005"}],"wp:attachment":[{"href":"https:\/\/basilian.org\/es\/wp-json\/wp\/v2\/media?parent=421"}],"curies":[{"name":"wp","href":"https:\/\/api.w.org\/{rel}","templated":true}]}}