{"id":404,"date":"2020-09-09T14:23:32","date_gmt":"2020-09-09T14:23:32","guid":{"rendered":"http:\/\/basilian.org\/ministerios\/lay-associates\/"},"modified":"2020-09-09T14:24:19","modified_gmt":"2020-09-09T14:24:19","slug":"laicos-asociados","status":"publish","type":"page","link":"https:\/\/basilian.org\/es\/ministerios\/laicos-asociados\/","title":{"rendered":"Laicos Asociados"},"content":{"rendered":"<p>Los Asociados Laicos Basilianos son una agrupaci\u00f3n de hombres y mujeres Cat\u00f3licos llamados por el carisma Basiliano de comunidad y educaci\u00f3n en la misi\u00f3n evangelizadora de la Iglesia. Buscan responder m\u00e1s plenamente a su llamado bautismal a la santidad y al servicio mediante una asociaci\u00f3n formal con la Congregaci\u00f3n de San Basilio. Est\u00e1n organizados alrededor de las \u00e1reas geogr\u00e1ficas de Houston, Texas; Rochester, Nueva York y el Suroeste de Ontario.<\/p>\n<h2>Compromiso<\/h2>\n<p>Los Laicos Asociados Basilianos realizan un compromiso de uno a tres a\u00f1os para vivir el esp\u00edritu del modo de vida Basiliana<\/p>\n<h2>\u00bfQu\u00e9 hace un Laico Asociado?<\/h2>\n<p>La formaci\u00f3n espiritual personal de un laico asociado incluye unirse a la oraci\u00f3n diaria de la Iglesia, buscar un gu\u00eda espiritual y atender de manera mensual a las reuniones y al retiro anual.<\/p>\n<p>Al ser parte de la formaci\u00f3n comunitaria y sus relaciones, los Laicos Asociados participan de los eventos comunitarios Basilianos como las liturgias, reuniones, aniversarios y celebraciones. Se relacionan con<\/p>\n","protected":false},"excerpt":{"rendered":"<p>Los Asociados Laicos Basilianos son una agrupaci\u00f3n de hombres y mujeres Cat\u00f3licos llamados por el carisma Basiliano de comunidad y educaci\u00f3n en la misi\u00f3n evangelizadora de la Iglesia. Buscan responder [&hellip;]<\/p>\n","protected":false},"author":282,"featured_media":2057,"parent":370,"menu_order":0,"comment_status":"closed","ping_status":"closed","template":"","meta":{"_bbp_topic_count":0,"_bbp_reply_count":0,"_bbp_total_topic_count":0,"_bbp_total_reply_count":0,"_bbp_voice_count":0,"_bbp_anonymous_reply_count":0,"_bbp_topic_count_hidden":0,"_bbp_reply_count_hidden":0,"_bbp_forum_subforum_count":0,"_uag_custom_page_level_css":"","footnotes":""},"acf":[],"yoast_head":"<!-- This site is optimized with the Yoast SEO plugin v20.3 - https:\/\/yoast.com\/wordpress\/plugins\/seo\/ -->\n<title>Laicos Asociados - Padres Basilianos - Congregaci\u00f3n de San Basilio<\/title>\n<meta name=\"robots\" content=\"index, follow, max-snippet:-1, max-image-preview:large, max-video-preview:-1\" \/>\n<link rel=\"canonical\" href=\"https:\/\/basilian.org\/es\/ministerios\/laicos-asociados\/\" \/>\n<meta property=\"og:locale\" content=\"es_MX\" \/>\n<meta property=\"og:type\" content=\"article\" \/>\n<meta property=\"og:title\" content=\"Laicos Asociados - Padres Basilianos - Congregaci\u00f3n de San Basilio\" \/>\n<meta property=\"og:description\" content=\"Los Asociados Laicos Basilianos son una agrupaci\u00f3n de hombres y mujeres Cat\u00f3licos llamados por el carisma Basiliano de comunidad y educaci\u00f3n en la misi\u00f3n evangelizadora de la Iglesia. Buscan responder [&hellip;]\" \/>\n<meta property=\"og:url\" content=\"https:\/\/basilian.org\/es\/ministerios\/laicos-asociados\/\" \/>\n<meta property=\"og:site_name\" content=\"Padres Basilianos\" \/>\n<meta property=\"article:modified_time\" content=\"2020-09-09T14:24:19+00:00\" \/>\n<meta property=\"og:image\" content=\"https:\/\/basilian.org\/wp-content\/uploads\/2020\/09\/BLA-Houston-Vince-Dulock.jpg\" \/>\n\t<meta property=\"og:image:width\" content=\"825\" \/>\n\t<meta property=\"og:image:height\" content=\"475\" \/>\n\t<meta property=\"og:image:type\" content=\"image\/jpeg\" \/>\n<meta name=\"twitter:card\" content=\"summary_large_image\" \/>\n<meta name=\"twitter:label1\" content=\"Tiempo de lectura\" \/>\n\t<meta name=\"twitter:data1\" content=\"1 minuto\" \/>\n<script type=\"application\/ld+json\" class=\"yoast-schema-graph\">{\"@context\":\"https:\/\/schema.org\",\"@graph\":[{\"@type\":\"WebPage\",\"@id\":\"https:\/\/basilian.org\/es\/ministerios\/laicos-asociados\/\",\"url\":\"https:\/\/basilian.org\/es\/ministerios\/laicos-asociados\/\",\"name\":\"Laicos Asociados - Padres Basilianos - Congregaci\u00f3n de San Basilio\",\"isPartOf\":{\"@id\":\"https:\/\/basilian.org\/es\/#website\"},\"datePublished\":\"2020-09-09T14:23:32+00:00\",\"dateModified\":\"2020-09-09T14:24:19+00:00\",\"breadcrumb\":{\"@id\":\"https:\/\/basilian.org\/es\/ministerios\/laicos-asociados\/#breadcrumb\"},\"inLanguage\":\"es-MX\",\"potentialAction\":[{\"@type\":\"ReadAction\",\"target\":[\"https:\/\/basilian.org\/es\/ministerios\/laicos-asociados\/\"]}]},{\"@type\":\"BreadcrumbList\",\"@id\":\"https:\/\/basilian.org\/es\/ministerios\/laicos-asociados\/#breadcrumb\",\"itemListElement\":[{\"@type\":\"ListItem\",\"position\":1,\"name\":\"Home\",\"item\":\"https:\/\/basilian.org\/es\/\"},{\"@type\":\"ListItem\",\"position\":2,\"name\":\"Ministerios\",\"item\":\"https:\/\/basilian.org\/es\/ministerios\/\"},{\"@type\":\"ListItem\",\"position\":3,\"name\":\"Laicos Asociados\"}]},{\"@type\":\"WebSite\",\"@id\":\"https:\/\/basilian.org\/es\/#website\",\"url\":\"https:\/\/basilian.org\/es\/\",\"name\":\"Padres Basilianos\",\"description\":\"Congregaci\u00f3n de San Basilio\",\"publisher\":{\"@id\":\"https:\/\/basilian.org\/es\/#organization\"},\"potentialAction\":[{\"@type\":\"SearchAction\",\"target\":{\"@type\":\"EntryPoint\",\"urlTemplate\":\"https:\/\/basilian.org\/es\/?s={search_term_string}\"},\"query-input\":\"required name=search_term_string\"}],\"inLanguage\":\"es-MX\"},{\"@type\":\"Organization\",\"@id\":\"https:\/\/basilian.org\/es\/#organization\",\"name\":\"Congregation of St. Basil\",\"url\":\"https:\/\/basilian.org\/es\/\",\"logo\":{\"@type\":\"ImageObject\",\"inLanguage\":\"es-MX\",\"@id\":\"https:\/\/basilian.org\/es\/#\/schema\/logo\/image\/\",\"url\":\"https:\/\/basilian.org\/wp-content\/uploads\/2020\/08\/basilian-crest-new2.png\",\"contentUrl\":\"https:\/\/basilian.org\/wp-content\/uploads\/2020\/08\/basilian-crest-new2.png\",\"width\":250,\"height\":250,\"caption\":\"Congregation of St. Basil\"},\"image\":{\"@id\":\"https:\/\/basilian.org\/es\/#\/schema\/logo\/image\/\"}}]}<\/script>\n<!-- \/ Yoast SEO plugin. -->","yoast_head_json":{"title":"Laicos Asociados - Padres Basilianos - Congregaci\u00f3n de San Basilio","robots":{"index":"index","follow":"follow","max-snippet":"max-snippet:-1","max-image-preview":"max-image-preview:large","max-video-preview":"max-video-preview:-1"},"canonical":"https:\/\/basilian.org\/es\/ministerios\/laicos-asociados\/","og_locale":"es_MX","og_type":"article","og_title":"Laicos Asociados - Padres Basilianos - Congregaci\u00f3n de San Basilio","og_description":"Los Asociados Laicos Basilianos son una agrupaci\u00f3n de hombres y mujeres Cat\u00f3licos llamados por el carisma Basiliano de comunidad y educaci\u00f3n en la misi\u00f3n evangelizadora de la Iglesia. Buscan responder [&hellip;]","og_url":"https:\/\/basilian.org\/es\/ministerios\/laicos-asociados\/","og_site_name":"Padres Basilianos","article_modified_time":"2020-09-09T14:24:19+00:00","og_image":[{"width":825,"height":475,"url":"https:\/\/basilian.org\/wp-content\/uploads\/2020\/09\/BLA-Houston-Vince-Dulock.jpg","type":"image\/jpeg"}],"twitter_card":"summary_large_image","twitter_misc":{"Tiempo de lectura":"1 minuto"},"schema":{"@context":"https:\/\/schema.org","@graph":[{"@type":"WebPage","@id":"https:\/\/basilian.org\/es\/ministerios\/laicos-asociados\/","url":"https:\/\/basilian.org\/es\/ministerios\/laicos-asociados\/","name":"Laicos Asociados - Padres Basilianos - Congregaci\u00f3n de San Basilio","isPartOf":{"@id":"https:\/\/basilian.org\/es\/#website"},"datePublished":"2020-09-09T14:23:32+00:00","dateModified":"2020-09-09T14:24:19+00:00","breadcrumb":{"@id":"https:\/\/basilian.org\/es\/ministerios\/laicos-asociados\/#breadcrumb"},"inLanguage":"es-MX","potentialAction":[{"@type":"ReadAction","target":["https:\/\/basilian.org\/es\/ministerios\/laicos-asociados\/"]}]},{"@type":"BreadcrumbList","@id":"https:\/\/basilian.org\/es\/ministerios\/laicos-asociados\/#breadcrumb","itemListElement":[{"@type":"ListItem","position":1,"name":"Home","item":"https:\/\/basilian.org\/es\/"},{"@type":"ListItem","position":2,"name":"Ministerios","item":"https:\/\/basilian.org\/es\/ministerios\/"},{"@type":"ListItem","position":3,"name":"Laicos Asociados"}]},{"@type":"WebSite","@id":"https:\/\/basilian.org\/es\/#website","url":"https:\/\/basilian.org\/es\/","name":"Padres Basilianos","description":"Congregaci\u00f3n de San Basilio","publisher":{"@id":"https:\/\/basilian.org\/es\/#organization"},"potentialAction":[{"@type":"SearchAction","target":{"@type":"EntryPoint","urlTemplate":"https:\/\/basilian.org\/es\/?s={search_term_string}"},"query-input":"required name=search_term_string"}],"inLanguage":"es-MX"},{"@type":"Organization","@id":"https:\/\/basilian.org\/es\/#organization","name":"Congregation of St. Basil","url":"https:\/\/basilian.org\/es\/","logo":{"@type":"ImageObject","inLanguage":"es-MX","@id":"https:\/\/basilian.org\/es\/#\/schema\/logo\/image\/","url":"https:\/\/basilian.org\/wp-content\/uploads\/2020\/08\/basilian-crest-new2.png","contentUrl":"https:\/\/basilian.org\/wp-content\/uploads\/2020\/08\/basilian-crest-new2.png","width":250,"height":250,"caption":"Congregation of St. Basil"},"image":{"@id":"https:\/\/basilian.org\/es\/#\/schema\/logo\/image\/"}}]}},"uagb_featured_image_src":{"full":["https:\/\/basilian.org\/wp-content\/uploads\/2020\/09\/BLA-Houston-Vince-Dulock.jpg",825,475,false],"thumbnail":["https:\/\/basilian.org\/wp-content\/uploads\/2020\/09\/BLA-Houston-Vince-Dulock-150x150.jpg",150,150,true],"medium":["https:\/\/basilian.org\/wp-content\/uploads\/2020\/09\/BLA-Houston-Vince-Dulock-300x173.jpg",300,173,true],"medium_large":["https:\/\/basilian.org\/wp-content\/uploads\/2020\/09\/BLA-Houston-Vince-Dulock-768x442.jpg",768,442,true],"large":["https:\/\/basilian.org\/wp-content\/uploads\/2020\/09\/BLA-Houston-Vince-Dulock.jpg",825,475,false],"wpbgallery_admin_thumb":["https:\/\/basilian.org\/wp-content\/uploads\/2020\/09\/BLA-Houston-Vince-Dulock.jpg",109,63,false],"wpbgallery_thumb":["https:\/\/basilian.org\/wp-content\/uploads\/2020\/09\/BLA-Houston-Vince-Dulock.jpg",200,115,false],"1536x1536":["https:\/\/basilian.org\/wp-content\/uploads\/2020\/09\/BLA-Houston-Vince-Dulock.jpg",825,475,false],"2048x2048":["https:\/\/basilian.org\/wp-content\/uploads\/2020\/09\/BLA-Houston-Vince-Dulock.jpg",825,475,false],"featured":["https:\/\/basilian.org\/wp-content\/uploads\/2020\/09\/BLA-Houston-Vince-Dulock.jpg",825,475,false]},"uagb_author_info":{"display_name":"Ilya Kovalevskiy","author_link":"https:\/\/basilian.org\/es\/author\/ilya_csb\/"},"uagb_comment_info":0,"uagb_excerpt":"Los Asociados Laicos Basilianos son una agrupaci\u00f3n de hombres y mujeres Cat\u00f3licos llamados por el carisma Basiliano de comunidad y educaci\u00f3n en la misi\u00f3n evangelizadora de la Iglesia. Buscan responder [&hellip;]","_links":{"self":[{"href":"https:\/\/basilian.org\/es\/wp-json\/wp\/v2\/pages\/404"}],"collection":[{"href":"https:\/\/basilian.org\/es\/wp-json\/wp\/v2\/pages"}],"about":[{"href":"https:\/\/basilian.org\/es\/wp-json\/wp\/v2\/types\/page"}],"author":[{"embeddable":true,"href":"https:\/\/basilian.org\/es\/wp-json\/wp\/v2\/users\/282"}],"replies":[{"embeddable":true,"href":"https:\/\/basilian.org\/es\/wp-json\/wp\/v2\/comments?post=404"}],"version-history":[{"count":1,"href":"https:\/\/basilian.org\/es\/wp-json\/wp\/v2\/pages\/404\/revisions"}],"predecessor-version":[{"id":405,"href":"https:\/\/basilian.org\/es\/wp-json\/wp\/v2\/pages\/404\/revisions\/405"}],"up":[{"embeddable":true,"href":"https:\/\/basilian.org\/es\/wp-json\/wp\/v2\/pages\/370"}],"wp:featuredmedia":[{"embeddable":true,"href":"https:\/\/basilian.org\/es\/wp-json\/wp\/v2\/media\/2057"}],"wp:attachment":[{"href":"https:\/\/basilian.org\/es\/wp-json\/wp\/v2\/media?parent=404"}],"curies":[{"name":"wp","href":"https:\/\/api.w.org\/{rel}","templated":true}]}}