{"id":397,"date":"2020-09-09T14:13:59","date_gmt":"2020-09-09T14:13:59","guid":{"rendered":"http:\/\/basilian.org\/ministerios\/eldercare\/"},"modified":"2023-05-04T12:15:17","modified_gmt":"2023-05-04T16:15:17","slug":"cuidado-del-adulto-mayor","status":"publish","type":"page","link":"https:\/\/basilian.org\/es\/ministerios\/cuidado-del-adulto-mayor\/","title":{"rendered":"Cuidado del Adulto Mayor"},"content":{"rendered":"<p>Los Basilianos que se encuentran en retiro son miembros muy apreciados de nuestra comunidad y disfrutan de una vida centrada en la oraci\u00f3n y compa\u00f1erismo en medio de un ambiente Basiliano. Lo hacen viviendo en una de nuestras tres casas de retiro en Toronto, Rochester, Houston o haci\u00e9ndolo de manera independiente.A lo largo de sus vidas los Basilianos sirven a otros desinteresadamente a trav\u00e9s de sus ministerios sacerdotales. Su trabajo tambi\u00e9n ayuda a apoyar al envejecimiento de la poblaci\u00f3n de la Congregaci\u00f3n. Al existir hoy menos miembros m\u00e1s j\u00f3venes que participan en el sacerdocio activo, hay menos ingresos para apoyar nuestro programa de jubilaci\u00f3n. Combinando esto con los crecientes costos del cuidado de ancianos y una expectativa de vida \u00fatil m\u00e1s larga, Necesitamos de ayuda para compensar dichos gastos. El Fondo de Retiro de Padres Basilianos ayuda a brindar atenci\u00f3n continua a nuestros miembros mayores.<\/p>\n<p>La generosidad de quienes nos brindan apoyo aseguran que cada sacerdote reciba una buena calidad de vida hasta que reciba el llamado de Dios.<\/p>\n<p><strong>Si desea donar a trav\u00e9s de un cheque<\/strong> puede enviarlo a trav\u00e9s del correo regular a:<\/p>\n<p>95 St. Joseph Street<br \/>\nToronto, Ontario<br \/>\nM5S 3C2<br \/>\nCanad\u00e1<\/p>\n<p><strong>Si en cambio desea donar en l\u00ednea,<\/strong> seleccione una de las cantidades ofrecidas en el men\u00fa desplegable o ingrese otra cantidad. Si desea dedicar la donaci\u00f3n o especificar un fondo, incluya la informaci\u00f3n en los campos descritos a continuaci\u00f3n. Estas donaciones son elegibles para un recibo de impuestos. Debajo de la direcci\u00f3n de facturaci\u00f3n se enviar\u00e1 un recibo de impuestos a la direcci\u00f3n proporcionada.<\/p>\n<p>Para efectuar una donaci\u00f3n mensual o si tiene consultas por favor contactar a Carolina Klapp, Directora Financiera de la Congregaci\u00f3n al 416-921-6674 extensi\u00f3n 213 o <a href=\"https:\/\/basilian.org\/es\/contacto\/?sendto=financial-officer\">Contacto<\/a>.<\/p>\n","protected":false},"excerpt":{"rendered":"<p>Los Basilianos que se encuentran en retiro son miembros muy apreciados de nuestra comunidad y disfrutan de una vida centrada en la oraci\u00f3n y compa\u00f1erismo en medio de un ambiente [&hellip;]<\/p>\n","protected":false},"author":282,"featured_media":0,"parent":370,"menu_order":0,"comment_status":"closed","ping_status":"closed","template":"","meta":{"_bbp_topic_count":0,"_bbp_reply_count":0,"_bbp_total_topic_count":0,"_bbp_total_reply_count":0,"_bbp_voice_count":0,"_bbp_anonymous_reply_count":0,"_bbp_topic_count_hidden":0,"_bbp_reply_count_hidden":0,"_bbp_forum_subforum_count":0,"_uag_custom_page_level_css":"","footnotes":""},"acf":[],"yoast_head":"<!-- This site is optimized with the Yoast SEO plugin v20.3 - https:\/\/yoast.com\/wordpress\/plugins\/seo\/ -->\n<title>Cuidado del Adulto Mayor - Padres Basilianos - Congregaci\u00f3n de San Basilio<\/title>\n<meta name=\"robots\" content=\"index, follow, max-snippet:-1, max-image-preview:large, max-video-preview:-1\" \/>\n<link rel=\"canonical\" href=\"https:\/\/basilian.org\/es\/ministerios\/cuidado-del-adulto-mayor\/\" \/>\n<meta property=\"og:locale\" content=\"es_MX\" \/>\n<meta property=\"og:type\" content=\"article\" \/>\n<meta property=\"og:title\" content=\"Cuidado del Adulto Mayor - Padres Basilianos - Congregaci\u00f3n de San Basilio\" \/>\n<meta property=\"og:description\" content=\"Los Basilianos que se encuentran en retiro son miembros muy apreciados de nuestra comunidad y disfrutan de una vida centrada en la oraci\u00f3n y compa\u00f1erismo en medio de un ambiente [&hellip;]\" \/>\n<meta property=\"og:url\" content=\"https:\/\/basilian.org\/es\/ministerios\/cuidado-del-adulto-mayor\/\" \/>\n<meta property=\"og:site_name\" content=\"Padres Basilianos\" \/>\n<meta property=\"article:modified_time\" content=\"2023-05-04T16:15:17+00:00\" \/>\n<meta name=\"twitter:card\" content=\"summary_large_image\" \/>\n<meta name=\"twitter:label1\" content=\"Tiempo de lectura\" \/>\n\t<meta name=\"twitter:data1\" content=\"2 minutos\" \/>\n<script type=\"application\/ld+json\" class=\"yoast-schema-graph\">{\"@context\":\"https:\/\/schema.org\",\"@graph\":[{\"@type\":\"WebPage\",\"@id\":\"https:\/\/basilian.org\/es\/ministerios\/cuidado-del-adulto-mayor\/\",\"url\":\"https:\/\/basilian.org\/es\/ministerios\/cuidado-del-adulto-mayor\/\",\"name\":\"Cuidado del Adulto Mayor - Padres Basilianos - Congregaci\u00f3n de San Basilio\",\"isPartOf\":{\"@id\":\"https:\/\/basilian.org\/es\/#website\"},\"datePublished\":\"2020-09-09T14:13:59+00:00\",\"dateModified\":\"2023-05-04T16:15:17+00:00\",\"breadcrumb\":{\"@id\":\"https:\/\/basilian.org\/es\/ministerios\/cuidado-del-adulto-mayor\/#breadcrumb\"},\"inLanguage\":\"es-MX\",\"potentialAction\":[{\"@type\":\"ReadAction\",\"target\":[\"https:\/\/basilian.org\/es\/ministerios\/cuidado-del-adulto-mayor\/\"]}]},{\"@type\":\"BreadcrumbList\",\"@id\":\"https:\/\/basilian.org\/es\/ministerios\/cuidado-del-adulto-mayor\/#breadcrumb\",\"itemListElement\":[{\"@type\":\"ListItem\",\"position\":1,\"name\":\"Home\",\"item\":\"https:\/\/basilian.org\/es\/\"},{\"@type\":\"ListItem\",\"position\":2,\"name\":\"Ministerios\",\"item\":\"https:\/\/basilian.org\/es\/ministerios\/\"},{\"@type\":\"ListItem\",\"position\":3,\"name\":\"Cuidado del Adulto Mayor\"}]},{\"@type\":\"WebSite\",\"@id\":\"https:\/\/basilian.org\/es\/#website\",\"url\":\"https:\/\/basilian.org\/es\/\",\"name\":\"Padres Basilianos\",\"description\":\"Congregaci\u00f3n de San Basilio\",\"publisher\":{\"@id\":\"https:\/\/basilian.org\/es\/#organization\"},\"potentialAction\":[{\"@type\":\"SearchAction\",\"target\":{\"@type\":\"EntryPoint\",\"urlTemplate\":\"https:\/\/basilian.org\/es\/?s={search_term_string}\"},\"query-input\":\"required name=search_term_string\"}],\"inLanguage\":\"es-MX\"},{\"@type\":\"Organization\",\"@id\":\"https:\/\/basilian.org\/es\/#organization\",\"name\":\"Congregation of St. Basil\",\"url\":\"https:\/\/basilian.org\/es\/\",\"logo\":{\"@type\":\"ImageObject\",\"inLanguage\":\"es-MX\",\"@id\":\"https:\/\/basilian.org\/es\/#\/schema\/logo\/image\/\",\"url\":\"https:\/\/basilian.org\/wp-content\/uploads\/2020\/08\/basilian-crest-new2.png\",\"contentUrl\":\"https:\/\/basilian.org\/wp-content\/uploads\/2020\/08\/basilian-crest-new2.png\",\"width\":250,\"height\":250,\"caption\":\"Congregation of St. Basil\"},\"image\":{\"@id\":\"https:\/\/basilian.org\/es\/#\/schema\/logo\/image\/\"}}]}<\/script>\n<!-- \/ Yoast SEO plugin. -->","yoast_head_json":{"title":"Cuidado del Adulto Mayor - Padres Basilianos - Congregaci\u00f3n de San Basilio","robots":{"index":"index","follow":"follow","max-snippet":"max-snippet:-1","max-image-preview":"max-image-preview:large","max-video-preview":"max-video-preview:-1"},"canonical":"https:\/\/basilian.org\/es\/ministerios\/cuidado-del-adulto-mayor\/","og_locale":"es_MX","og_type":"article","og_title":"Cuidado del Adulto Mayor - Padres Basilianos - Congregaci\u00f3n de San Basilio","og_description":"Los Basilianos que se encuentran en retiro son miembros muy apreciados de nuestra comunidad y disfrutan de una vida centrada en la oraci\u00f3n y compa\u00f1erismo en medio de un ambiente [&hellip;]","og_url":"https:\/\/basilian.org\/es\/ministerios\/cuidado-del-adulto-mayor\/","og_site_name":"Padres Basilianos","article_modified_time":"2023-05-04T16:15:17+00:00","twitter_card":"summary_large_image","twitter_misc":{"Tiempo de lectura":"2 minutos"},"schema":{"@context":"https:\/\/schema.org","@graph":[{"@type":"WebPage","@id":"https:\/\/basilian.org\/es\/ministerios\/cuidado-del-adulto-mayor\/","url":"https:\/\/basilian.org\/es\/ministerios\/cuidado-del-adulto-mayor\/","name":"Cuidado del Adulto Mayor - Padres Basilianos - Congregaci\u00f3n de San Basilio","isPartOf":{"@id":"https:\/\/basilian.org\/es\/#website"},"datePublished":"2020-09-09T14:13:59+00:00","dateModified":"2023-05-04T16:15:17+00:00","breadcrumb":{"@id":"https:\/\/basilian.org\/es\/ministerios\/cuidado-del-adulto-mayor\/#breadcrumb"},"inLanguage":"es-MX","potentialAction":[{"@type":"ReadAction","target":["https:\/\/basilian.org\/es\/ministerios\/cuidado-del-adulto-mayor\/"]}]},{"@type":"BreadcrumbList","@id":"https:\/\/basilian.org\/es\/ministerios\/cuidado-del-adulto-mayor\/#breadcrumb","itemListElement":[{"@type":"ListItem","position":1,"name":"Home","item":"https:\/\/basilian.org\/es\/"},{"@type":"ListItem","position":2,"name":"Ministerios","item":"https:\/\/basilian.org\/es\/ministerios\/"},{"@type":"ListItem","position":3,"name":"Cuidado del Adulto Mayor"}]},{"@type":"WebSite","@id":"https:\/\/basilian.org\/es\/#website","url":"https:\/\/basilian.org\/es\/","name":"Padres Basilianos","description":"Congregaci\u00f3n de San Basilio","publisher":{"@id":"https:\/\/basilian.org\/es\/#organization"},"potentialAction":[{"@type":"SearchAction","target":{"@type":"EntryPoint","urlTemplate":"https:\/\/basilian.org\/es\/?s={search_term_string}"},"query-input":"required name=search_term_string"}],"inLanguage":"es-MX"},{"@type":"Organization","@id":"https:\/\/basilian.org\/es\/#organization","name":"Congregation of St. Basil","url":"https:\/\/basilian.org\/es\/","logo":{"@type":"ImageObject","inLanguage":"es-MX","@id":"https:\/\/basilian.org\/es\/#\/schema\/logo\/image\/","url":"https:\/\/basilian.org\/wp-content\/uploads\/2020\/08\/basilian-crest-new2.png","contentUrl":"https:\/\/basilian.org\/wp-content\/uploads\/2020\/08\/basilian-crest-new2.png","width":250,"height":250,"caption":"Congregation of St. Basil"},"image":{"@id":"https:\/\/basilian.org\/es\/#\/schema\/logo\/image\/"}}]}},"uagb_featured_image_src":{"full":false,"thumbnail":false,"medium":false,"medium_large":false,"large":false,"wpbgallery_admin_thumb":false,"wpbgallery_thumb":false,"1536x1536":false,"2048x2048":false,"featured":false},"uagb_author_info":{"display_name":"Ilya Kovalevskiy","author_link":"https:\/\/basilian.org\/es\/author\/ilya_csb\/"},"uagb_comment_info":0,"uagb_excerpt":"Los Basilianos que se encuentran en retiro son miembros muy apreciados de nuestra comunidad y disfrutan de una vida centrada en la oraci\u00f3n y compa\u00f1erismo en medio de un ambiente [&hellip;]","_links":{"self":[{"href":"https:\/\/basilian.org\/es\/wp-json\/wp\/v2\/pages\/397"}],"collection":[{"href":"https:\/\/basilian.org\/es\/wp-json\/wp\/v2\/pages"}],"about":[{"href":"https:\/\/basilian.org\/es\/wp-json\/wp\/v2\/types\/page"}],"author":[{"embeddable":true,"href":"https:\/\/basilian.org\/es\/wp-json\/wp\/v2\/users\/282"}],"replies":[{"embeddable":true,"href":"https:\/\/basilian.org\/es\/wp-json\/wp\/v2\/comments?post=397"}],"version-history":[{"count":25,"href":"https:\/\/basilian.org\/es\/wp-json\/wp\/v2\/pages\/397\/revisions"}],"predecessor-version":[{"id":10231,"href":"https:\/\/basilian.org\/es\/wp-json\/wp\/v2\/pages\/397\/revisions\/10231"}],"up":[{"embeddable":true,"href":"https:\/\/basilian.org\/es\/wp-json\/wp\/v2\/pages\/370"}],"wp:attachment":[{"href":"https:\/\/basilian.org\/es\/wp-json\/wp\/v2\/media?parent=397"}],"curies":[{"name":"wp","href":"https:\/\/api.w.org\/{rel}","templated":true}]}}