{"id":374,"date":"2020-09-09T13:34:47","date_gmt":"2020-09-09T13:34:47","guid":{"rendered":"http:\/\/basilian.org\/ministerios\/basilian-network-for-education-and-the-new-evangelization\/"},"modified":"2021-01-27T14:51:20","modified_gmt":"2021-01-27T19:51:20","slug":"bnene","status":"publish","type":"page","link":"https:\/\/basilian.org\/es\/ministerios\/bnene\/","title":{"rendered":"Red Basiliana de Educaci\u00f3n y la Nueva Evangelizaci\u00f3n"},"content":{"rendered":"<p>La Congregaci\u00f3n de San Basilio estableci\u00f3 la Red de Educaci\u00f3n y la Nueva Evangelizaci\u00f3n (BNENE, con sus siglas en ingl\u00e9s) en el a\u00f1o 2015 con la intenci\u00f3n de reunir diferentes comunidades de las escuelas que se encuentran bajo la responsabilidad de los Padres Basilianos en una misi\u00f3n en com\u00fan de participar\u00a0 en la formaci\u00f3n continua en el enfoque Basiliano de la educaci\u00f3n cat\u00f3lica y promover una educaci\u00f3n Basiliana dentro de sus escuelas.<\/p>\n<h2>Declaraci\u00f3n de Prop\u00f3sitos<\/h2>\n<p>El BNENE, una iniciativa del Superior General y el Consejo General busca contribuir en la nueva evangelizaci\u00f3n considerando a la educaci\u00f3n cat\u00f3lica como uno de sus componentes integrales. Buscamos ense\u00f1ar bondad, disciplina y conocimiento a trav\u00e9s de tres iniciativas:<\/p>\n<p>La continua formaci\u00f3n de los l\u00edderes de las escuelas, profesores, equipo de apoyo y las comunidades en el apostolado de la educaci\u00f3n cat\u00f3lica<\/p>\n<p>Ense\u00f1ar lo que la Iglesia ense\u00f1a sobre la ense\u00f1anza con claridad y convicci\u00f3n, por ejemplo, a trav\u00e9s de la lectura reflexiva y en oraci\u00f3n y la reflexi\u00f3n sobre las ense\u00f1anzas magistrales m\u00e1s relevantes de la educaci\u00f3n cat\u00f3lica. A trav\u00e9s de alentar y promover el ministerio educativo de nuestras escuelas, y eventualmente de otras, como un ministerio colaborativo que incluye a todos aquellos que les sirven.<\/p>\n<p>La conferencia inaugural de BNENE que se efectu\u00f3 en el St. Michael\u2019s College School en el verano del 2015 logr\u00f3 reunir al profesorado Basiliano y laicos, funcionarios y administradores del Le Coll\u00e8ge Priv\u00e9 du Sacr\u00e9-Coeur (Annonay, France), St. Michael\u2019s College School (Toronto, Ontario), St. Thomas High School (Houston, Texas), y Detroit Catholic Central High School (Detroit, Michigan). El Arzobispo Michael Miller, CSB, Arzobispo de Vancouver y ex secretario de la Sagrada Congregaci\u00f3n de Educaci\u00f3n Cat\u00f3lica del Vaticano brind\u00f3 el tema fundamental: \u201cLa vocaci\u00f3n y misi\u00f3n de un educador cat\u00f3lico\u201d.<\/p>\n<p>El comit\u00e9 de BNENE actualmente presidido por el Padre John Huber, CSB, contin\u00faa organizando reuniones para p\u00fablico en un n\u00famero considerable y otras para menos p\u00fablico, las cuales brindan la oportunidad para funcionarios de las escuelas Basiliana para que asistan de manera conjunta, recibir elementos educativos acerca de qu\u00e9 significa el ser un educador cat\u00f3lico y conectarse y dialogar con el otro.<\/p>\n<p>Las Presentaciones de BNENE abarcan la ense\u00f1anza de la Iglesia sobre la educaci\u00f3n cat\u00f3lica y c\u00f3mo todos los miembros de la comunidad escolar est\u00e1n llamados a ser parte de la naturaleza cat\u00f3lica y de la cultura Basiliana de las escuelas. Dichas presentaciones se enfocan en la ense\u00f1anza oficial del Magisterio de la Iglesia tal como fueron expuestos en los documentos de la Sagrada Congregaci\u00f3n de Educaci\u00f3n Cat\u00f3lica a trav\u00e9s del siglo pasado, incluyendo, pero no limitado al documento para laicos cat\u00f3licos en las escuelas presentado por el Vaticano en 1977. Adem\u00e1s, se incorpor\u00f3 el documento de la Conferencia de Obispos Cat\u00f3licos de los Estados Unidos para ense\u00f1ar como Jes\u00fas lo hizo. Desde una perspectiva Basiliana el art\u00edculo publicado en 1989 por el padre Jack Gallagher, CSB cuando se desempe\u00f1aba como Superior General en la Carisma Basiliana de la educaci\u00f3n (para una lista completa, ver las fuentes del Educador Cat\u00f3lico al pie de la p\u00e1gina)<\/p>\n<p>La formaci\u00f3n entregada a trav\u00e9s de BNENE produce la esperanza que se empodere a los educadores cat\u00f3licos a realizar evangelizaci\u00f3n, la misi\u00f3n principal en sus salas de clases y escuelas.<\/p>\n<h2>Recursos para un Educador Cat\u00f3lico<\/h2>\n<h3>Documentos Papales<\/h3>\n<p>Papa P\u00edo Xi (1929): Divini Illius Magistri: \u201cSobre La Educaci\u00f3n Cristiana De La Juventud\u201d (<a href=\"http:\/\/www.vatican.va\/content\/pius-xi\/es\/encyclicals\/documents\/hf_p-xi_enc_31121929_divini-illius-magistri.html\">http:\/\/www.vatican.va\/content\/pius-xi\/es\/encyclicals\/documents\/hf_p-xi_enc_31121929_divini-illius-magistri.html<\/a>)<\/p>\n<p>Papa Paolo VI: (1965): Gravissimum Educationis: Declaraci\u00f3n Gravissimum Educationis Sobre La Educaci\u00f3n Cristiana\u201d (<a href=\"http:\/\/www.vatican.va\/archive\/hist_councils\/ii_vatican_council\/documents\/vat-ii_decl_19651028_gravissimum-educationis_sp.html\">http:\/\/www.vatican.va\/archive\/hist_councils\/ii_vatican_council\/documents\/vat-ii_decl_19651028_gravissimum-educationis_sp.html<\/a>)<\/p>\n","protected":false},"excerpt":{"rendered":"<p>La Congregaci\u00f3n de San Basilio estableci\u00f3 la Red de Educaci\u00f3n y la Nueva Evangelizaci\u00f3n (BNENE, con sus siglas en ingl\u00e9s) en el a\u00f1o 2015 con la intenci\u00f3n de reunir diferentes [&hellip;]<\/p>\n","protected":false},"author":282,"featured_media":3860,"parent":370,"menu_order":0,"comment_status":"closed","ping_status":"closed","template":"","meta":{"_bbp_topic_count":0,"_bbp_reply_count":0,"_bbp_total_topic_count":0,"_bbp_total_reply_count":0,"_bbp_voice_count":0,"_bbp_anonymous_reply_count":0,"_bbp_topic_count_hidden":0,"_bbp_reply_count_hidden":0,"_bbp_forum_subforum_count":0,"_uag_custom_page_level_css":"","footnotes":""},"acf":[],"yoast_head":"<!-- This site is optimized with the Yoast SEO plugin v20.3 - https:\/\/yoast.com\/wordpress\/plugins\/seo\/ -->\n<title>Red Basiliana de Educaci\u00f3n y la Nueva Evangelizaci\u00f3n - Padres Basilianos - Congregaci\u00f3n de San Basilio<\/title>\n<meta name=\"robots\" content=\"index, follow, max-snippet:-1, max-image-preview:large, max-video-preview:-1\" \/>\n<link rel=\"canonical\" href=\"https:\/\/basilian.org\/es\/ministerios\/bnene\/\" \/>\n<meta property=\"og:locale\" content=\"es_MX\" \/>\n<meta property=\"og:type\" content=\"article\" \/>\n<meta property=\"og:title\" content=\"Red Basiliana de Educaci\u00f3n y la Nueva Evangelizaci\u00f3n - Padres Basilianos - Congregaci\u00f3n de San Basilio\" \/>\n<meta property=\"og:description\" content=\"La Congregaci\u00f3n de San Basilio estableci\u00f3 la Red de Educaci\u00f3n y la Nueva Evangelizaci\u00f3n (BNENE, con sus siglas en ingl\u00e9s) en el a\u00f1o 2015 con la intenci\u00f3n de reunir diferentes [&hellip;]\" \/>\n<meta property=\"og:url\" content=\"https:\/\/basilian.org\/es\/ministerios\/bnene\/\" \/>\n<meta property=\"og:site_name\" content=\"Padres Basilianos\" \/>\n<meta property=\"article:modified_time\" content=\"2021-01-27T19:51:20+00:00\" \/>\n<meta property=\"og:image\" content=\"https:\/\/basilian.org\/wp-content\/uploads\/2020\/09\/BNENE_web.jpg\" \/>\n\t<meta property=\"og:image:width\" content=\"520\" \/>\n\t<meta property=\"og:image:height\" content=\"299\" \/>\n\t<meta property=\"og:image:type\" content=\"image\/jpeg\" \/>\n<meta name=\"twitter:card\" content=\"summary_large_image\" \/>\n<meta name=\"twitter:label1\" content=\"Tiempo de lectura\" \/>\n\t<meta name=\"twitter:data1\" content=\"3 minutos\" \/>\n<script type=\"application\/ld+json\" class=\"yoast-schema-graph\">{\"@context\":\"https:\/\/schema.org\",\"@graph\":[{\"@type\":\"WebPage\",\"@id\":\"https:\/\/basilian.org\/es\/ministerios\/bnene\/\",\"url\":\"https:\/\/basilian.org\/es\/ministerios\/bnene\/\",\"name\":\"Red Basiliana de Educaci\u00f3n y la Nueva Evangelizaci\u00f3n - Padres Basilianos - Congregaci\u00f3n de San Basilio\",\"isPartOf\":{\"@id\":\"https:\/\/basilian.org\/es\/#website\"},\"datePublished\":\"2020-09-09T13:34:47+00:00\",\"dateModified\":\"2021-01-27T19:51:20+00:00\",\"breadcrumb\":{\"@id\":\"https:\/\/basilian.org\/es\/ministerios\/bnene\/#breadcrumb\"},\"inLanguage\":\"es-MX\",\"potentialAction\":[{\"@type\":\"ReadAction\",\"target\":[\"https:\/\/basilian.org\/es\/ministerios\/bnene\/\"]}]},{\"@type\":\"BreadcrumbList\",\"@id\":\"https:\/\/basilian.org\/es\/ministerios\/bnene\/#breadcrumb\",\"itemListElement\":[{\"@type\":\"ListItem\",\"position\":1,\"name\":\"Home\",\"item\":\"https:\/\/basilian.org\/es\/\"},{\"@type\":\"ListItem\",\"position\":2,\"name\":\"Ministerios\",\"item\":\"https:\/\/basilian.org\/es\/ministerios\/\"},{\"@type\":\"ListItem\",\"position\":3,\"name\":\"Red Basiliana de Educaci\u00f3n y la Nueva Evangelizaci\u00f3n\"}]},{\"@type\":\"WebSite\",\"@id\":\"https:\/\/basilian.org\/es\/#website\",\"url\":\"https:\/\/basilian.org\/es\/\",\"name\":\"Padres Basilianos\",\"description\":\"Congregaci\u00f3n de San Basilio\",\"publisher\":{\"@id\":\"https:\/\/basilian.org\/es\/#organization\"},\"potentialAction\":[{\"@type\":\"SearchAction\",\"target\":{\"@type\":\"EntryPoint\",\"urlTemplate\":\"https:\/\/basilian.org\/es\/?s={search_term_string}\"},\"query-input\":\"required name=search_term_string\"}],\"inLanguage\":\"es-MX\"},{\"@type\":\"Organization\",\"@id\":\"https:\/\/basilian.org\/es\/#organization\",\"name\":\"Congregation of St. Basil\",\"url\":\"https:\/\/basilian.org\/es\/\",\"logo\":{\"@type\":\"ImageObject\",\"inLanguage\":\"es-MX\",\"@id\":\"https:\/\/basilian.org\/es\/#\/schema\/logo\/image\/\",\"url\":\"https:\/\/basilian.org\/wp-content\/uploads\/2020\/08\/basilian-crest-new2.png\",\"contentUrl\":\"https:\/\/basilian.org\/wp-content\/uploads\/2020\/08\/basilian-crest-new2.png\",\"width\":250,\"height\":250,\"caption\":\"Congregation of St. Basil\"},\"image\":{\"@id\":\"https:\/\/basilian.org\/es\/#\/schema\/logo\/image\/\"}}]}<\/script>\n<!-- \/ Yoast SEO plugin. -->","yoast_head_json":{"title":"Red Basiliana de Educaci\u00f3n y la Nueva Evangelizaci\u00f3n - Padres Basilianos - Congregaci\u00f3n de San Basilio","robots":{"index":"index","follow":"follow","max-snippet":"max-snippet:-1","max-image-preview":"max-image-preview:large","max-video-preview":"max-video-preview:-1"},"canonical":"https:\/\/basilian.org\/es\/ministerios\/bnene\/","og_locale":"es_MX","og_type":"article","og_title":"Red Basiliana de Educaci\u00f3n y la Nueva Evangelizaci\u00f3n - Padres Basilianos - Congregaci\u00f3n de San Basilio","og_description":"La Congregaci\u00f3n de San Basilio estableci\u00f3 la Red de Educaci\u00f3n y la Nueva Evangelizaci\u00f3n (BNENE, con sus siglas en ingl\u00e9s) en el a\u00f1o 2015 con la intenci\u00f3n de reunir diferentes [&hellip;]","og_url":"https:\/\/basilian.org\/es\/ministerios\/bnene\/","og_site_name":"Padres Basilianos","article_modified_time":"2021-01-27T19:51:20+00:00","og_image":[{"width":520,"height":299,"url":"https:\/\/basilian.org\/wp-content\/uploads\/2020\/09\/BNENE_web.jpg","type":"image\/jpeg"}],"twitter_card":"summary_large_image","twitter_misc":{"Tiempo de lectura":"3 minutos"},"schema":{"@context":"https:\/\/schema.org","@graph":[{"@type":"WebPage","@id":"https:\/\/basilian.org\/es\/ministerios\/bnene\/","url":"https:\/\/basilian.org\/es\/ministerios\/bnene\/","name":"Red Basiliana de Educaci\u00f3n y la Nueva Evangelizaci\u00f3n - Padres Basilianos - Congregaci\u00f3n de San Basilio","isPartOf":{"@id":"https:\/\/basilian.org\/es\/#website"},"datePublished":"2020-09-09T13:34:47+00:00","dateModified":"2021-01-27T19:51:20+00:00","breadcrumb":{"@id":"https:\/\/basilian.org\/es\/ministerios\/bnene\/#breadcrumb"},"inLanguage":"es-MX","potentialAction":[{"@type":"ReadAction","target":["https:\/\/basilian.org\/es\/ministerios\/bnene\/"]}]},{"@type":"BreadcrumbList","@id":"https:\/\/basilian.org\/es\/ministerios\/bnene\/#breadcrumb","itemListElement":[{"@type":"ListItem","position":1,"name":"Home","item":"https:\/\/basilian.org\/es\/"},{"@type":"ListItem","position":2,"name":"Ministerios","item":"https:\/\/basilian.org\/es\/ministerios\/"},{"@type":"ListItem","position":3,"name":"Red Basiliana de Educaci\u00f3n y la Nueva Evangelizaci\u00f3n"}]},{"@type":"WebSite","@id":"https:\/\/basilian.org\/es\/#website","url":"https:\/\/basilian.org\/es\/","name":"Padres Basilianos","description":"Congregaci\u00f3n de San Basilio","publisher":{"@id":"https:\/\/basilian.org\/es\/#organization"},"potentialAction":[{"@type":"SearchAction","target":{"@type":"EntryPoint","urlTemplate":"https:\/\/basilian.org\/es\/?s={search_term_string}"},"query-input":"required name=search_term_string"}],"inLanguage":"es-MX"},{"@type":"Organization","@id":"https:\/\/basilian.org\/es\/#organization","name":"Congregation of St. Basil","url":"https:\/\/basilian.org\/es\/","logo":{"@type":"ImageObject","inLanguage":"es-MX","@id":"https:\/\/basilian.org\/es\/#\/schema\/logo\/image\/","url":"https:\/\/basilian.org\/wp-content\/uploads\/2020\/08\/basilian-crest-new2.png","contentUrl":"https:\/\/basilian.org\/wp-content\/uploads\/2020\/08\/basilian-crest-new2.png","width":250,"height":250,"caption":"Congregation of St. Basil"},"image":{"@id":"https:\/\/basilian.org\/es\/#\/schema\/logo\/image\/"}}]}},"uagb_featured_image_src":{"full":["https:\/\/basilian.org\/wp-content\/uploads\/2020\/09\/BNENE_web.jpg",520,299,false],"thumbnail":["https:\/\/basilian.org\/wp-content\/uploads\/2020\/09\/BNENE_web-150x150.jpg",150,150,true],"medium":["https:\/\/basilian.org\/wp-content\/uploads\/2020\/09\/BNENE_web-300x173.jpg",300,173,true],"medium_large":["https:\/\/basilian.org\/wp-content\/uploads\/2020\/09\/BNENE_web.jpg",520,299,false],"large":["https:\/\/basilian.org\/wp-content\/uploads\/2020\/09\/BNENE_web.jpg",520,299,false],"wpbgallery_admin_thumb":["https:\/\/basilian.org\/wp-content\/uploads\/2020\/09\/BNENE_web-109x109.jpg",109,109,true],"wpbgallery_thumb":["https:\/\/basilian.org\/wp-content\/uploads\/2020\/09\/BNENE_web-200x200.jpg",200,200,true],"1536x1536":["https:\/\/basilian.org\/wp-content\/uploads\/2020\/09\/BNENE_web.jpg",520,299,false],"2048x2048":["https:\/\/basilian.org\/wp-content\/uploads\/2020\/09\/BNENE_web.jpg",520,299,false],"featured":["https:\/\/basilian.org\/wp-content\/uploads\/2020\/09\/BNENE_web.jpg",520,299,false]},"uagb_author_info":{"display_name":"Ilya Kovalevskiy","author_link":"https:\/\/basilian.org\/es\/author\/ilya_csb\/"},"uagb_comment_info":0,"uagb_excerpt":"La Congregaci\u00f3n de San Basilio estableci\u00f3 la Red de Educaci\u00f3n y la Nueva Evangelizaci\u00f3n (BNENE, con sus siglas en ingl\u00e9s) en el a\u00f1o 2015 con la intenci\u00f3n de reunir diferentes [&hellip;]","_links":{"self":[{"href":"https:\/\/basilian.org\/es\/wp-json\/wp\/v2\/pages\/374"}],"collection":[{"href":"https:\/\/basilian.org\/es\/wp-json\/wp\/v2\/pages"}],"about":[{"href":"https:\/\/basilian.org\/es\/wp-json\/wp\/v2\/types\/page"}],"author":[{"embeddable":true,"href":"https:\/\/basilian.org\/es\/wp-json\/wp\/v2\/users\/282"}],"replies":[{"embeddable":true,"href":"https:\/\/basilian.org\/es\/wp-json\/wp\/v2\/comments?post=374"}],"version-history":[{"count":3,"href":"https:\/\/basilian.org\/es\/wp-json\/wp\/v2\/pages\/374\/revisions"}],"predecessor-version":[{"id":7256,"href":"https:\/\/basilian.org\/es\/wp-json\/wp\/v2\/pages\/374\/revisions\/7256"}],"up":[{"embeddable":true,"href":"https:\/\/basilian.org\/es\/wp-json\/wp\/v2\/pages\/370"}],"wp:featuredmedia":[{"embeddable":true,"href":"https:\/\/basilian.org\/es\/wp-json\/wp\/v2\/media\/3860"}],"wp:attachment":[{"href":"https:\/\/basilian.org\/es\/wp-json\/wp\/v2\/media?parent=374"}],"curies":[{"name":"wp","href":"https:\/\/api.w.org\/{rel}","templated":true}]}}