{"id":348,"date":"2020-09-08T20:29:22","date_gmt":"2020-09-08T20:29:22","guid":{"rendered":"http:\/\/basilian.org\/vocaciones\/formation-process\/"},"modified":"2020-09-08T20:30:19","modified_gmt":"2020-09-08T20:30:19","slug":"proceso-de-formacion","status":"publish","type":"page","link":"https:\/\/basilian.org\/es\/vocaciones\/proceso-de-formacion\/","title":{"rendered":"Proceso de Formaci\u00f3n"},"content":{"rendered":"<p>El Proceso de formaci\u00f3n Basiliano para Americanos y Canadienses consiste en cuatro pasos b\u00e1sicos que se realizan en un per\u00edodo estimado de siete a\u00f1os.<\/p>\n<p><strong>Asociado:<\/strong> Este paso da al candidato la oportunidad de conocer a los Basilianos y permitir que los Basilianos conozcan a la persona o asociado. Este proceso puede ocurrir mientras el candidato se encuentra en la escuela secundaria, instituciones de educaci\u00f3n superior o trabajando. Generalmente, la mayor\u00eda de los asociados dedican el \u00faltimo a\u00f1o como asociado viviendo en una comunidad Basiliana lo que se interpreta como un fuerte anhelo de compromiso con en el modo de vida Basiliano.<\/p>\n<p><strong>Novicio:<\/strong> Como novicio el candidato dedicar\u00e1 un a\u00f1o y un d\u00eda tal como lo prescribe la ley can\u00f3nica en nuestro noviciado en Houston, Texas.\u00a0 Se trata de un a\u00f1o alejado de amigos, familia, trabajo y muchos elementos que resultaban familiares para el novicio en su vida cotidiana lo que permitir\u00e1 que el candidato construya una base s\u00f3lida de oraci\u00f3n y espiritualidad por el resto de su vida como Basiliano.\u00a0 Hacia el final de este a\u00f1o en esta etapa el novicio puede profesar sus primeros votos (temporales)<\/p>\n<p><strong>Escolar o Escol\u00e1stico:<\/strong> En esta etapa, el candidato se encuentra viviendo sus votos temporales y comprometidos a realizar 3 a 4 a\u00f1os de estudios teol\u00f3gicos. Junto con sus estudios teol\u00f3gicos, los escolares participan en varios ministerios pastorales durante el a\u00f1o y a menudo se desplazan a realizar algunas actividades durante el verano. Estos ministerios y tareas se adaptan a los intereses y capacidades del individuo.<\/p>\n<p><strong>Ministerio supervisado:<\/strong> Considerado el per\u00edodo m\u00e1s dif\u00edcil para los nuevos di\u00e1conos y sacerdotes, corresponde a los primeros a\u00f1os despu\u00e9s de la ordenaci\u00f3n. Los Basilianos consideran que el primer a\u00f1o de ordenaci\u00f3n es una etapa muy importante en el proceso de formaci\u00f3n.\u00a0 El Ministerio Supervisado sirve como un per\u00edodo de adaptaci\u00f3n a la obra del sacerdocio en un apostolado Basiliano.<\/p>\n<p>Por \u00faltimo, el proceso formativo depende fuertemente de cada individuo. El ser una comunidad peque\u00f1a permite que tengamos la flexibilidad de reunirnos con el candidato con el objetivo de entregar asistencia para crecer.\u00a0 Especialmente en el contexto actual, los candidatos traen consigo un rango destacado de talentos, habilidades y experiencia. Cuando una persona comienza el proceso de formaci\u00f3n, los Basilianos est\u00e1n prestos a reconocer sus dones y encontrar el lugar de la persona en la Congregaci\u00f3n.<\/p>\n","protected":false},"excerpt":{"rendered":"<p>El Proceso de formaci\u00f3n Basiliano para Americanos y Canadienses consiste en cuatro pasos b\u00e1sicos que se realizan en un per\u00edodo estimado de siete a\u00f1os. Asociado: Este paso da al candidato [&hellip;]<\/p>\n","protected":false},"author":282,"featured_media":2046,"parent":188,"menu_order":0,"comment_status":"closed","ping_status":"closed","template":"vocations-pages.php","meta":{"_bbp_topic_count":0,"_bbp_reply_count":0,"_bbp_total_topic_count":0,"_bbp_total_reply_count":0,"_bbp_voice_count":0,"_bbp_anonymous_reply_count":0,"_bbp_topic_count_hidden":0,"_bbp_reply_count_hidden":0,"_bbp_forum_subforum_count":0,"_uag_custom_page_level_css":"","footnotes":""},"acf":[],"yoast_head":"<!-- This site is optimized with the Yoast SEO plugin v20.3 - https:\/\/yoast.com\/wordpress\/plugins\/seo\/ -->\n<title>Proceso de Formaci\u00f3n - Padres Basilianos - Congregaci\u00f3n de San Basilio<\/title>\n<meta name=\"robots\" content=\"index, follow, max-snippet:-1, max-image-preview:large, max-video-preview:-1\" \/>\n<link rel=\"canonical\" href=\"https:\/\/basilian.org\/es\/vocaciones\/proceso-de-formacion\/\" \/>\n<meta property=\"og:locale\" content=\"es_MX\" \/>\n<meta property=\"og:type\" content=\"article\" \/>\n<meta property=\"og:title\" content=\"Proceso de Formaci\u00f3n - Padres Basilianos - Congregaci\u00f3n de San Basilio\" \/>\n<meta property=\"og:description\" content=\"El Proceso de formaci\u00f3n Basiliano para Americanos y Canadienses consiste en cuatro pasos b\u00e1sicos que se realizan en un per\u00edodo estimado de siete a\u00f1os. Asociado: Este paso da al candidato [&hellip;]\" \/>\n<meta property=\"og:url\" content=\"https:\/\/basilian.org\/es\/vocaciones\/proceso-de-formacion\/\" \/>\n<meta property=\"og:site_name\" content=\"Padres Basilianos\" \/>\n<meta property=\"article:modified_time\" content=\"2020-09-08T20:30:19+00:00\" \/>\n<meta property=\"og:image\" content=\"https:\/\/basilian.org\/wp-content\/uploads\/2020\/09\/Ordenacion-11.jpg\" \/>\n\t<meta property=\"og:image:width\" content=\"825\" \/>\n\t<meta property=\"og:image:height\" content=\"525\" \/>\n\t<meta property=\"og:image:type\" content=\"image\/jpeg\" \/>\n<meta name=\"twitter:card\" content=\"summary_large_image\" \/>\n<meta name=\"twitter:label1\" content=\"Tiempo de lectura\" \/>\n\t<meta name=\"twitter:data1\" content=\"2 minutos\" \/>\n<script type=\"application\/ld+json\" class=\"yoast-schema-graph\">{\"@context\":\"https:\/\/schema.org\",\"@graph\":[{\"@type\":\"WebPage\",\"@id\":\"https:\/\/basilian.org\/es\/vocaciones\/proceso-de-formacion\/\",\"url\":\"https:\/\/basilian.org\/es\/vocaciones\/proceso-de-formacion\/\",\"name\":\"Proceso de Formaci\u00f3n - Padres Basilianos - Congregaci\u00f3n de San Basilio\",\"isPartOf\":{\"@id\":\"https:\/\/basilian.org\/es\/#website\"},\"datePublished\":\"2020-09-08T20:29:22+00:00\",\"dateModified\":\"2020-09-08T20:30:19+00:00\",\"breadcrumb\":{\"@id\":\"https:\/\/basilian.org\/es\/vocaciones\/proceso-de-formacion\/#breadcrumb\"},\"inLanguage\":\"es-MX\",\"potentialAction\":[{\"@type\":\"ReadAction\",\"target\":[\"https:\/\/basilian.org\/es\/vocaciones\/proceso-de-formacion\/\"]}]},{\"@type\":\"BreadcrumbList\",\"@id\":\"https:\/\/basilian.org\/es\/vocaciones\/proceso-de-formacion\/#breadcrumb\",\"itemListElement\":[{\"@type\":\"ListItem\",\"position\":1,\"name\":\"Home\",\"item\":\"https:\/\/basilian.org\/es\/\"},{\"@type\":\"ListItem\",\"position\":2,\"name\":\"Vocaciones\",\"item\":\"https:\/\/basilian.org\/es\/vocaciones\/\"},{\"@type\":\"ListItem\",\"position\":3,\"name\":\"Proceso de Formaci\u00f3n\"}]},{\"@type\":\"WebSite\",\"@id\":\"https:\/\/basilian.org\/es\/#website\",\"url\":\"https:\/\/basilian.org\/es\/\",\"name\":\"Padres Basilianos\",\"description\":\"Congregaci\u00f3n de San Basilio\",\"publisher\":{\"@id\":\"https:\/\/basilian.org\/es\/#organization\"},\"potentialAction\":[{\"@type\":\"SearchAction\",\"target\":{\"@type\":\"EntryPoint\",\"urlTemplate\":\"https:\/\/basilian.org\/es\/?s={search_term_string}\"},\"query-input\":\"required name=search_term_string\"}],\"inLanguage\":\"es-MX\"},{\"@type\":\"Organization\",\"@id\":\"https:\/\/basilian.org\/es\/#organization\",\"name\":\"Congregation of St. Basil\",\"url\":\"https:\/\/basilian.org\/es\/\",\"logo\":{\"@type\":\"ImageObject\",\"inLanguage\":\"es-MX\",\"@id\":\"https:\/\/basilian.org\/es\/#\/schema\/logo\/image\/\",\"url\":\"https:\/\/basilian.org\/wp-content\/uploads\/2020\/08\/basilian-crest-new2.png\",\"contentUrl\":\"https:\/\/basilian.org\/wp-content\/uploads\/2020\/08\/basilian-crest-new2.png\",\"width\":250,\"height\":250,\"caption\":\"Congregation of St. Basil\"},\"image\":{\"@id\":\"https:\/\/basilian.org\/es\/#\/schema\/logo\/image\/\"}}]}<\/script>\n<!-- \/ Yoast SEO plugin. -->","yoast_head_json":{"title":"Proceso de Formaci\u00f3n - Padres Basilianos - Congregaci\u00f3n de San Basilio","robots":{"index":"index","follow":"follow","max-snippet":"max-snippet:-1","max-image-preview":"max-image-preview:large","max-video-preview":"max-video-preview:-1"},"canonical":"https:\/\/basilian.org\/es\/vocaciones\/proceso-de-formacion\/","og_locale":"es_MX","og_type":"article","og_title":"Proceso de Formaci\u00f3n - Padres Basilianos - Congregaci\u00f3n de San Basilio","og_description":"El Proceso de formaci\u00f3n Basiliano para Americanos y Canadienses consiste en cuatro pasos b\u00e1sicos que se realizan en un per\u00edodo estimado de siete a\u00f1os. Asociado: Este paso da al candidato [&hellip;]","og_url":"https:\/\/basilian.org\/es\/vocaciones\/proceso-de-formacion\/","og_site_name":"Padres Basilianos","article_modified_time":"2020-09-08T20:30:19+00:00","og_image":[{"width":825,"height":525,"url":"https:\/\/basilian.org\/wp-content\/uploads\/2020\/09\/Ordenacion-11.jpg","type":"image\/jpeg"}],"twitter_card":"summary_large_image","twitter_misc":{"Tiempo de lectura":"2 minutos"},"schema":{"@context":"https:\/\/schema.org","@graph":[{"@type":"WebPage","@id":"https:\/\/basilian.org\/es\/vocaciones\/proceso-de-formacion\/","url":"https:\/\/basilian.org\/es\/vocaciones\/proceso-de-formacion\/","name":"Proceso de Formaci\u00f3n - Padres Basilianos - Congregaci\u00f3n de San Basilio","isPartOf":{"@id":"https:\/\/basilian.org\/es\/#website"},"datePublished":"2020-09-08T20:29:22+00:00","dateModified":"2020-09-08T20:30:19+00:00","breadcrumb":{"@id":"https:\/\/basilian.org\/es\/vocaciones\/proceso-de-formacion\/#breadcrumb"},"inLanguage":"es-MX","potentialAction":[{"@type":"ReadAction","target":["https:\/\/basilian.org\/es\/vocaciones\/proceso-de-formacion\/"]}]},{"@type":"BreadcrumbList","@id":"https:\/\/basilian.org\/es\/vocaciones\/proceso-de-formacion\/#breadcrumb","itemListElement":[{"@type":"ListItem","position":1,"name":"Home","item":"https:\/\/basilian.org\/es\/"},{"@type":"ListItem","position":2,"name":"Vocaciones","item":"https:\/\/basilian.org\/es\/vocaciones\/"},{"@type":"ListItem","position":3,"name":"Proceso de Formaci\u00f3n"}]},{"@type":"WebSite","@id":"https:\/\/basilian.org\/es\/#website","url":"https:\/\/basilian.org\/es\/","name":"Padres Basilianos","description":"Congregaci\u00f3n de San Basilio","publisher":{"@id":"https:\/\/basilian.org\/es\/#organization"},"potentialAction":[{"@type":"SearchAction","target":{"@type":"EntryPoint","urlTemplate":"https:\/\/basilian.org\/es\/?s={search_term_string}"},"query-input":"required name=search_term_string"}],"inLanguage":"es-MX"},{"@type":"Organization","@id":"https:\/\/basilian.org\/es\/#organization","name":"Congregation of St. Basil","url":"https:\/\/basilian.org\/es\/","logo":{"@type":"ImageObject","inLanguage":"es-MX","@id":"https:\/\/basilian.org\/es\/#\/schema\/logo\/image\/","url":"https:\/\/basilian.org\/wp-content\/uploads\/2020\/08\/basilian-crest-new2.png","contentUrl":"https:\/\/basilian.org\/wp-content\/uploads\/2020\/08\/basilian-crest-new2.png","width":250,"height":250,"caption":"Congregation of St. Basil"},"image":{"@id":"https:\/\/basilian.org\/es\/#\/schema\/logo\/image\/"}}]}},"uagb_featured_image_src":{"full":["https:\/\/basilian.org\/wp-content\/uploads\/2020\/09\/Ordenacion-11.jpg",825,525,false],"thumbnail":["https:\/\/basilian.org\/wp-content\/uploads\/2020\/09\/Ordenacion-11-150x150.jpg",150,150,true],"medium":["https:\/\/basilian.org\/wp-content\/uploads\/2020\/09\/Ordenacion-11-300x191.jpg",300,191,true],"medium_large":["https:\/\/basilian.org\/wp-content\/uploads\/2020\/09\/Ordenacion-11-768x489.jpg",768,489,true],"large":["https:\/\/basilian.org\/wp-content\/uploads\/2020\/09\/Ordenacion-11.jpg",825,525,false],"wpbgallery_admin_thumb":["https:\/\/basilian.org\/wp-content\/uploads\/2020\/09\/Ordenacion-11.jpg",109,69,false],"wpbgallery_thumb":["https:\/\/basilian.org\/wp-content\/uploads\/2020\/09\/Ordenacion-11.jpg",200,127,false],"1536x1536":["https:\/\/basilian.org\/wp-content\/uploads\/2020\/09\/Ordenacion-11.jpg",825,525,false],"2048x2048":["https:\/\/basilian.org\/wp-content\/uploads\/2020\/09\/Ordenacion-11.jpg",825,525,false],"featured":["https:\/\/basilian.org\/wp-content\/uploads\/2020\/09\/Ordenacion-11-746x475.jpg",746,475,true]},"uagb_author_info":{"display_name":"Ilya Kovalevskiy","author_link":"https:\/\/basilian.org\/es\/author\/ilya_csb\/"},"uagb_comment_info":0,"uagb_excerpt":"El Proceso de formaci\u00f3n Basiliano para Americanos y Canadienses consiste en cuatro pasos b\u00e1sicos que se realizan en un per\u00edodo estimado de siete a\u00f1os. Asociado: Este paso da al candidato [&hellip;]","_links":{"self":[{"href":"https:\/\/basilian.org\/es\/wp-json\/wp\/v2\/pages\/348"}],"collection":[{"href":"https:\/\/basilian.org\/es\/wp-json\/wp\/v2\/pages"}],"about":[{"href":"https:\/\/basilian.org\/es\/wp-json\/wp\/v2\/types\/page"}],"author":[{"embeddable":true,"href":"https:\/\/basilian.org\/es\/wp-json\/wp\/v2\/users\/282"}],"replies":[{"embeddable":true,"href":"https:\/\/basilian.org\/es\/wp-json\/wp\/v2\/comments?post=348"}],"version-history":[{"count":1,"href":"https:\/\/basilian.org\/es\/wp-json\/wp\/v2\/pages\/348\/revisions"}],"predecessor-version":[{"id":350,"href":"https:\/\/basilian.org\/es\/wp-json\/wp\/v2\/pages\/348\/revisions\/350"}],"up":[{"embeddable":true,"href":"https:\/\/basilian.org\/es\/wp-json\/wp\/v2\/pages\/188"}],"wp:featuredmedia":[{"embeddable":true,"href":"https:\/\/basilian.org\/es\/wp-json\/wp\/v2\/media\/2046"}],"wp:attachment":[{"href":"https:\/\/basilian.org\/es\/wp-json\/wp\/v2\/media?parent=348"}],"curies":[{"name":"wp","href":"https:\/\/api.w.org\/{rel}","templated":true}]}}