{"id":305,"date":"2020-09-08T19:29:34","date_gmt":"2020-09-08T19:29:34","guid":{"rendered":"http:\/\/basilian.org\/vida-basiliana\/where-we-serve\/"},"modified":"2020-09-23T19:50:50","modified_gmt":"2020-09-23T19:50:50","slug":"donde-entregamos-servicio","status":"publish","type":"page","link":"https:\/\/basilian.org\/es\/vida-basiliana\/donde-entregamos-servicio\/","title":{"rendered":"D\u00f3nde entregamos servicio"},"content":{"rendered":"<p>La disponibilidad enorme de los Basilianos de dirigirse hacia donde se sientan llamados, nos llev\u00f3 desde Francia al Nuevo Mundo en Canad\u00e1 y los Estados Unidos en el siglo XIX y hacia M\u00e9xico y Colombia en el siglo XX. Los Padres Basilianos han sido parte de muchas comunidades a trav\u00e9s de nuestra historia. El mapa muestra nuestras localidades actuales.<\/p>\n","protected":false},"excerpt":{"rendered":"<p>La disponibilidad enorme de los Basilianos de dirigirse hacia donde se sientan llamados, nos llev\u00f3 desde Francia al Nuevo Mundo en Canad\u00e1 y los Estados Unidos en el siglo XIX [&hellip;]<\/p>\n","protected":false},"author":282,"featured_media":0,"parent":286,"menu_order":0,"comment_status":"closed","ping_status":"closed","template":"where-we-serve.php","meta":{"_bbp_topic_count":0,"_bbp_reply_count":0,"_bbp_total_topic_count":0,"_bbp_total_reply_count":0,"_bbp_voice_count":0,"_bbp_anonymous_reply_count":0,"_bbp_topic_count_hidden":0,"_bbp_reply_count_hidden":0,"_bbp_forum_subforum_count":0,"_uag_custom_page_level_css":"","footnotes":""},"acf":[],"yoast_head":"<!-- This site is optimized with the Yoast SEO plugin v20.3 - https:\/\/yoast.com\/wordpress\/plugins\/seo\/ -->\n<title>D\u00f3nde entregamos servicio - Padres Basilianos - Congregaci\u00f3n de San Basilio<\/title>\n<meta name=\"robots\" content=\"index, follow, max-snippet:-1, max-image-preview:large, max-video-preview:-1\" \/>\n<link rel=\"canonical\" href=\"https:\/\/basilian.org\/es\/vida-basiliana\/donde-entregamos-servicio\/\" \/>\n<meta property=\"og:locale\" content=\"es_MX\" \/>\n<meta property=\"og:type\" content=\"article\" \/>\n<meta property=\"og:title\" content=\"D\u00f3nde entregamos servicio - Padres Basilianos - Congregaci\u00f3n de San Basilio\" \/>\n<meta property=\"og:description\" content=\"La disponibilidad enorme de los Basilianos de dirigirse hacia donde se sientan llamados, nos llev\u00f3 desde Francia al Nuevo Mundo en Canad\u00e1 y los Estados Unidos en el siglo XIX [&hellip;]\" \/>\n<meta property=\"og:url\" content=\"https:\/\/basilian.org\/es\/vida-basiliana\/donde-entregamos-servicio\/\" \/>\n<meta property=\"og:site_name\" content=\"Padres Basilianos\" \/>\n<meta property=\"article:modified_time\" content=\"2020-09-23T19:50:50+00:00\" \/>\n<meta name=\"twitter:card\" content=\"summary_large_image\" \/>\n<script type=\"application\/ld+json\" class=\"yoast-schema-graph\">{\"@context\":\"https:\/\/schema.org\",\"@graph\":[{\"@type\":\"WebPage\",\"@id\":\"https:\/\/basilian.org\/es\/vida-basiliana\/donde-entregamos-servicio\/\",\"url\":\"https:\/\/basilian.org\/es\/vida-basiliana\/donde-entregamos-servicio\/\",\"name\":\"D\u00f3nde entregamos servicio - Padres Basilianos - Congregaci\u00f3n de San Basilio\",\"isPartOf\":{\"@id\":\"https:\/\/basilian.org\/es\/#website\"},\"datePublished\":\"2020-09-08T19:29:34+00:00\",\"dateModified\":\"2020-09-23T19:50:50+00:00\",\"breadcrumb\":{\"@id\":\"https:\/\/basilian.org\/es\/vida-basiliana\/donde-entregamos-servicio\/#breadcrumb\"},\"inLanguage\":\"es-MX\",\"potentialAction\":[{\"@type\":\"ReadAction\",\"target\":[\"https:\/\/basilian.org\/es\/vida-basiliana\/donde-entregamos-servicio\/\"]}]},{\"@type\":\"BreadcrumbList\",\"@id\":\"https:\/\/basilian.org\/es\/vida-basiliana\/donde-entregamos-servicio\/#breadcrumb\",\"itemListElement\":[{\"@type\":\"ListItem\",\"position\":1,\"name\":\"Home\",\"item\":\"https:\/\/basilian.org\/es\/\"},{\"@type\":\"ListItem\",\"position\":2,\"name\":\"Vida Basiliana\",\"item\":\"https:\/\/basilian.org\/es\/vida-basiliana\/\"},{\"@type\":\"ListItem\",\"position\":3,\"name\":\"D\u00f3nde entregamos servicio\"}]},{\"@type\":\"WebSite\",\"@id\":\"https:\/\/basilian.org\/es\/#website\",\"url\":\"https:\/\/basilian.org\/es\/\",\"name\":\"Padres Basilianos\",\"description\":\"Congregaci\u00f3n de San Basilio\",\"publisher\":{\"@id\":\"https:\/\/basilian.org\/es\/#organization\"},\"potentialAction\":[{\"@type\":\"SearchAction\",\"target\":{\"@type\":\"EntryPoint\",\"urlTemplate\":\"https:\/\/basilian.org\/es\/?s={search_term_string}\"},\"query-input\":\"required name=search_term_string\"}],\"inLanguage\":\"es-MX\"},{\"@type\":\"Organization\",\"@id\":\"https:\/\/basilian.org\/es\/#organization\",\"name\":\"Congregation of St. Basil\",\"url\":\"https:\/\/basilian.org\/es\/\",\"logo\":{\"@type\":\"ImageObject\",\"inLanguage\":\"es-MX\",\"@id\":\"https:\/\/basilian.org\/es\/#\/schema\/logo\/image\/\",\"url\":\"https:\/\/basilian.org\/wp-content\/uploads\/2020\/08\/basilian-crest-new2.png\",\"contentUrl\":\"https:\/\/basilian.org\/wp-content\/uploads\/2020\/08\/basilian-crest-new2.png\",\"width\":250,\"height\":250,\"caption\":\"Congregation of St. Basil\"},\"image\":{\"@id\":\"https:\/\/basilian.org\/es\/#\/schema\/logo\/image\/\"}}]}<\/script>\n<!-- \/ Yoast SEO plugin. -->","yoast_head_json":{"title":"D\u00f3nde entregamos servicio - Padres Basilianos - Congregaci\u00f3n de San Basilio","robots":{"index":"index","follow":"follow","max-snippet":"max-snippet:-1","max-image-preview":"max-image-preview:large","max-video-preview":"max-video-preview:-1"},"canonical":"https:\/\/basilian.org\/es\/vida-basiliana\/donde-entregamos-servicio\/","og_locale":"es_MX","og_type":"article","og_title":"D\u00f3nde entregamos servicio - Padres Basilianos - Congregaci\u00f3n de San Basilio","og_description":"La disponibilidad enorme de los Basilianos de dirigirse hacia donde se sientan llamados, nos llev\u00f3 desde Francia al Nuevo Mundo en Canad\u00e1 y los Estados Unidos en el siglo XIX [&hellip;]","og_url":"https:\/\/basilian.org\/es\/vida-basiliana\/donde-entregamos-servicio\/","og_site_name":"Padres Basilianos","article_modified_time":"2020-09-23T19:50:50+00:00","twitter_card":"summary_large_image","schema":{"@context":"https:\/\/schema.org","@graph":[{"@type":"WebPage","@id":"https:\/\/basilian.org\/es\/vida-basiliana\/donde-entregamos-servicio\/","url":"https:\/\/basilian.org\/es\/vida-basiliana\/donde-entregamos-servicio\/","name":"D\u00f3nde entregamos servicio - Padres Basilianos - Congregaci\u00f3n de San Basilio","isPartOf":{"@id":"https:\/\/basilian.org\/es\/#website"},"datePublished":"2020-09-08T19:29:34+00:00","dateModified":"2020-09-23T19:50:50+00:00","breadcrumb":{"@id":"https:\/\/basilian.org\/es\/vida-basiliana\/donde-entregamos-servicio\/#breadcrumb"},"inLanguage":"es-MX","potentialAction":[{"@type":"ReadAction","target":["https:\/\/basilian.org\/es\/vida-basiliana\/donde-entregamos-servicio\/"]}]},{"@type":"BreadcrumbList","@id":"https:\/\/basilian.org\/es\/vida-basiliana\/donde-entregamos-servicio\/#breadcrumb","itemListElement":[{"@type":"ListItem","position":1,"name":"Home","item":"https:\/\/basilian.org\/es\/"},{"@type":"ListItem","position":2,"name":"Vida Basiliana","item":"https:\/\/basilian.org\/es\/vida-basiliana\/"},{"@type":"ListItem","position":3,"name":"D\u00f3nde entregamos servicio"}]},{"@type":"WebSite","@id":"https:\/\/basilian.org\/es\/#website","url":"https:\/\/basilian.org\/es\/","name":"Padres Basilianos","description":"Congregaci\u00f3n de San Basilio","publisher":{"@id":"https:\/\/basilian.org\/es\/#organization"},"potentialAction":[{"@type":"SearchAction","target":{"@type":"EntryPoint","urlTemplate":"https:\/\/basilian.org\/es\/?s={search_term_string}"},"query-input":"required name=search_term_string"}],"inLanguage":"es-MX"},{"@type":"Organization","@id":"https:\/\/basilian.org\/es\/#organization","name":"Congregation of St. Basil","url":"https:\/\/basilian.org\/es\/","logo":{"@type":"ImageObject","inLanguage":"es-MX","@id":"https:\/\/basilian.org\/es\/#\/schema\/logo\/image\/","url":"https:\/\/basilian.org\/wp-content\/uploads\/2020\/08\/basilian-crest-new2.png","contentUrl":"https:\/\/basilian.org\/wp-content\/uploads\/2020\/08\/basilian-crest-new2.png","width":250,"height":250,"caption":"Congregation of St. Basil"},"image":{"@id":"https:\/\/basilian.org\/es\/#\/schema\/logo\/image\/"}}]}},"uagb_featured_image_src":{"full":false,"thumbnail":false,"medium":false,"medium_large":false,"large":false,"wpbgallery_admin_thumb":false,"wpbgallery_thumb":false,"1536x1536":false,"2048x2048":false,"featured":false},"uagb_author_info":{"display_name":"Ilya Kovalevskiy","author_link":"https:\/\/basilian.org\/es\/author\/ilya_csb\/"},"uagb_comment_info":0,"uagb_excerpt":"La disponibilidad enorme de los Basilianos de dirigirse hacia donde se sientan llamados, nos llev\u00f3 desde Francia al Nuevo Mundo en Canad\u00e1 y los Estados Unidos en el siglo XIX [&hellip;]","_links":{"self":[{"href":"https:\/\/basilian.org\/es\/wp-json\/wp\/v2\/pages\/305"}],"collection":[{"href":"https:\/\/basilian.org\/es\/wp-json\/wp\/v2\/pages"}],"about":[{"href":"https:\/\/basilian.org\/es\/wp-json\/wp\/v2\/types\/page"}],"author":[{"embeddable":true,"href":"https:\/\/basilian.org\/es\/wp-json\/wp\/v2\/users\/282"}],"replies":[{"embeddable":true,"href":"https:\/\/basilian.org\/es\/wp-json\/wp\/v2\/comments?post=305"}],"version-history":[{"count":2,"href":"https:\/\/basilian.org\/es\/wp-json\/wp\/v2\/pages\/305\/revisions"}],"predecessor-version":[{"id":3411,"href":"https:\/\/basilian.org\/es\/wp-json\/wp\/v2\/pages\/305\/revisions\/3411"}],"up":[{"embeddable":true,"href":"https:\/\/basilian.org\/es\/wp-json\/wp\/v2\/pages\/286"}],"wp:attachment":[{"href":"https:\/\/basilian.org\/es\/wp-json\/wp\/v2\/media?parent=305"}],"curies":[{"name":"wp","href":"https:\/\/api.w.org\/{rel}","templated":true}]}}