{"id":263,"date":"2020-09-08T19:01:45","date_gmt":"2020-09-08T19:01:45","guid":{"rendered":"http:\/\/basilian.org\/acerca-de-nosotros\/history\/"},"modified":"2020-09-08T19:03:17","modified_gmt":"2020-09-08T19:03:17","slug":"historia","status":"publish","type":"page","link":"https:\/\/basilian.org\/es\/acerca-de-nosotros\/historia\/","title":{"rendered":"Historia"},"content":{"rendered":"<h2>Fundaci\u00f3n<\/h2>\n<p>La Congregaci\u00f3n de San Basilio naci\u00f3 en Francia en tiempos tumultuosos, de revoluci\u00f3n y bajo una cruenta persecuci\u00f3n que ten\u00eda como objetivo a la Iglesia Cat\u00f3lica. Tras la revoluci\u00f3n, en 1790, todas las \u00f3rdenes religiosas fueron abolidas. El clero se convirti\u00f3 en un empleado del estado y forzado a tomar un juramento de lealtad el cual podr\u00eda anular\u00a0la autoridad del papa. Los que se negaron a prestar este juramento fueron enviados a la guillotina. Este per\u00edodo fue conocido\u00a0como el Reino del Terror durante el cual m\u00e1s de 30.000 ciudadanos franceses fueron ejecutados p\u00fablicamente, sacerdotes y seminaristas fueron encarcelados y masacrados y las iglesias fueron destruidas.<\/p>\n<p>En 1797, el Arzobispo Charles-Fran\u00e7ois d\u2019Aviau de Viena\u00a0retorn\u00f3 a Francia tras huir del denominado Reino del Terror y pidi\u00f3 a Padre Joseph Lapierre abrir una escuela seminarista clandestina al sur de Francia, en la regi\u00f3n de Ard\u00e8che, en la Villa de Saint-Symphorien-de-Mahun. En 1802, un a\u00f1o luego de que la Iglesia llegara a un acuerdo con el Emperador Napole\u00f3n, esta peque\u00f1a escuela se traslad\u00f3 al pueblo de Annonay, donde su poblaci\u00f3n de alrededor de 5,000 personas logr\u00f3 que se apoyara el crecimiento que era esperado.\u00a0 A pesar de la presi\u00f3n pol\u00edtica y la persecuci\u00f3n para realizar clases de historia \u201cpol\u00edticamente correctas\u201d, la escuela en Annonay floreci\u00f3 y para\u00a01813, dos nuevas escuelas fueron abiertas: Ste. Barbe and Ste. Claire. Estas escuelas se hicieron conocidas por su calidad excepcional de ense\u00f1anza que inclu\u00edan humanidades, ret\u00f3rica, filosof\u00eda, matem\u00e1ticas, f\u00edsica y qu\u00edmica. Los educadores-sacerdotes fueron devotos a la educaci\u00f3n Cristiana, la pr\u00e9dica y la vida en comunidad.<\/p>\n<p>Tras varios a\u00f1os de operaci\u00f3n, los educadores de Annonay elevaron una propuesta al Obispo que buscaba una asociaci\u00f3n o sociedad. Estos hombres se convirtieron en los Padres Fundadores\u00a0de la Congregaci\u00f3n de San Basilio. El 21 de noviembre de 1822 en la Fiesta de la Presentaci\u00f3n de Nuestra Se\u00f1ora, los diez fundadores eligieron al Padre Joseph Lapierre como primer Superior General y a San Basilio como el patrono de la orden.<\/p>\n<p>Luego de 1822, los Basilianos no se convert\u00edan a\u00fan en una congregaci\u00f3n religiosa en el sentido estrictamente can\u00f3nico. En cambio, eran una asociaci\u00f3n distendida de sacerdotes seculares dispuestos a vivir en comunidad y reunir sus recursos para apoyar a la educaci\u00f3n Cristiana. La membres\u00eda en la asociaci\u00f3n era compartida por aquellos que viv\u00edan en la comunidad y ense\u00f1aban en las escuelas y no exist\u00edan votos religiosos formales.<\/p>\n<h2>Arribando al Nuevo Mundo<\/h2>\n<p>En 1850, el Obispo Armand de Charbonnel, quien fuera un estudiante en Annonay desde 1811 hasta 1819, fue nombrado Arzobispo de Toronto. \u00c9l invit\u00f3 a Basilianos franceses a venir a Canad\u00e1 para establecer una escuela para la comunidad irlandesa cat\u00f3lica de Toronto. Los Basilianos enviaron a cuatro sacerdotes, un porcentaje significativo para la \u00e9poca considerando el n\u00famero de sacerdotes que se encontraban disponibles. Esta decisi\u00f3n represent\u00f3 un gran sacrificio y riesgo para la Congregaci\u00f3n. En 1852, St. Michael\u2019s College abri\u00f3 sus puertas, ofreciendo una combinaci\u00f3n de escuela secundaria con educaci\u00f3n universitaria tal y como se estilaba en Francia.<\/p>\n<p>Los Basilianos llegaron para asistir a varios Obispos que necesitaban educadores Cristianos tanto en Francia como en denominado Nuevo Mundo. Ellos establecieron escuelas y seminarios por Norteam\u00e9rica incluyendo\u00a0Owen Sound, Ontario (1863), Blidah, Algeria (1868), Sandwich, (Hoy llamada Windsor) Ontario (1870), Amherstburg, Ontario (1878), Beaconsfield, Inglaterra (1883), Detroit, Michigan (1886), Waco, Texas (1899) Houston, Texas (1900), LaPorte, Texas (1901), y Chatham, New Brunswick (1910).<\/p>\n<p>Sin embargo, en Francia, las escuelas cat\u00f3licas una vez m\u00e1s fueron el objetivo de la agenda anticlerical del gobierno. En 1881, los Basilianos fueron forzados a cerrar una de sus escuelas. Hacia 1904, todas las congregaciones religiosas fueron suprimidas. Muchos Basilianos franceses se convirtieron en sacerdotes seculares mientras otros se dispersaron dirigi\u00e9ndose a Inglaterra e Italia. Propiedades Basilianas fueron subastadas. Hab\u00edan 90 \u201chermanos\u201d Basilianos en Francia y la vida religiosa de la comunidad fue suspendida hasta el fin de la Primera Guerra Mundial en 1918.<\/p>\n<h2>Decreto de Separaci\u00f3n Amigable de 1922 y la Reunificaci\u00f3n<\/h2>\n<p>Las tensiones, tanto can\u00f3nicas como pol\u00edticas, entre los concejales Basilianos del Nuevo Mundo y el liderazgo Franc\u00e9s de la Congregaci\u00f3n dieron como resultado un Decreto de Separaci\u00f3n amigable en junio de 1922 y el resultado fue la existencia de dos congregaciones distintas: los Padres Basilianos de Viviers y los Padres Basilianos de Toronto.\u00a0 En su primer Cap\u00edtulo General de 1922, los Padres Basilianos de Toronto votaron a favor de convertirse en una congregaci\u00f3n religiosa con votos de pobreza simple.<\/p>\n<p>La nueva Congregaci\u00f3n fundada en Norteam\u00e9rica creci\u00f3 r\u00e1pidamente. Ellos establecieron una nueva presencia en Rochester, New York en 1937 y en\u00a0Saskatoon, Saskatchewan en 1936. En 1942 exist\u00edan 171 sacerdotes. Para 1954 el n\u00famero llegaba a 312 sacerdotes y en 1964 hab\u00edan 478 sacerdotes. Este per\u00edodo de crecimiento fue marcado por la instalaci\u00f3n de nuevas escuelas, incluyendo la Universidad de St. Thomas en Houston, Texas en 1947, St. John Fisher College en Rochester, New York en 1951, St. Charles College en Sudbury, Ontario en el a\u00f1o 1951 y\u00a0St. Mark\u2019s College en Vancouver, British Columbia en 1951.<\/p>\n<p>En 1955, bajo el liderazgo del Padre George Bernard Flahiff, CSB, quien m\u00e1s tarde se convertir\u00eda en al Cardenal Arzobispo de Winnipeg, la Congregaci\u00f3n celebr\u00f3 la reuni\u00f3n de los Basilianos de Francia y Norteam\u00e9rica.<\/p>\n<h2>Apostolado en Latinoam\u00e9rica<\/h2>\n<p>Gracias al gran n\u00famero de sacerdotes\u00a0disponibles tras la Segunda Guerra Mundial, los Basilianos continuaron su crecimiento a trav\u00e9s de misiones en M\u00e9xico en 1961 y en Colombia en 1987. El trabajo misionero en M\u00e9xico fue una extensi\u00f3n natural del trabajo Mexicano-Americano ya existente entre la poblaci\u00f3n del sur de Texas desde la d\u00e9cada de 1930. El anhelo de establecer un centro de educaci\u00f3n en Latinoam\u00e9rica motiv\u00f3 a tomar posici\u00f3n de una escuela y parroquia en Cali, Colombia. Desde ese entonces, ellos han expandido su ministerio hacia Bogot\u00e1 y Medell\u00edn.<\/p>\n<p>A trav\u00e9s de su historia, los Basilianos han tomado animada y repetidamente riesgos que han amenazado el futuro de la Congregaci\u00f3n y contin\u00faan tomando estas decisiones que ameritan un gran coraje para cumplir las necesidades de quienes sirven.<\/p>\n","protected":false},"excerpt":{"rendered":"<p>Fundaci\u00f3n La Congregaci\u00f3n de San Basilio naci\u00f3 en Francia en tiempos tumultuosos, de revoluci\u00f3n y bajo una cruenta persecuci\u00f3n que ten\u00eda como objetivo a la Iglesia Cat\u00f3lica. Tras la revoluci\u00f3n, [&hellip;]<\/p>\n","protected":false},"author":282,"featured_media":3533,"parent":243,"menu_order":0,"comment_status":"closed","ping_status":"closed","template":"","meta":{"_bbp_topic_count":0,"_bbp_reply_count":0,"_bbp_total_topic_count":0,"_bbp_total_reply_count":0,"_bbp_voice_count":0,"_bbp_anonymous_reply_count":0,"_bbp_topic_count_hidden":0,"_bbp_reply_count_hidden":0,"_bbp_forum_subforum_count":0,"_uag_custom_page_level_css":"","footnotes":""},"acf":[],"yoast_head":"<!-- This site is optimized with the Yoast SEO plugin v20.3 - https:\/\/yoast.com\/wordpress\/plugins\/seo\/ -->\n<title>Historia - Padres Basilianos - Congregaci\u00f3n de San Basilio<\/title>\n<meta name=\"robots\" content=\"index, follow, max-snippet:-1, max-image-preview:large, max-video-preview:-1\" \/>\n<link rel=\"canonical\" href=\"https:\/\/basilian.org\/es\/acerca-de-nosotros\/historia\/\" \/>\n<meta property=\"og:locale\" content=\"es_MX\" \/>\n<meta property=\"og:type\" content=\"article\" \/>\n<meta property=\"og:title\" content=\"Historia - Padres Basilianos - Congregaci\u00f3n de San Basilio\" \/>\n<meta property=\"og:description\" content=\"Fundaci\u00f3n La Congregaci\u00f3n de San Basilio naci\u00f3 en Francia en tiempos tumultuosos, de revoluci\u00f3n y bajo una cruenta persecuci\u00f3n que ten\u00eda como objetivo a la Iglesia Cat\u00f3lica. Tras la revoluci\u00f3n, [&hellip;]\" \/>\n<meta property=\"og:url\" content=\"https:\/\/basilian.org\/es\/acerca-de-nosotros\/historia\/\" \/>\n<meta property=\"og:site_name\" content=\"Padres Basilianos\" \/>\n<meta property=\"article:modified_time\" content=\"2020-09-08T19:03:17+00:00\" \/>\n<meta property=\"og:image\" content=\"https:\/\/basilian.org\/wp-content\/uploads\/2020\/09\/College-Prives-Sacre-Coeure-web.jpg\" \/>\n\t<meta property=\"og:image:width\" content=\"877\" \/>\n\t<meta property=\"og:image:height\" content=\"505\" \/>\n\t<meta property=\"og:image:type\" content=\"image\/jpeg\" \/>\n<meta name=\"twitter:card\" content=\"summary_large_image\" \/>\n<meta name=\"twitter:label1\" content=\"Tiempo de lectura\" \/>\n\t<meta name=\"twitter:data1\" content=\"5 minutos\" \/>\n<script type=\"application\/ld+json\" class=\"yoast-schema-graph\">{\"@context\":\"https:\/\/schema.org\",\"@graph\":[{\"@type\":\"WebPage\",\"@id\":\"https:\/\/basilian.org\/es\/acerca-de-nosotros\/historia\/\",\"url\":\"https:\/\/basilian.org\/es\/acerca-de-nosotros\/historia\/\",\"name\":\"Historia - Padres Basilianos - Congregaci\u00f3n de San Basilio\",\"isPartOf\":{\"@id\":\"https:\/\/basilian.org\/es\/#website\"},\"datePublished\":\"2020-09-08T19:01:45+00:00\",\"dateModified\":\"2020-09-08T19:03:17+00:00\",\"breadcrumb\":{\"@id\":\"https:\/\/basilian.org\/es\/acerca-de-nosotros\/historia\/#breadcrumb\"},\"inLanguage\":\"es-MX\",\"potentialAction\":[{\"@type\":\"ReadAction\",\"target\":[\"https:\/\/basilian.org\/es\/acerca-de-nosotros\/historia\/\"]}]},{\"@type\":\"BreadcrumbList\",\"@id\":\"https:\/\/basilian.org\/es\/acerca-de-nosotros\/historia\/#breadcrumb\",\"itemListElement\":[{\"@type\":\"ListItem\",\"position\":1,\"name\":\"Home\",\"item\":\"https:\/\/basilian.org\/es\/\"},{\"@type\":\"ListItem\",\"position\":2,\"name\":\"Acerca de Nosotros\",\"item\":\"https:\/\/basilian.org\/es\/acerca-de-nosotros\/\"},{\"@type\":\"ListItem\",\"position\":3,\"name\":\"Historia\"}]},{\"@type\":\"WebSite\",\"@id\":\"https:\/\/basilian.org\/es\/#website\",\"url\":\"https:\/\/basilian.org\/es\/\",\"name\":\"Padres Basilianos\",\"description\":\"Congregaci\u00f3n de San Basilio\",\"publisher\":{\"@id\":\"https:\/\/basilian.org\/es\/#organization\"},\"potentialAction\":[{\"@type\":\"SearchAction\",\"target\":{\"@type\":\"EntryPoint\",\"urlTemplate\":\"https:\/\/basilian.org\/es\/?s={search_term_string}\"},\"query-input\":\"required name=search_term_string\"}],\"inLanguage\":\"es-MX\"},{\"@type\":\"Organization\",\"@id\":\"https:\/\/basilian.org\/es\/#organization\",\"name\":\"Congregation of St. Basil\",\"url\":\"https:\/\/basilian.org\/es\/\",\"logo\":{\"@type\":\"ImageObject\",\"inLanguage\":\"es-MX\",\"@id\":\"https:\/\/basilian.org\/es\/#\/schema\/logo\/image\/\",\"url\":\"https:\/\/basilian.org\/wp-content\/uploads\/2020\/08\/basilian-crest-new2.png\",\"contentUrl\":\"https:\/\/basilian.org\/wp-content\/uploads\/2020\/08\/basilian-crest-new2.png\",\"width\":250,\"height\":250,\"caption\":\"Congregation of St. Basil\"},\"image\":{\"@id\":\"https:\/\/basilian.org\/es\/#\/schema\/logo\/image\/\"}}]}<\/script>\n<!-- \/ Yoast SEO plugin. -->","yoast_head_json":{"title":"Historia - Padres Basilianos - Congregaci\u00f3n de San Basilio","robots":{"index":"index","follow":"follow","max-snippet":"max-snippet:-1","max-image-preview":"max-image-preview:large","max-video-preview":"max-video-preview:-1"},"canonical":"https:\/\/basilian.org\/es\/acerca-de-nosotros\/historia\/","og_locale":"es_MX","og_type":"article","og_title":"Historia - Padres Basilianos - Congregaci\u00f3n de San Basilio","og_description":"Fundaci\u00f3n La Congregaci\u00f3n de San Basilio naci\u00f3 en Francia en tiempos tumultuosos, de revoluci\u00f3n y bajo una cruenta persecuci\u00f3n que ten\u00eda como objetivo a la Iglesia Cat\u00f3lica. Tras la revoluci\u00f3n, [&hellip;]","og_url":"https:\/\/basilian.org\/es\/acerca-de-nosotros\/historia\/","og_site_name":"Padres Basilianos","article_modified_time":"2020-09-08T19:03:17+00:00","og_image":[{"width":877,"height":505,"url":"https:\/\/basilian.org\/wp-content\/uploads\/2020\/09\/College-Prives-Sacre-Coeure-web.jpg","type":"image\/jpeg"}],"twitter_card":"summary_large_image","twitter_misc":{"Tiempo de lectura":"5 minutos"},"schema":{"@context":"https:\/\/schema.org","@graph":[{"@type":"WebPage","@id":"https:\/\/basilian.org\/es\/acerca-de-nosotros\/historia\/","url":"https:\/\/basilian.org\/es\/acerca-de-nosotros\/historia\/","name":"Historia - Padres Basilianos - Congregaci\u00f3n de San Basilio","isPartOf":{"@id":"https:\/\/basilian.org\/es\/#website"},"datePublished":"2020-09-08T19:01:45+00:00","dateModified":"2020-09-08T19:03:17+00:00","breadcrumb":{"@id":"https:\/\/basilian.org\/es\/acerca-de-nosotros\/historia\/#breadcrumb"},"inLanguage":"es-MX","potentialAction":[{"@type":"ReadAction","target":["https:\/\/basilian.org\/es\/acerca-de-nosotros\/historia\/"]}]},{"@type":"BreadcrumbList","@id":"https:\/\/basilian.org\/es\/acerca-de-nosotros\/historia\/#breadcrumb","itemListElement":[{"@type":"ListItem","position":1,"name":"Home","item":"https:\/\/basilian.org\/es\/"},{"@type":"ListItem","position":2,"name":"Acerca de Nosotros","item":"https:\/\/basilian.org\/es\/acerca-de-nosotros\/"},{"@type":"ListItem","position":3,"name":"Historia"}]},{"@type":"WebSite","@id":"https:\/\/basilian.org\/es\/#website","url":"https:\/\/basilian.org\/es\/","name":"Padres Basilianos","description":"Congregaci\u00f3n de San Basilio","publisher":{"@id":"https:\/\/basilian.org\/es\/#organization"},"potentialAction":[{"@type":"SearchAction","target":{"@type":"EntryPoint","urlTemplate":"https:\/\/basilian.org\/es\/?s={search_term_string}"},"query-input":"required name=search_term_string"}],"inLanguage":"es-MX"},{"@type":"Organization","@id":"https:\/\/basilian.org\/es\/#organization","name":"Congregation of St. Basil","url":"https:\/\/basilian.org\/es\/","logo":{"@type":"ImageObject","inLanguage":"es-MX","@id":"https:\/\/basilian.org\/es\/#\/schema\/logo\/image\/","url":"https:\/\/basilian.org\/wp-content\/uploads\/2020\/08\/basilian-crest-new2.png","contentUrl":"https:\/\/basilian.org\/wp-content\/uploads\/2020\/08\/basilian-crest-new2.png","width":250,"height":250,"caption":"Congregation of St. Basil"},"image":{"@id":"https:\/\/basilian.org\/es\/#\/schema\/logo\/image\/"}}]}},"uagb_featured_image_src":{"full":["https:\/\/basilian.org\/wp-content\/uploads\/2020\/09\/College-Prives-Sacre-Coeure-web.jpg",877,505,false],"thumbnail":["https:\/\/basilian.org\/wp-content\/uploads\/2020\/09\/College-Prives-Sacre-Coeure-web-150x150.jpg",150,150,true],"medium":["https:\/\/basilian.org\/wp-content\/uploads\/2020\/09\/College-Prives-Sacre-Coeure-web-300x173.jpg",300,173,true],"medium_large":["https:\/\/basilian.org\/wp-content\/uploads\/2020\/09\/College-Prives-Sacre-Coeure-web-768x442.jpg",768,442,true],"large":["https:\/\/basilian.org\/wp-content\/uploads\/2020\/09\/College-Prives-Sacre-Coeure-web.jpg",877,505,false],"wpbgallery_admin_thumb":["https:\/\/basilian.org\/wp-content\/uploads\/2020\/09\/College-Prives-Sacre-Coeure-web-109x109.jpg",109,109,true],"wpbgallery_thumb":["https:\/\/basilian.org\/wp-content\/uploads\/2020\/09\/College-Prives-Sacre-Coeure-web-200x200.jpg",200,200,true],"1536x1536":["https:\/\/basilian.org\/wp-content\/uploads\/2020\/09\/College-Prives-Sacre-Coeure-web.jpg",877,505,false],"2048x2048":["https:\/\/basilian.org\/wp-content\/uploads\/2020\/09\/College-Prives-Sacre-Coeure-web.jpg",877,505,false],"featured":["https:\/\/basilian.org\/wp-content\/uploads\/2020\/09\/College-Prives-Sacre-Coeure-web-825x475.jpg",825,475,true]},"uagb_author_info":{"display_name":"Ilya Kovalevskiy","author_link":"https:\/\/basilian.org\/es\/author\/ilya_csb\/"},"uagb_comment_info":0,"uagb_excerpt":"Fundaci\u00f3n La Congregaci\u00f3n de San Basilio naci\u00f3 en Francia en tiempos tumultuosos, de revoluci\u00f3n y bajo una cruenta persecuci\u00f3n que ten\u00eda como objetivo a la Iglesia Cat\u00f3lica. Tras la revoluci\u00f3n, [&hellip;]","_links":{"self":[{"href":"https:\/\/basilian.org\/es\/wp-json\/wp\/v2\/pages\/263"}],"collection":[{"href":"https:\/\/basilian.org\/es\/wp-json\/wp\/v2\/pages"}],"about":[{"href":"https:\/\/basilian.org\/es\/wp-json\/wp\/v2\/types\/page"}],"author":[{"embeddable":true,"href":"https:\/\/basilian.org\/es\/wp-json\/wp\/v2\/users\/282"}],"replies":[{"embeddable":true,"href":"https:\/\/basilian.org\/es\/wp-json\/wp\/v2\/comments?post=263"}],"version-history":[{"count":1,"href":"https:\/\/basilian.org\/es\/wp-json\/wp\/v2\/pages\/263\/revisions"}],"predecessor-version":[{"id":266,"href":"https:\/\/basilian.org\/es\/wp-json\/wp\/v2\/pages\/263\/revisions\/266"}],"up":[{"embeddable":true,"href":"https:\/\/basilian.org\/es\/wp-json\/wp\/v2\/pages\/243"}],"wp:featuredmedia":[{"embeddable":true,"href":"https:\/\/basilian.org\/es\/wp-json\/wp\/v2\/media\/3533"}],"wp:attachment":[{"href":"https:\/\/basilian.org\/es\/wp-json\/wp\/v2\/media?parent=263"}],"curies":[{"name":"wp","href":"https:\/\/api.w.org\/{rel}","templated":true}]}}