{"id":256,"date":"2020-08-26T20:17:50","date_gmt":"2020-08-26T20:17:50","guid":{"rendered":"http:\/\/basilian.org\/child-protection-policy\/"},"modified":"2022-10-13T16:15:11","modified_gmt":"2022-10-13T20:15:11","slug":"politica-de-proteccion-a-la-infancia","status":"publish","type":"page","link":"https:\/\/basilian.org\/es\/politica-de-proteccion-a-la-infancia\/","title":{"rendered":"Pol\u00edtica de Protecci\u00f3n a la Infancia"},"content":{"rendered":"<h2>La Congregaci\u00f3n de San Basilio<\/h2>\n<p>Como una congregaci\u00f3n Cat\u00f3lica Romana de sacerdotes y de estudiantes de sacerdocio, los Padres Basilianos actualmente practican su ministerio en escuelas secundarias, universidades y parroquias en Canad\u00e1, Estados Unidos, M\u00e9xico, Colombia y Francia.<\/p>\n<h2>El Compromiso Basiliano<\/h2>\n<p>Los Basilianos han tomado de su lema \u201cBondad, Disciplina y Conocimiento\u201d el compromiso de asegurar el bienestar de todas las personas a quienes servimos.<\/p>\n<p>Estamos fuertemente dedicados a prevenir el abuso sexual. A trav\u00e9s de nuestras pol\u00edticas ministeriales y la cont\u00ednua formaci\u00f3n ayudamos a todos nuestros miembros a estar atentos para proporcionar un entorno seguro para todas las personas bajo nuestro cuidado.<\/p>\n<p>Desde 1997 los Padres Basilianos han sido auditados y acreditados por PRAESIDIUM www.praesidiuminc.com, un equipo de especialistas independientes ocupados en la seguridad y bienestar de los ni\u00f1os. Dicha instituci\u00f3n ha estado colaborando con la Conferencia Americanos de los principales directos de hombres en Estados Unidos y ha elaborado un programa estandarizado de cuidado para las congregaciones religiosas masculinas en los Estados Unidos. Establecemos claramente nuestra cooperaci\u00f3n activa con las autoridades civiles. Todas las denuncias de abuso sexual infantil se informar\u00e1n de inmediato a la polic\u00eda y \/ o agencias de protecci\u00f3n infantil seg\u00fan lo exijan las jurisdicciones civiles locales.<\/p>\n<p>Los Basilianos tienen una responsabilidad especial hacia las v\u00edctimas y sus familias que han sufrido abuso de parte de alguno de nuestros miembros. Ponemos a su disposici\u00f3n la asistencia profesional y pastoral para su recuperaci\u00f3n.<\/p>\n<p>Consideraciones respecto a la conducta sexual inadecuada<br \/>\nLa conducta sexual inadecuada es una violaci\u00f3n seria a la justicia y caridad causando un grave da\u00f1o. Cuando es perpetrada por un sacerdote, este comportamiento escandaloso aleja a las v\u00edctimas y sus familias del mensaje de Jesucristo y su Iglesia. Debemos hacer todo lo que podamos para prevenir el trauma del abuso sexual en nuestras comunidades.<\/p>\n<h2>\u00bfQu\u00e9 es una conducta sexual inadecuada en una relaci\u00f3n ministerial?<\/h2>\n<p>Una relaci\u00f3n ministerial es cuando una persona recibe cuidado pastoral de parte de un sacerdote Basiliano o un seminarista. En dicho contexto una conducta sexual inadecuada es un t\u00e9rmino general que incluye todo comportamiento que comprometa o viole nuestros votos de castidad y celibato. Hay varias acciones que pueden ser consideradas o ser constituidas como una conducta sexual inadecuada. Algunos ejemplos de aquello:<\/p>\n<p>Seducci\u00f3n: amplia variedad de comportamientos inadecuados que intentan establecer una confianza especial entre un adulto y un menor y que pueden establecer las condiciones para un abuso sexual, ocurra o no ocurra;<\/p>\n<h3>Abuso Sexual:<\/h3>\n<p>actividad sexual en cualquier forma perpetrada por un adulto hacia un menor o un adulto vulnerable;<\/p>\n<h3>Violaci\u00f3n de l\u00edmites:<\/h3>\n<p>comportamiento que contraviene los est\u00e1ndares profesionales o ministeriales con respecto al contacto interpersonal apropiado, ya sea f\u00edsico, emocional o psicol\u00f3gico;<\/p>\n<h3>Explotaci\u00f3n Sexual:<\/h3>\n<p>comportamiento mediante el cual un sacerdote o ministro toma ventaja del desequilibrio de poder entre \u00e9l y la persona con la cual se sirve para su propia satisfacci\u00f3n. Esto puede incluir contacto f\u00edsico inapropiado y varios tipos de manipulaci\u00f3n emocional;<\/p>\n<h3>Acoso:<\/h3>\n<p>conducta o lenguaje sexual no deseado dirigido a un adulto, incluido el uso inapropiado de las redes sociales, bromas, avances o solicitudes que crean un ambiente ofensivo para el trabajo o el ministerio.<\/p>\n<h2>C\u00f3mo responden los Padres Basilianos a las denuncias de conductas inadecuadas de \u00edndole sexual<\/h2>\n<p>En toda circunstancia de un comportamiento sexual inadecuado la v\u00edctima siempre tiene la prioridad en su reclamo ante la consideraci\u00f3n de los Padres Basilianos.<\/p>\n<p>Respondemos a todas a las alegaciones de conducta sexual inadecuada con un gran cuidado. Para este fin, hemos establecido \u201cpol\u00edticas y procedimientos\u201d los cuales nuestros miembros est\u00e1n obligados a seguir. Para recibir una copia completa de dichas pol\u00edticas y procedimientos por favor enviar un email al Padre John Huber, CSB a su direcci\u00f3n jhuber@basilian.org.<\/p>\n<p>A trav\u00e9s de nuestro Administrador de Casos, los Padres Basilianos responder\u00e1n atentamente y de manera confidencial para investigar toda acusaci\u00f3n de conducta sexual inadecuada. Su nombre y datos de contacto se pueden encontrar en el pie de la p\u00e1gina.<\/p>\n<p>Los Padres Basilianos tienen el consejo de un experto y de la Junta de Revisi\u00f3n Basiliana. Esta junta independiente e interdisciplinaria asesora a la Congregaci\u00f3n de San Basilio en todos los asuntos relacionados con la conducta sexual inadecuada de parte de alguno de sus miembros.<\/p>\n<h2>Previniendo una conducta sexual inadecuada<\/h2>\n<p>Adicionalmente al establecimiento de procedimientos para responder casos de conducta sexual inadecuada, los Padres Basilianos han tomado medidas para prevenir futuros incidentes de abuso. Estos incluyen la evaluaci\u00f3n psicol\u00f3gica obligatoria de los novicios y seminaristas en su formaci\u00f3n y programas de educaci\u00f3n continua para sacerdotes Basilianos acerca de castidad personal y conducta profesional. Adherimos a los est\u00e1ndares establecidos por la Conferencia de Superiores Mayores de hombres de Estados Unidos www.cmsm.org y los evaluadores independientes en Praesidium.<\/p>\n<h2>\u00bfD\u00f3nde buscar ayuda?<\/h2>\n<p>Si usted o alguien que usted conoce consideran que un Basiliano ha violado la confianza como lo descrito con anterioridad, le pedimos contactar al Administrador de Casos. Usted ser\u00e1 tratado de manera sensible y en confidencialidad. Adem\u00e1s, si la v\u00edctima es un ni\u00f1o o un adulto vulnerable, le pedimos el favor de contactar a la polic\u00eda y\/o a los servicios de cuidado de menores de su jurisdicci\u00f3n.<\/p>\n<p><strong>Administrador de Casos:<\/strong><br \/>\nPadre David Katulski, CSB<br \/>\n95 St. Joseph St.<br \/>\nToronto ON M5S 3C2<br \/>\nkatulski@basilian.org<\/p>\n","protected":false},"excerpt":{"rendered":"<p>La Congregaci\u00f3n de San Basilio Como una congregaci\u00f3n Cat\u00f3lica Romana de sacerdotes y de estudiantes de sacerdocio, los Padres Basilianos actualmente practican su ministerio en escuelas secundarias, universidades y parroquias [&hellip;]<\/p>\n","protected":false},"author":282,"featured_media":0,"parent":0,"menu_order":0,"comment_status":"closed","ping_status":"closed","template":"","meta":{"_bbp_topic_count":0,"_bbp_reply_count":0,"_bbp_total_topic_count":0,"_bbp_total_reply_count":0,"_bbp_voice_count":0,"_bbp_anonymous_reply_count":0,"_bbp_topic_count_hidden":0,"_bbp_reply_count_hidden":0,"_bbp_forum_subforum_count":0,"_uag_custom_page_level_css":"","footnotes":""},"acf":[],"yoast_head":"<!-- This site is optimized with the Yoast SEO plugin v20.3 - https:\/\/yoast.com\/wordpress\/plugins\/seo\/ -->\n<title>Pol\u00edtica de Protecci\u00f3n a la Infancia - Padres Basilianos - Congregaci\u00f3n de San Basilio<\/title>\n<meta name=\"robots\" content=\"index, follow, max-snippet:-1, max-image-preview:large, max-video-preview:-1\" \/>\n<link rel=\"canonical\" href=\"https:\/\/basilian.org\/es\/politica-de-proteccion-a-la-infancia\/\" \/>\n<meta property=\"og:locale\" content=\"es_MX\" \/>\n<meta property=\"og:type\" content=\"article\" \/>\n<meta property=\"og:title\" content=\"Pol\u00edtica de Protecci\u00f3n a la Infancia - Padres Basilianos - Congregaci\u00f3n de San Basilio\" \/>\n<meta property=\"og:description\" content=\"La Congregaci\u00f3n de San Basilio Como una congregaci\u00f3n Cat\u00f3lica Romana de sacerdotes y de estudiantes de sacerdocio, los Padres Basilianos actualmente practican su ministerio en escuelas secundarias, universidades y parroquias [&hellip;]\" \/>\n<meta property=\"og:url\" content=\"https:\/\/basilian.org\/es\/politica-de-proteccion-a-la-infancia\/\" \/>\n<meta property=\"og:site_name\" content=\"Padres Basilianos\" \/>\n<meta property=\"article:modified_time\" content=\"2022-10-13T20:15:11+00:00\" \/>\n<meta name=\"twitter:card\" content=\"summary_large_image\" \/>\n<meta name=\"twitter:label1\" content=\"Tiempo de lectura\" \/>\n\t<meta name=\"twitter:data1\" content=\"4 minutos\" \/>\n<script type=\"application\/ld+json\" class=\"yoast-schema-graph\">{\"@context\":\"https:\/\/schema.org\",\"@graph\":[{\"@type\":\"WebPage\",\"@id\":\"https:\/\/basilian.org\/es\/politica-de-proteccion-a-la-infancia\/\",\"url\":\"https:\/\/basilian.org\/es\/politica-de-proteccion-a-la-infancia\/\",\"name\":\"Pol\u00edtica de Protecci\u00f3n a la Infancia - Padres Basilianos - Congregaci\u00f3n de San Basilio\",\"isPartOf\":{\"@id\":\"https:\/\/basilian.org\/es\/#website\"},\"datePublished\":\"2020-08-26T20:17:50+00:00\",\"dateModified\":\"2022-10-13T20:15:11+00:00\",\"breadcrumb\":{\"@id\":\"https:\/\/basilian.org\/es\/politica-de-proteccion-a-la-infancia\/#breadcrumb\"},\"inLanguage\":\"es-MX\",\"potentialAction\":[{\"@type\":\"ReadAction\",\"target\":[\"https:\/\/basilian.org\/es\/politica-de-proteccion-a-la-infancia\/\"]}]},{\"@type\":\"BreadcrumbList\",\"@id\":\"https:\/\/basilian.org\/es\/politica-de-proteccion-a-la-infancia\/#breadcrumb\",\"itemListElement\":[{\"@type\":\"ListItem\",\"position\":1,\"name\":\"Home\",\"item\":\"https:\/\/basilian.org\/es\/\"},{\"@type\":\"ListItem\",\"position\":2,\"name\":\"Pol\u00edtica de Protecci\u00f3n a la Infancia\"}]},{\"@type\":\"WebSite\",\"@id\":\"https:\/\/basilian.org\/es\/#website\",\"url\":\"https:\/\/basilian.org\/es\/\",\"name\":\"Padres Basilianos\",\"description\":\"Congregaci\u00f3n de San Basilio\",\"publisher\":{\"@id\":\"https:\/\/basilian.org\/es\/#organization\"},\"potentialAction\":[{\"@type\":\"SearchAction\",\"target\":{\"@type\":\"EntryPoint\",\"urlTemplate\":\"https:\/\/basilian.org\/es\/?s={search_term_string}\"},\"query-input\":\"required name=search_term_string\"}],\"inLanguage\":\"es-MX\"},{\"@type\":\"Organization\",\"@id\":\"https:\/\/basilian.org\/es\/#organization\",\"name\":\"Congregation of St. Basil\",\"url\":\"https:\/\/basilian.org\/es\/\",\"logo\":{\"@type\":\"ImageObject\",\"inLanguage\":\"es-MX\",\"@id\":\"https:\/\/basilian.org\/es\/#\/schema\/logo\/image\/\",\"url\":\"https:\/\/basilian.org\/wp-content\/uploads\/2020\/08\/basilian-crest-new2.png\",\"contentUrl\":\"https:\/\/basilian.org\/wp-content\/uploads\/2020\/08\/basilian-crest-new2.png\",\"width\":250,\"height\":250,\"caption\":\"Congregation of St. Basil\"},\"image\":{\"@id\":\"https:\/\/basilian.org\/es\/#\/schema\/logo\/image\/\"}}]}<\/script>\n<!-- \/ Yoast SEO plugin. -->","yoast_head_json":{"title":"Pol\u00edtica de Protecci\u00f3n a la Infancia - Padres Basilianos - Congregaci\u00f3n de San Basilio","robots":{"index":"index","follow":"follow","max-snippet":"max-snippet:-1","max-image-preview":"max-image-preview:large","max-video-preview":"max-video-preview:-1"},"canonical":"https:\/\/basilian.org\/es\/politica-de-proteccion-a-la-infancia\/","og_locale":"es_MX","og_type":"article","og_title":"Pol\u00edtica de Protecci\u00f3n a la Infancia - Padres Basilianos - Congregaci\u00f3n de San Basilio","og_description":"La Congregaci\u00f3n de San Basilio Como una congregaci\u00f3n Cat\u00f3lica Romana de sacerdotes y de estudiantes de sacerdocio, los Padres Basilianos actualmente practican su ministerio en escuelas secundarias, universidades y parroquias [&hellip;]","og_url":"https:\/\/basilian.org\/es\/politica-de-proteccion-a-la-infancia\/","og_site_name":"Padres Basilianos","article_modified_time":"2022-10-13T20:15:11+00:00","twitter_card":"summary_large_image","twitter_misc":{"Tiempo de lectura":"4 minutos"},"schema":{"@context":"https:\/\/schema.org","@graph":[{"@type":"WebPage","@id":"https:\/\/basilian.org\/es\/politica-de-proteccion-a-la-infancia\/","url":"https:\/\/basilian.org\/es\/politica-de-proteccion-a-la-infancia\/","name":"Pol\u00edtica de Protecci\u00f3n a la Infancia - Padres Basilianos - Congregaci\u00f3n de San Basilio","isPartOf":{"@id":"https:\/\/basilian.org\/es\/#website"},"datePublished":"2020-08-26T20:17:50+00:00","dateModified":"2022-10-13T20:15:11+00:00","breadcrumb":{"@id":"https:\/\/basilian.org\/es\/politica-de-proteccion-a-la-infancia\/#breadcrumb"},"inLanguage":"es-MX","potentialAction":[{"@type":"ReadAction","target":["https:\/\/basilian.org\/es\/politica-de-proteccion-a-la-infancia\/"]}]},{"@type":"BreadcrumbList","@id":"https:\/\/basilian.org\/es\/politica-de-proteccion-a-la-infancia\/#breadcrumb","itemListElement":[{"@type":"ListItem","position":1,"name":"Home","item":"https:\/\/basilian.org\/es\/"},{"@type":"ListItem","position":2,"name":"Pol\u00edtica de Protecci\u00f3n a la Infancia"}]},{"@type":"WebSite","@id":"https:\/\/basilian.org\/es\/#website","url":"https:\/\/basilian.org\/es\/","name":"Padres Basilianos","description":"Congregaci\u00f3n de San Basilio","publisher":{"@id":"https:\/\/basilian.org\/es\/#organization"},"potentialAction":[{"@type":"SearchAction","target":{"@type":"EntryPoint","urlTemplate":"https:\/\/basilian.org\/es\/?s={search_term_string}"},"query-input":"required name=search_term_string"}],"inLanguage":"es-MX"},{"@type":"Organization","@id":"https:\/\/basilian.org\/es\/#organization","name":"Congregation of St. Basil","url":"https:\/\/basilian.org\/es\/","logo":{"@type":"ImageObject","inLanguage":"es-MX","@id":"https:\/\/basilian.org\/es\/#\/schema\/logo\/image\/","url":"https:\/\/basilian.org\/wp-content\/uploads\/2020\/08\/basilian-crest-new2.png","contentUrl":"https:\/\/basilian.org\/wp-content\/uploads\/2020\/08\/basilian-crest-new2.png","width":250,"height":250,"caption":"Congregation of St. Basil"},"image":{"@id":"https:\/\/basilian.org\/es\/#\/schema\/logo\/image\/"}}]}},"uagb_featured_image_src":{"full":false,"thumbnail":false,"medium":false,"medium_large":false,"large":false,"wpbgallery_admin_thumb":false,"wpbgallery_thumb":false,"1536x1536":false,"2048x2048":false,"featured":false},"uagb_author_info":{"display_name":"Ilya Kovalevskiy","author_link":"https:\/\/basilian.org\/es\/author\/ilya_csb\/"},"uagb_comment_info":0,"uagb_excerpt":"La Congregaci\u00f3n de San Basilio Como una congregaci\u00f3n Cat\u00f3lica Romana de sacerdotes y de estudiantes de sacerdocio, los Padres Basilianos actualmente practican su ministerio en escuelas secundarias, universidades y parroquias [&hellip;]","_links":{"self":[{"href":"https:\/\/basilian.org\/es\/wp-json\/wp\/v2\/pages\/256"}],"collection":[{"href":"https:\/\/basilian.org\/es\/wp-json\/wp\/v2\/pages"}],"about":[{"href":"https:\/\/basilian.org\/es\/wp-json\/wp\/v2\/types\/page"}],"author":[{"embeddable":true,"href":"https:\/\/basilian.org\/es\/wp-json\/wp\/v2\/users\/282"}],"replies":[{"embeddable":true,"href":"https:\/\/basilian.org\/es\/wp-json\/wp\/v2\/comments?post=256"}],"version-history":[{"count":4,"href":"https:\/\/basilian.org\/es\/wp-json\/wp\/v2\/pages\/256\/revisions"}],"predecessor-version":[{"id":9325,"href":"https:\/\/basilian.org\/es\/wp-json\/wp\/v2\/pages\/256\/revisions\/9325"}],"wp:attachment":[{"href":"https:\/\/basilian.org\/es\/wp-json\/wp\/v2\/media?parent=256"}],"curies":[{"name":"wp","href":"https:\/\/api.w.org\/{rel}","templated":true}]}}