{"id":243,"date":"2020-09-08T18:43:03","date_gmt":"2020-09-08T18:43:03","guid":{"rendered":"http:\/\/basilian.org\/about-us\/"},"modified":"2023-03-20T12:47:32","modified_gmt":"2023-03-20T16:47:32","slug":"acerca-de-nosotros","status":"publish","type":"page","link":"https:\/\/basilian.org\/es\/acerca-de-nosotros\/","title":{"rendered":"Acerca de Nosotros"},"content":{"rendered":"<h2>Historia<\/h2>\n<p>La Congregaci\u00f3n de San Basilio, tambi\u00e9n conocida como los Padres Basilianos, es una comunidad de sacerdotes cat\u00f3licos romanos, estudiantes de sacerdocio y laicos asociados enfocados en una educaci\u00f3n cristiana y en la evangelizaci\u00f3n.<\/p>\n<p>La Congregaci\u00f3n fue fundada en 1822 cuando diez sacerdotes diocesanos desafiaron las leyes anticlericales implementadas durante la revoluci\u00f3n francesa al suministrar educaci\u00f3n cristiana a un peque\u00f1o pueblo en el sur de Francia a trav\u00e9s de un seminario. La devoci\u00f3n por el trabajo mostrada por los fundadores, as\u00ed como tambi\u00e9n su compromiso con la Iglesia, el llevar un estilo de vida sencillo y un llamado a desarrollar una profunda vida en comunidad contin\u00faan inspirando a los sacerdotes de San Basilio hasta el d\u00eda de hoy.<\/p>\n<p>La comunidad ha sabido recuperarse de las adversidades y emerger exitosa por casi dos siglos. Ha crecido, cambiado y se ha adaptado. Los Basilianos han aplicado decisiones valientes a trav\u00e9s de su historia y como resultado, esta peque\u00f1a, aunque persistente orden hoy sirve a estudiantes y feligreses en cuatro pa\u00edses. Los valores y tradiciones de los Basilianos los han posicionado de la mejor manera para servir las necesidades de una comunidad global cada vez m\u00e1s diversa que precisa de los cimientos de la vida balanceada Basiliana: educaci\u00f3n y evangelizaci\u00f3n.<\/p>\n<h2>Santos<\/h2>\n<p>Nuestros fundadores escogieron a San Basilio el Grande como su patrono, un Obispo Griego y doctor de la Iglesia del siglo IV (330-379 DC). \u00c9l fue conocido como un te\u00f3logo y un experto en ortodoxia quien se preocup\u00f3 especialmente por los pobres y desamparados. Considerado el padre del monacato comunal, moder\u00f3 algunas de las pr\u00e1cticas m\u00e1s severas en la vida mon\u00e1stica para crear un balance entre el trabajo y la oraci\u00f3n.<\/p>\n<p>Como profesor, elabor\u00f3 e incorpor\u00f3 la ense\u00f1anza secular, particularmente los denominados \u201ccl\u00e1sicos paganos\u201d a la educaci\u00f3n cristiana. Tal y como nuestros fundadores, San Basilio vivi\u00f3 hacia el final de otro per\u00edodo de persecuci\u00f3n y ense\u00f1anzas her\u00e9ticas. Defendi\u00f3 la fe ortodoxa de la herej\u00eda aria y fue declarado santo al poco tiempo de su muerte.<\/p>\n<p>Otros patronos de los Basilianos son: La Bienaventurada Virgen Mar\u00eda, San Jos\u00e9, San Francisco de As\u00eds, Santo Tom\u00e1s de Aquino, San Juan Bosco y San Oscar Romero, elegidos porque encarnan los valores comunes de educaci\u00f3n, oraci\u00f3n, vida en comunidad, y servicio.<\/p>\n<h2>Lema<\/h2>\n<p>El lema Basiliano en lat\u00edn es: Bonitatem et disciplinam et scientiam doce me.\u00a0 La traducci\u00f3n al espa\u00f1ol es: Ens\u00e9\u00f1ame bondad, disciplina y conocimiento. Viene del salmo 119 (originalmente salmo 118). A fines del siglo XIX, el Padre Charles Vincent, CSB, uno de los fundadores del St. Michael\u2019s College en Toronto, Ontario estableci\u00f3 el lema para la congregaci\u00f3n. Muchas instituciones Basilianas lo han adoptado como su propio lema para servir una visi\u00f3n de educaci\u00f3n cat\u00f3lica.<\/p>\n<h3>Ens\u00e9\u00f1ame<\/h3>\n<p>\u201cEns\u00e9\u00f1ame\u201d puede ser dirigida hacia Dios como una petici\u00f3n de un Padre Basiliano que busca aprender bondad, disciplina y conocimiento y as\u00ed estar dispuesto a compartir, ense\u00f1ar y servir siendo un modelo para otros.<\/p>\n<p>Cuando es usado dentro de las instituciones Basilianas, puede dirigirse a aquellos que ense\u00f1an y trabajan en las escuelas Basilianas, as\u00ed como incorporarlo como objetivo para que los estudiantes lo alcancen.<\/p>\n<h3>Bondad<\/h3>\n<p>El significado de bondad es simplemente ser una buena persona. La bondad viene primero que todo lo expresado. Sin la presencia de la bondad, las palabras \u201cdisciplina\u201d y \u201cconocimiento\u201d pueden ser entendidas como parte de otros contextos.<\/p>\n<h3>Disciplina<\/h3>\n<p>En el contexto de la bondad, la disciplina no se refiere a una forma de castigo, sino que sumarse al discipulado de Cristo y a una invitaci\u00f3n a crecer en libertad, amor, conocimiento y santidad.<\/p>\n<h3>Conocimiento<\/h3>\n<p>El conocimiento no est\u00e1 restringido al aprendizaje sagrado, sino que a todo lo que involucra la creaci\u00f3n de Dios.<\/p>\n<p><a class=\"btn btn-outline-primary btn-lg\" title=\"Download the pdf about the Basilian way Life\" href=\"\/wp-content\/uploads\/2020\/09\/Basilian-Way-of-Life-2013-reprinting-ENGLISH.pdf\" target=\"_blank\" rel=\"noopener noreferrer\">La Forma de Vida Basiliana<\/a>\u00a0<a class=\"btn btn-outline-primary btn-lg\" href=\"https:\/\/basilian.org\/wp-content\/uploads\/2020\/11\/1-Kirley-The-Ten-Founders.pdf\" target=\"_blank\" rel=\"noopener noreferrer\">The Ten Founders (Ingl\u00e9s solamente)<\/a><\/p>\n","protected":false},"excerpt":{"rendered":"<p>Historia La Congregaci\u00f3n de San Basilio, tambi\u00e9n conocida como los Padres Basilianos, es una comunidad de sacerdotes cat\u00f3licos romanos, estudiantes de sacerdocio y laicos asociados enfocados en una educaci\u00f3n cristiana [&hellip;]<\/p>\n","protected":false},"author":282,"featured_media":3521,"parent":0,"menu_order":0,"comment_status":"closed","ping_status":"closed","template":"","meta":{"_bbp_topic_count":0,"_bbp_reply_count":0,"_bbp_total_topic_count":0,"_bbp_total_reply_count":0,"_bbp_voice_count":0,"_bbp_anonymous_reply_count":0,"_bbp_topic_count_hidden":0,"_bbp_reply_count_hidden":0,"_bbp_forum_subforum_count":0,"_uag_custom_page_level_css":"","footnotes":""},"acf":[],"yoast_head":"<!-- This site is optimized with the Yoast SEO plugin v20.3 - https:\/\/yoast.com\/wordpress\/plugins\/seo\/ -->\n<title>Acerca de Nosotros - Padres Basilianos - Congregaci\u00f3n de San Basilio<\/title>\n<meta name=\"robots\" content=\"index, follow, max-snippet:-1, max-image-preview:large, max-video-preview:-1\" \/>\n<link rel=\"canonical\" href=\"https:\/\/basilian.org\/es\/acerca-de-nosotros\/\" \/>\n<meta property=\"og:locale\" content=\"es_MX\" \/>\n<meta property=\"og:type\" content=\"article\" \/>\n<meta property=\"og:title\" content=\"Acerca de Nosotros - Padres Basilianos - Congregaci\u00f3n de San Basilio\" \/>\n<meta property=\"og:description\" content=\"Historia La Congregaci\u00f3n de San Basilio, tambi\u00e9n conocida como los Padres Basilianos, es una comunidad de sacerdotes cat\u00f3licos romanos, estudiantes de sacerdocio y laicos asociados enfocados en una educaci\u00f3n cristiana [&hellip;]\" \/>\n<meta property=\"og:url\" content=\"https:\/\/basilian.org\/es\/acerca-de-nosotros\/\" \/>\n<meta property=\"og:site_name\" content=\"Padres Basilianos\" \/>\n<meta property=\"article:modified_time\" content=\"2023-03-20T16:47:32+00:00\" \/>\n<meta property=\"og:image\" content=\"https:\/\/basilian.org\/wp-content\/uploads\/2020\/09\/Fr-Storey-celebrates-Mass-at-DCC.jpg\" \/>\n\t<meta property=\"og:image:width\" content=\"877\" \/>\n\t<meta property=\"og:image:height\" content=\"579\" \/>\n\t<meta property=\"og:image:type\" content=\"image\/jpeg\" \/>\n<meta name=\"twitter:card\" content=\"summary_large_image\" \/>\n<meta name=\"twitter:label1\" content=\"Tiempo de lectura\" \/>\n\t<meta name=\"twitter:data1\" content=\"3 minutos\" \/>\n<script type=\"application\/ld+json\" class=\"yoast-schema-graph\">{\"@context\":\"https:\/\/schema.org\",\"@graph\":[{\"@type\":\"WebPage\",\"@id\":\"https:\/\/basilian.org\/es\/acerca-de-nosotros\/\",\"url\":\"https:\/\/basilian.org\/es\/acerca-de-nosotros\/\",\"name\":\"Acerca de Nosotros - Padres Basilianos - Congregaci\u00f3n de San Basilio\",\"isPartOf\":{\"@id\":\"https:\/\/basilian.org\/es\/#website\"},\"datePublished\":\"2020-09-08T18:43:03+00:00\",\"dateModified\":\"2023-03-20T16:47:32+00:00\",\"breadcrumb\":{\"@id\":\"https:\/\/basilian.org\/es\/acerca-de-nosotros\/#breadcrumb\"},\"inLanguage\":\"es-MX\",\"potentialAction\":[{\"@type\":\"ReadAction\",\"target\":[\"https:\/\/basilian.org\/es\/acerca-de-nosotros\/\"]}]},{\"@type\":\"BreadcrumbList\",\"@id\":\"https:\/\/basilian.org\/es\/acerca-de-nosotros\/#breadcrumb\",\"itemListElement\":[{\"@type\":\"ListItem\",\"position\":1,\"name\":\"Home\",\"item\":\"https:\/\/basilian.org\/es\/\"},{\"@type\":\"ListItem\",\"position\":2,\"name\":\"Acerca de Nosotros\"}]},{\"@type\":\"WebSite\",\"@id\":\"https:\/\/basilian.org\/es\/#website\",\"url\":\"https:\/\/basilian.org\/es\/\",\"name\":\"Padres Basilianos\",\"description\":\"Congregaci\u00f3n de San Basilio\",\"publisher\":{\"@id\":\"https:\/\/basilian.org\/es\/#organization\"},\"potentialAction\":[{\"@type\":\"SearchAction\",\"target\":{\"@type\":\"EntryPoint\",\"urlTemplate\":\"https:\/\/basilian.org\/es\/?s={search_term_string}\"},\"query-input\":\"required name=search_term_string\"}],\"inLanguage\":\"es-MX\"},{\"@type\":\"Organization\",\"@id\":\"https:\/\/basilian.org\/es\/#organization\",\"name\":\"Congregation of St. Basil\",\"url\":\"https:\/\/basilian.org\/es\/\",\"logo\":{\"@type\":\"ImageObject\",\"inLanguage\":\"es-MX\",\"@id\":\"https:\/\/basilian.org\/es\/#\/schema\/logo\/image\/\",\"url\":\"https:\/\/basilian.org\/wp-content\/uploads\/2020\/08\/basilian-crest-new2.png\",\"contentUrl\":\"https:\/\/basilian.org\/wp-content\/uploads\/2020\/08\/basilian-crest-new2.png\",\"width\":250,\"height\":250,\"caption\":\"Congregation of St. Basil\"},\"image\":{\"@id\":\"https:\/\/basilian.org\/es\/#\/schema\/logo\/image\/\"}}]}<\/script>\n<!-- \/ Yoast SEO plugin. -->","yoast_head_json":{"title":"Acerca de Nosotros - Padres Basilianos - Congregaci\u00f3n de San Basilio","robots":{"index":"index","follow":"follow","max-snippet":"max-snippet:-1","max-image-preview":"max-image-preview:large","max-video-preview":"max-video-preview:-1"},"canonical":"https:\/\/basilian.org\/es\/acerca-de-nosotros\/","og_locale":"es_MX","og_type":"article","og_title":"Acerca de Nosotros - Padres Basilianos - Congregaci\u00f3n de San Basilio","og_description":"Historia La Congregaci\u00f3n de San Basilio, tambi\u00e9n conocida como los Padres Basilianos, es una comunidad de sacerdotes cat\u00f3licos romanos, estudiantes de sacerdocio y laicos asociados enfocados en una educaci\u00f3n cristiana [&hellip;]","og_url":"https:\/\/basilian.org\/es\/acerca-de-nosotros\/","og_site_name":"Padres Basilianos","article_modified_time":"2023-03-20T16:47:32+00:00","og_image":[{"width":877,"height":579,"url":"https:\/\/basilian.org\/wp-content\/uploads\/2020\/09\/Fr-Storey-celebrates-Mass-at-DCC.jpg","type":"image\/jpeg"}],"twitter_card":"summary_large_image","twitter_misc":{"Tiempo de lectura":"3 minutos"},"schema":{"@context":"https:\/\/schema.org","@graph":[{"@type":"WebPage","@id":"https:\/\/basilian.org\/es\/acerca-de-nosotros\/","url":"https:\/\/basilian.org\/es\/acerca-de-nosotros\/","name":"Acerca de Nosotros - Padres Basilianos - Congregaci\u00f3n de San Basilio","isPartOf":{"@id":"https:\/\/basilian.org\/es\/#website"},"datePublished":"2020-09-08T18:43:03+00:00","dateModified":"2023-03-20T16:47:32+00:00","breadcrumb":{"@id":"https:\/\/basilian.org\/es\/acerca-de-nosotros\/#breadcrumb"},"inLanguage":"es-MX","potentialAction":[{"@type":"ReadAction","target":["https:\/\/basilian.org\/es\/acerca-de-nosotros\/"]}]},{"@type":"BreadcrumbList","@id":"https:\/\/basilian.org\/es\/acerca-de-nosotros\/#breadcrumb","itemListElement":[{"@type":"ListItem","position":1,"name":"Home","item":"https:\/\/basilian.org\/es\/"},{"@type":"ListItem","position":2,"name":"Acerca de Nosotros"}]},{"@type":"WebSite","@id":"https:\/\/basilian.org\/es\/#website","url":"https:\/\/basilian.org\/es\/","name":"Padres Basilianos","description":"Congregaci\u00f3n de San Basilio","publisher":{"@id":"https:\/\/basilian.org\/es\/#organization"},"potentialAction":[{"@type":"SearchAction","target":{"@type":"EntryPoint","urlTemplate":"https:\/\/basilian.org\/es\/?s={search_term_string}"},"query-input":"required name=search_term_string"}],"inLanguage":"es-MX"},{"@type":"Organization","@id":"https:\/\/basilian.org\/es\/#organization","name":"Congregation of St. Basil","url":"https:\/\/basilian.org\/es\/","logo":{"@type":"ImageObject","inLanguage":"es-MX","@id":"https:\/\/basilian.org\/es\/#\/schema\/logo\/image\/","url":"https:\/\/basilian.org\/wp-content\/uploads\/2020\/08\/basilian-crest-new2.png","contentUrl":"https:\/\/basilian.org\/wp-content\/uploads\/2020\/08\/basilian-crest-new2.png","width":250,"height":250,"caption":"Congregation of St. Basil"},"image":{"@id":"https:\/\/basilian.org\/es\/#\/schema\/logo\/image\/"}}]}},"uagb_featured_image_src":{"full":["https:\/\/basilian.org\/wp-content\/uploads\/2020\/09\/Fr-Storey-celebrates-Mass-at-DCC.jpg",877,579,false],"thumbnail":["https:\/\/basilian.org\/wp-content\/uploads\/2020\/09\/Fr-Storey-celebrates-Mass-at-DCC-150x150.jpg",150,150,true],"medium":["https:\/\/basilian.org\/wp-content\/uploads\/2020\/09\/Fr-Storey-celebrates-Mass-at-DCC-300x198.jpg",300,198,true],"medium_large":["https:\/\/basilian.org\/wp-content\/uploads\/2020\/09\/Fr-Storey-celebrates-Mass-at-DCC-768x507.jpg",768,507,true],"large":["https:\/\/basilian.org\/wp-content\/uploads\/2020\/09\/Fr-Storey-celebrates-Mass-at-DCC.jpg",877,579,false],"wpbgallery_admin_thumb":["https:\/\/basilian.org\/wp-content\/uploads\/2020\/09\/Fr-Storey-celebrates-Mass-at-DCC-109x109.jpg",109,109,true],"wpbgallery_thumb":["https:\/\/basilian.org\/wp-content\/uploads\/2020\/09\/Fr-Storey-celebrates-Mass-at-DCC-200x200.jpg",200,200,true],"1536x1536":["https:\/\/basilian.org\/wp-content\/uploads\/2020\/09\/Fr-Storey-celebrates-Mass-at-DCC.jpg",877,579,false],"2048x2048":["https:\/\/basilian.org\/wp-content\/uploads\/2020\/09\/Fr-Storey-celebrates-Mass-at-DCC.jpg",877,579,false],"featured":["https:\/\/basilian.org\/wp-content\/uploads\/2020\/09\/Fr-Storey-celebrates-Mass-at-DCC-719x475.jpg",719,475,true]},"uagb_author_info":{"display_name":"Ilya Kovalevskiy","author_link":"https:\/\/basilian.org\/es\/author\/ilya_csb\/"},"uagb_comment_info":0,"uagb_excerpt":"Historia La Congregaci\u00f3n de San Basilio, tambi\u00e9n conocida como los Padres Basilianos, es una comunidad de sacerdotes cat\u00f3licos romanos, estudiantes de sacerdocio y laicos asociados enfocados en una educaci\u00f3n cristiana [&hellip;]","_links":{"self":[{"href":"https:\/\/basilian.org\/es\/wp-json\/wp\/v2\/pages\/243"}],"collection":[{"href":"https:\/\/basilian.org\/es\/wp-json\/wp\/v2\/pages"}],"about":[{"href":"https:\/\/basilian.org\/es\/wp-json\/wp\/v2\/types\/page"}],"author":[{"embeddable":true,"href":"https:\/\/basilian.org\/es\/wp-json\/wp\/v2\/users\/282"}],"replies":[{"embeddable":true,"href":"https:\/\/basilian.org\/es\/wp-json\/wp\/v2\/comments?post=243"}],"version-history":[{"count":11,"href":"https:\/\/basilian.org\/es\/wp-json\/wp\/v2\/pages\/243\/revisions"}],"predecessor-version":[{"id":10102,"href":"https:\/\/basilian.org\/es\/wp-json\/wp\/v2\/pages\/243\/revisions\/10102"}],"wp:featuredmedia":[{"embeddable":true,"href":"https:\/\/basilian.org\/es\/wp-json\/wp\/v2\/media\/3521"}],"wp:attachment":[{"href":"https:\/\/basilian.org\/es\/wp-json\/wp\/v2\/media?parent=243"}],"curies":[{"name":"wp","href":"https:\/\/api.w.org\/{rel}","templated":true}]}}