{"id":193,"date":"2020-09-01T18:57:00","date_gmt":"2020-09-01T18:57:00","guid":{"rendered":"http:\/\/basilian.org\/?page_id=193"},"modified":"2022-10-20T14:56:47","modified_gmt":"2022-10-20T18:56:47","slug":"unase-a-nosotros","status":"publish","type":"page","link":"https:\/\/basilian.org\/es\/vocaciones\/unase-a-nosotros\/","title":{"rendered":"\u00danase a nosotros"},"content":{"rendered":"<p><iframe loading=\"lazy\" title=\"YouTube video player\" src=\"https:\/\/www.youtube.com\/embed\/Y0Lito9BBW8\" width=\"560\" height=\"315\" frameborder=\"0\" allowfullscreen=\"allowfullscreen\"><\/iframe><\/p>\n<p>\u00bfBusca compartir los talentos que Dios le ha otorgado para marcar la diferencia en este mundo en una comunidad que brinda apoyo? Entonces la vida Basilian es ideal para usted.<\/p>\n<p>El proceso de convertirse en sacerdote puede parecer desalentador en un primer acercamiento, pero es m\u00e1s f\u00e1cil dando un paso a la vez. Nuestro <a href=\"https:\/\/basilian.org\/es\/vocaciones\/proceso-de-formacion\">proceso de formaci\u00f3n<\/a> est\u00e1 dise\u00f1ado para presentar a los candidatos la forma de vida Basiliana de manera gradual, comenzando por conocer a los miembros de la comunidad y, finalmente, por la ense\u00f1anza pr\u00e1ctica y las oportunidades pastorales, con tiempo para reflexionar y discernir si la forma de vida Basiliana se ajusta a usted.<\/p>\n<p>Si bien los Basilianos han tomado muchos caminos para convertirse\u00a0 en uno de nosotros, cada camino comienza de la misma manera: con una conversaci\u00f3n. Tome el primer paso, llene el formulario que se encuentra disponible a continuaci\u00f3n y se podr\u00e1n en contacto con nuestro Director de Vocaciones.<\/p>\n","protected":false},"excerpt":{"rendered":"<p>\u00bfBusca compartir los talentos que Dios le ha otorgado para marcar la diferencia en este mundo en una comunidad que brinda apoyo? Entonces la vida Basilian es ideal para usted. [&hellip;]<\/p>\n","protected":false},"author":282,"featured_media":0,"parent":188,"menu_order":0,"comment_status":"closed","ping_status":"closed","template":"vocations-pages.php","meta":{"_bbp_topic_count":0,"_bbp_reply_count":0,"_bbp_total_topic_count":0,"_bbp_total_reply_count":0,"_bbp_voice_count":0,"_bbp_anonymous_reply_count":0,"_bbp_topic_count_hidden":0,"_bbp_reply_count_hidden":0,"_bbp_forum_subforum_count":0,"_uag_custom_page_level_css":"","footnotes":""},"acf":[],"yoast_head":"<!-- This site is optimized with the Yoast SEO plugin v20.3 - https:\/\/yoast.com\/wordpress\/plugins\/seo\/ -->\n<title>\u00danase a nosotros - Padres Basilianos - Congregaci\u00f3n de San Basilio<\/title>\n<meta name=\"robots\" content=\"index, follow, max-snippet:-1, max-image-preview:large, max-video-preview:-1\" \/>\n<link rel=\"canonical\" href=\"https:\/\/basilian.org\/es\/vocaciones\/unase-a-nosotros\/\" \/>\n<meta property=\"og:locale\" content=\"es_MX\" \/>\n<meta property=\"og:type\" content=\"article\" \/>\n<meta property=\"og:title\" content=\"\u00danase a nosotros - Padres Basilianos - Congregaci\u00f3n de San Basilio\" \/>\n<meta property=\"og:description\" content=\"\u00bfBusca compartir los talentos que Dios le ha otorgado para marcar la diferencia en este mundo en una comunidad que brinda apoyo? Entonces la vida Basilian es ideal para usted. [&hellip;]\" \/>\n<meta property=\"og:url\" content=\"https:\/\/basilian.org\/es\/vocaciones\/unase-a-nosotros\/\" \/>\n<meta property=\"og:site_name\" content=\"Padres Basilianos\" \/>\n<meta property=\"article:modified_time\" content=\"2022-10-20T18:56:47+00:00\" \/>\n<meta property=\"og:image\" content=\"https:\/\/basilian.org\/wp-content\/uploads\/2022\/10\/Come-See-Houston-Instagram-Story-2.png\" \/>\n\t<meta property=\"og:image:width\" content=\"1080\" \/>\n\t<meta property=\"og:image:height\" content=\"1920\" \/>\n\t<meta property=\"og:image:type\" content=\"image\/png\" \/>\n<meta name=\"twitter:card\" content=\"summary_large_image\" \/>\n<meta name=\"twitter:label1\" content=\"Tiempo de lectura\" \/>\n\t<meta name=\"twitter:data1\" content=\"1 minuto\" \/>\n<script type=\"application\/ld+json\" class=\"yoast-schema-graph\">{\"@context\":\"https:\/\/schema.org\",\"@graph\":[{\"@type\":\"WebPage\",\"@id\":\"https:\/\/basilian.org\/es\/vocaciones\/unase-a-nosotros\/\",\"url\":\"https:\/\/basilian.org\/es\/vocaciones\/unase-a-nosotros\/\",\"name\":\"\u00danase a nosotros - Padres Basilianos - Congregaci\u00f3n de San Basilio\",\"isPartOf\":{\"@id\":\"https:\/\/basilian.org\/es\/#website\"},\"datePublished\":\"2020-09-01T18:57:00+00:00\",\"dateModified\":\"2022-10-20T18:56:47+00:00\",\"breadcrumb\":{\"@id\":\"https:\/\/basilian.org\/es\/vocaciones\/unase-a-nosotros\/#breadcrumb\"},\"inLanguage\":\"es-MX\",\"potentialAction\":[{\"@type\":\"ReadAction\",\"target\":[\"https:\/\/basilian.org\/es\/vocaciones\/unase-a-nosotros\/\"]}]},{\"@type\":\"BreadcrumbList\",\"@id\":\"https:\/\/basilian.org\/es\/vocaciones\/unase-a-nosotros\/#breadcrumb\",\"itemListElement\":[{\"@type\":\"ListItem\",\"position\":1,\"name\":\"Home\",\"item\":\"https:\/\/basilian.org\/es\/\"},{\"@type\":\"ListItem\",\"position\":2,\"name\":\"Vocaciones\",\"item\":\"https:\/\/basilian.org\/es\/vocaciones\/\"},{\"@type\":\"ListItem\",\"position\":3,\"name\":\"\u00danase a nosotros\"}]},{\"@type\":\"WebSite\",\"@id\":\"https:\/\/basilian.org\/es\/#website\",\"url\":\"https:\/\/basilian.org\/es\/\",\"name\":\"Padres Basilianos\",\"description\":\"Congregaci\u00f3n de San Basilio\",\"publisher\":{\"@id\":\"https:\/\/basilian.org\/es\/#organization\"},\"potentialAction\":[{\"@type\":\"SearchAction\",\"target\":{\"@type\":\"EntryPoint\",\"urlTemplate\":\"https:\/\/basilian.org\/es\/?s={search_term_string}\"},\"query-input\":\"required name=search_term_string\"}],\"inLanguage\":\"es-MX\"},{\"@type\":\"Organization\",\"@id\":\"https:\/\/basilian.org\/es\/#organization\",\"name\":\"Congregation of St. Basil\",\"url\":\"https:\/\/basilian.org\/es\/\",\"logo\":{\"@type\":\"ImageObject\",\"inLanguage\":\"es-MX\",\"@id\":\"https:\/\/basilian.org\/es\/#\/schema\/logo\/image\/\",\"url\":\"https:\/\/basilian.org\/wp-content\/uploads\/2020\/08\/basilian-crest-new2.png\",\"contentUrl\":\"https:\/\/basilian.org\/wp-content\/uploads\/2020\/08\/basilian-crest-new2.png\",\"width\":250,\"height\":250,\"caption\":\"Congregation of St. Basil\"},\"image\":{\"@id\":\"https:\/\/basilian.org\/es\/#\/schema\/logo\/image\/\"}}]}<\/script>\n<!-- \/ Yoast SEO plugin. -->","yoast_head_json":{"title":"\u00danase a nosotros - Padres Basilianos - Congregaci\u00f3n de San Basilio","robots":{"index":"index","follow":"follow","max-snippet":"max-snippet:-1","max-image-preview":"max-image-preview:large","max-video-preview":"max-video-preview:-1"},"canonical":"https:\/\/basilian.org\/es\/vocaciones\/unase-a-nosotros\/","og_locale":"es_MX","og_type":"article","og_title":"\u00danase a nosotros - Padres Basilianos - Congregaci\u00f3n de San Basilio","og_description":"\u00bfBusca compartir los talentos que Dios le ha otorgado para marcar la diferencia en este mundo en una comunidad que brinda apoyo? Entonces la vida Basilian es ideal para usted. [&hellip;]","og_url":"https:\/\/basilian.org\/es\/vocaciones\/unase-a-nosotros\/","og_site_name":"Padres Basilianos","article_modified_time":"2022-10-20T18:56:47+00:00","og_image":[{"width":1080,"height":1920,"url":"https:\/\/basilian.org\/wp-content\/uploads\/2022\/10\/Come-See-Houston-Instagram-Story-2.png","type":"image\/png"}],"twitter_card":"summary_large_image","twitter_misc":{"Tiempo de lectura":"1 minuto"},"schema":{"@context":"https:\/\/schema.org","@graph":[{"@type":"WebPage","@id":"https:\/\/basilian.org\/es\/vocaciones\/unase-a-nosotros\/","url":"https:\/\/basilian.org\/es\/vocaciones\/unase-a-nosotros\/","name":"\u00danase a nosotros - Padres Basilianos - Congregaci\u00f3n de San Basilio","isPartOf":{"@id":"https:\/\/basilian.org\/es\/#website"},"datePublished":"2020-09-01T18:57:00+00:00","dateModified":"2022-10-20T18:56:47+00:00","breadcrumb":{"@id":"https:\/\/basilian.org\/es\/vocaciones\/unase-a-nosotros\/#breadcrumb"},"inLanguage":"es-MX","potentialAction":[{"@type":"ReadAction","target":["https:\/\/basilian.org\/es\/vocaciones\/unase-a-nosotros\/"]}]},{"@type":"BreadcrumbList","@id":"https:\/\/basilian.org\/es\/vocaciones\/unase-a-nosotros\/#breadcrumb","itemListElement":[{"@type":"ListItem","position":1,"name":"Home","item":"https:\/\/basilian.org\/es\/"},{"@type":"ListItem","position":2,"name":"Vocaciones","item":"https:\/\/basilian.org\/es\/vocaciones\/"},{"@type":"ListItem","position":3,"name":"\u00danase a nosotros"}]},{"@type":"WebSite","@id":"https:\/\/basilian.org\/es\/#website","url":"https:\/\/basilian.org\/es\/","name":"Padres Basilianos","description":"Congregaci\u00f3n de San Basilio","publisher":{"@id":"https:\/\/basilian.org\/es\/#organization"},"potentialAction":[{"@type":"SearchAction","target":{"@type":"EntryPoint","urlTemplate":"https:\/\/basilian.org\/es\/?s={search_term_string}"},"query-input":"required name=search_term_string"}],"inLanguage":"es-MX"},{"@type":"Organization","@id":"https:\/\/basilian.org\/es\/#organization","name":"Congregation of St. Basil","url":"https:\/\/basilian.org\/es\/","logo":{"@type":"ImageObject","inLanguage":"es-MX","@id":"https:\/\/basilian.org\/es\/#\/schema\/logo\/image\/","url":"https:\/\/basilian.org\/wp-content\/uploads\/2020\/08\/basilian-crest-new2.png","contentUrl":"https:\/\/basilian.org\/wp-content\/uploads\/2020\/08\/basilian-crest-new2.png","width":250,"height":250,"caption":"Congregation of St. Basil"},"image":{"@id":"https:\/\/basilian.org\/es\/#\/schema\/logo\/image\/"}}]}},"uagb_featured_image_src":{"full":false,"thumbnail":false,"medium":false,"medium_large":false,"large":false,"wpbgallery_admin_thumb":false,"wpbgallery_thumb":false,"1536x1536":false,"2048x2048":false,"featured":false},"uagb_author_info":{"display_name":"Ilya Kovalevskiy","author_link":"https:\/\/basilian.org\/es\/author\/ilya_csb\/"},"uagb_comment_info":0,"uagb_excerpt":"\u00bfBusca compartir los talentos que Dios le ha otorgado para marcar la diferencia en este mundo en una comunidad que brinda apoyo? Entonces la vida Basilian es ideal para usted. [&hellip;]","_links":{"self":[{"href":"https:\/\/basilian.org\/es\/wp-json\/wp\/v2\/pages\/193"}],"collection":[{"href":"https:\/\/basilian.org\/es\/wp-json\/wp\/v2\/pages"}],"about":[{"href":"https:\/\/basilian.org\/es\/wp-json\/wp\/v2\/types\/page"}],"author":[{"embeddable":true,"href":"https:\/\/basilian.org\/es\/wp-json\/wp\/v2\/users\/282"}],"replies":[{"embeddable":true,"href":"https:\/\/basilian.org\/es\/wp-json\/wp\/v2\/comments?post=193"}],"version-history":[{"count":8,"href":"https:\/\/basilian.org\/es\/wp-json\/wp\/v2\/pages\/193\/revisions"}],"predecessor-version":[{"id":9379,"href":"https:\/\/basilian.org\/es\/wp-json\/wp\/v2\/pages\/193\/revisions\/9379"}],"up":[{"embeddable":true,"href":"https:\/\/basilian.org\/es\/wp-json\/wp\/v2\/pages\/188"}],"wp:attachment":[{"href":"https:\/\/basilian.org\/es\/wp-json\/wp\/v2\/media?parent=193"}],"curies":[{"name":"wp","href":"https:\/\/api.w.org\/{rel}","templated":true}]}}