{"id":188,"date":"2020-09-01T18:55:13","date_gmt":"2020-09-01T18:55:13","guid":{"rendered":"http:\/\/basilian.org\/?page_id=188"},"modified":"2020-09-08T19:57:11","modified_gmt":"2020-09-08T19:57:11","slug":"vocaciones","status":"publish","type":"page","link":"https:\/\/basilian.org\/es\/vocaciones\/","title":{"rendered":"Vocaciones"},"content":{"rendered":"<p>La decisi\u00f3n de unirse a los Padres Basilianos es el compromiso de dedicar la vida al servicio de Dios y la gente de Dios a trav\u00e9s de la educaci\u00f3n y la evangelizaci\u00f3n, centr\u00e1ndose en los pobres y marginados y viviendo en votos de castidad, pobreza y obediencia. Esta es una decisi\u00f3n que no puede ser tomada a la ligera pero que puede llevar a una vida significativa y plena y a un lugar en comuni\u00f3n con Dios. Los Basilianos son bendecidos con un proceso de formaci\u00f3n que se puede adaptar para satisfacer las necesidades individuales y al mismo tiempo proporcionarles las mismas experiencias comunes que son compartidas por todos los sacerdotes Basilianos, incluyendo la participaci\u00f3n en la vida comunitaria, profesar y vivir con votos de pobreza, castidad y obediencia y creciendo en una vida de oraci\u00f3n. El proceso formativo es tanto desafiante como alegre. Cada Basiliano comparte una misma ruta de servicio sacerdotal, pero cada uno lo camina de manera \u00fanica para llegar ser \u00a0en un sacerdote sano, equilibrado y santo.<\/p>\n<p>Le brindamos la bienvenida a candidatos de or\u00edgenes diversos que desean compartir nuestro camino tendr\u00edan una gran fe en Dios, devoci\u00f3n hacia la Iglesia y el anhelo de crecer en una vida de oraci\u00f3n.<\/p>\n<p>Los candidatos usualmente han completado o se encuentran en el proceso de obtener un t\u00edtulo profesional \u00a0en cualquier disciplina y tienen la aptitud correspondiente para completar los cursos de seminario de teolog\u00eda y cursos relacionados de manera \u00edntegra. La vida en comunidad es importante y cada miembro debe ser capaz de vivir y trabajar junto a sus hermanos Basilianos y contribuir en su casa local. Un candidato tambi\u00e9n debe estar abierto a ser relocalizado para servir a las personas de Dios.<\/p>\n<p>Estamos atentos ansiosos por escuchar de aquellos que disciernen acerca de una vocaci\u00f3n de sacerdocio. De un vistazo a estas p\u00e1ginas para obtener m\u00e1s informaci\u00f3n sobre el estilo de vida Basiliano y nuestro proceso de formaci\u00f3n para candidatos estadounidenses y canadienses, o comun\u00edquese con nuestro director vocacional.<\/p>\n<p>Promovemos un esp\u00edritu de hermandad entre los hombres en etapa formativa de todas nuestras casas en Estados Unidos, M\u00e9xico y Colombia, incluyendo la reuni\u00f3n escol\u00e1stica anual. M\u00e9xico y Colombia tienen su propio programa de vocaci\u00f3n.<\/p>\n<p>Puede encontrar m\u00e1s informaci\u00f3n acerca de nuestros <a href=\"https:\/\/www.facebook.com\/Vocacionalpadresbasilianosmexico\/\" target=\"_blank\" rel=\"noopener noreferrer\">programas vocacionales en M\u00e9xico<\/a> en\u00a0 <a href=\"https:\/\/www.basilianoscolombia.com\/\" target=\"_blank\" rel=\"noopener noreferrer\">y en Colombia<\/a><\/p>\n<p>&nbsp;<\/p>\n","protected":false},"excerpt":{"rendered":"<p>La decisi\u00f3n de unirse a los Padres Basilianos es el compromiso de dedicar la vida al servicio de Dios y la gente de Dios a trav\u00e9s de la educaci\u00f3n y [&hellip;]<\/p>\n","protected":false},"author":282,"featured_media":2044,"parent":0,"menu_order":0,"comment_status":"closed","ping_status":"closed","template":"vocations-pages.php","meta":{"_bbp_topic_count":0,"_bbp_reply_count":0,"_bbp_total_topic_count":0,"_bbp_total_reply_count":0,"_bbp_voice_count":0,"_bbp_anonymous_reply_count":0,"_bbp_topic_count_hidden":0,"_bbp_reply_count_hidden":0,"_bbp_forum_subforum_count":0,"_uag_custom_page_level_css":"","footnotes":""},"acf":[],"yoast_head":"<!-- This site is optimized with the Yoast SEO plugin v20.3 - https:\/\/yoast.com\/wordpress\/plugins\/seo\/ -->\n<title>Vocaciones - Padres Basilianos - Congregaci\u00f3n de San Basilio<\/title>\n<meta name=\"robots\" content=\"index, follow, max-snippet:-1, max-image-preview:large, max-video-preview:-1\" \/>\n<link rel=\"canonical\" href=\"https:\/\/basilian.org\/es\/vocaciones\/\" \/>\n<meta property=\"og:locale\" content=\"es_MX\" \/>\n<meta property=\"og:type\" content=\"article\" \/>\n<meta property=\"og:title\" content=\"Vocaciones - Padres Basilianos - Congregaci\u00f3n de San Basilio\" \/>\n<meta property=\"og:description\" content=\"La decisi\u00f3n de unirse a los Padres Basilianos es el compromiso de dedicar la vida al servicio de Dios y la gente de Dios a trav\u00e9s de la educaci\u00f3n y [&hellip;]\" \/>\n<meta property=\"og:url\" content=\"https:\/\/basilian.org\/es\/vocaciones\/\" \/>\n<meta property=\"og:site_name\" content=\"Padres Basilianos\" \/>\n<meta property=\"article:modified_time\" content=\"2020-09-08T19:57:11+00:00\" \/>\n<meta property=\"og:image\" content=\"https:\/\/basilian.org\/wp-content\/uploads\/2020\/09\/CCallschoolmass081519-24.jpg\" \/>\n\t<meta property=\"og:image:width\" content=\"825\" \/>\n\t<meta property=\"og:image:height\" content=\"475\" \/>\n\t<meta property=\"og:image:type\" content=\"image\/jpeg\" \/>\n<meta name=\"twitter:card\" content=\"summary_large_image\" \/>\n<meta name=\"twitter:label1\" content=\"Tiempo de lectura\" \/>\n\t<meta name=\"twitter:data1\" content=\"2 minutos\" \/>\n<script type=\"application\/ld+json\" class=\"yoast-schema-graph\">{\"@context\":\"https:\/\/schema.org\",\"@graph\":[{\"@type\":\"WebPage\",\"@id\":\"https:\/\/basilian.org\/es\/vocaciones\/\",\"url\":\"https:\/\/basilian.org\/es\/vocaciones\/\",\"name\":\"Vocaciones - Padres Basilianos - Congregaci\u00f3n de San Basilio\",\"isPartOf\":{\"@id\":\"https:\/\/basilian.org\/es\/#website\"},\"datePublished\":\"2020-09-01T18:55:13+00:00\",\"dateModified\":\"2020-09-08T19:57:11+00:00\",\"breadcrumb\":{\"@id\":\"https:\/\/basilian.org\/es\/vocaciones\/#breadcrumb\"},\"inLanguage\":\"es-MX\",\"potentialAction\":[{\"@type\":\"ReadAction\",\"target\":[\"https:\/\/basilian.org\/es\/vocaciones\/\"]}]},{\"@type\":\"BreadcrumbList\",\"@id\":\"https:\/\/basilian.org\/es\/vocaciones\/#breadcrumb\",\"itemListElement\":[{\"@type\":\"ListItem\",\"position\":1,\"name\":\"Home\",\"item\":\"https:\/\/basilian.org\/es\/\"},{\"@type\":\"ListItem\",\"position\":2,\"name\":\"Vocaciones\"}]},{\"@type\":\"WebSite\",\"@id\":\"https:\/\/basilian.org\/es\/#website\",\"url\":\"https:\/\/basilian.org\/es\/\",\"name\":\"Padres Basilianos\",\"description\":\"Congregaci\u00f3n de San Basilio\",\"publisher\":{\"@id\":\"https:\/\/basilian.org\/es\/#organization\"},\"potentialAction\":[{\"@type\":\"SearchAction\",\"target\":{\"@type\":\"EntryPoint\",\"urlTemplate\":\"https:\/\/basilian.org\/es\/?s={search_term_string}\"},\"query-input\":\"required name=search_term_string\"}],\"inLanguage\":\"es-MX\"},{\"@type\":\"Organization\",\"@id\":\"https:\/\/basilian.org\/es\/#organization\",\"name\":\"Congregation of St. Basil\",\"url\":\"https:\/\/basilian.org\/es\/\",\"logo\":{\"@type\":\"ImageObject\",\"inLanguage\":\"es-MX\",\"@id\":\"https:\/\/basilian.org\/es\/#\/schema\/logo\/image\/\",\"url\":\"https:\/\/basilian.org\/wp-content\/uploads\/2020\/08\/basilian-crest-new2.png\",\"contentUrl\":\"https:\/\/basilian.org\/wp-content\/uploads\/2020\/08\/basilian-crest-new2.png\",\"width\":250,\"height\":250,\"caption\":\"Congregation of St. Basil\"},\"image\":{\"@id\":\"https:\/\/basilian.org\/es\/#\/schema\/logo\/image\/\"}}]}<\/script>\n<!-- \/ Yoast SEO plugin. -->","yoast_head_json":{"title":"Vocaciones - Padres Basilianos - Congregaci\u00f3n de San Basilio","robots":{"index":"index","follow":"follow","max-snippet":"max-snippet:-1","max-image-preview":"max-image-preview:large","max-video-preview":"max-video-preview:-1"},"canonical":"https:\/\/basilian.org\/es\/vocaciones\/","og_locale":"es_MX","og_type":"article","og_title":"Vocaciones - Padres Basilianos - Congregaci\u00f3n de San Basilio","og_description":"La decisi\u00f3n de unirse a los Padres Basilianos es el compromiso de dedicar la vida al servicio de Dios y la gente de Dios a trav\u00e9s de la educaci\u00f3n y [&hellip;]","og_url":"https:\/\/basilian.org\/es\/vocaciones\/","og_site_name":"Padres Basilianos","article_modified_time":"2020-09-08T19:57:11+00:00","og_image":[{"width":825,"height":475,"url":"https:\/\/basilian.org\/wp-content\/uploads\/2020\/09\/CCallschoolmass081519-24.jpg","type":"image\/jpeg"}],"twitter_card":"summary_large_image","twitter_misc":{"Tiempo de lectura":"2 minutos"},"schema":{"@context":"https:\/\/schema.org","@graph":[{"@type":"WebPage","@id":"https:\/\/basilian.org\/es\/vocaciones\/","url":"https:\/\/basilian.org\/es\/vocaciones\/","name":"Vocaciones - Padres Basilianos - Congregaci\u00f3n de San Basilio","isPartOf":{"@id":"https:\/\/basilian.org\/es\/#website"},"datePublished":"2020-09-01T18:55:13+00:00","dateModified":"2020-09-08T19:57:11+00:00","breadcrumb":{"@id":"https:\/\/basilian.org\/es\/vocaciones\/#breadcrumb"},"inLanguage":"es-MX","potentialAction":[{"@type":"ReadAction","target":["https:\/\/basilian.org\/es\/vocaciones\/"]}]},{"@type":"BreadcrumbList","@id":"https:\/\/basilian.org\/es\/vocaciones\/#breadcrumb","itemListElement":[{"@type":"ListItem","position":1,"name":"Home","item":"https:\/\/basilian.org\/es\/"},{"@type":"ListItem","position":2,"name":"Vocaciones"}]},{"@type":"WebSite","@id":"https:\/\/basilian.org\/es\/#website","url":"https:\/\/basilian.org\/es\/","name":"Padres Basilianos","description":"Congregaci\u00f3n de San Basilio","publisher":{"@id":"https:\/\/basilian.org\/es\/#organization"},"potentialAction":[{"@type":"SearchAction","target":{"@type":"EntryPoint","urlTemplate":"https:\/\/basilian.org\/es\/?s={search_term_string}"},"query-input":"required name=search_term_string"}],"inLanguage":"es-MX"},{"@type":"Organization","@id":"https:\/\/basilian.org\/es\/#organization","name":"Congregation of St. Basil","url":"https:\/\/basilian.org\/es\/","logo":{"@type":"ImageObject","inLanguage":"es-MX","@id":"https:\/\/basilian.org\/es\/#\/schema\/logo\/image\/","url":"https:\/\/basilian.org\/wp-content\/uploads\/2020\/08\/basilian-crest-new2.png","contentUrl":"https:\/\/basilian.org\/wp-content\/uploads\/2020\/08\/basilian-crest-new2.png","width":250,"height":250,"caption":"Congregation of St. Basil"},"image":{"@id":"https:\/\/basilian.org\/es\/#\/schema\/logo\/image\/"}}]}},"uagb_featured_image_src":{"full":["https:\/\/basilian.org\/wp-content\/uploads\/2020\/09\/CCallschoolmass081519-24.jpg",825,475,false],"thumbnail":["https:\/\/basilian.org\/wp-content\/uploads\/2020\/09\/CCallschoolmass081519-24-150x150.jpg",150,150,true],"medium":["https:\/\/basilian.org\/wp-content\/uploads\/2020\/09\/CCallschoolmass081519-24-300x173.jpg",300,173,true],"medium_large":["https:\/\/basilian.org\/wp-content\/uploads\/2020\/09\/CCallschoolmass081519-24-768x442.jpg",768,442,true],"large":["https:\/\/basilian.org\/wp-content\/uploads\/2020\/09\/CCallschoolmass081519-24.jpg",825,475,false],"wpbgallery_admin_thumb":["https:\/\/basilian.org\/wp-content\/uploads\/2020\/09\/CCallschoolmass081519-24.jpg",109,63,false],"wpbgallery_thumb":["https:\/\/basilian.org\/wp-content\/uploads\/2020\/09\/CCallschoolmass081519-24.jpg",200,115,false],"1536x1536":["https:\/\/basilian.org\/wp-content\/uploads\/2020\/09\/CCallschoolmass081519-24.jpg",825,475,false],"2048x2048":["https:\/\/basilian.org\/wp-content\/uploads\/2020\/09\/CCallschoolmass081519-24.jpg",825,475,false],"featured":["https:\/\/basilian.org\/wp-content\/uploads\/2020\/09\/CCallschoolmass081519-24.jpg",825,475,false]},"uagb_author_info":{"display_name":"Ilya Kovalevskiy","author_link":"https:\/\/basilian.org\/es\/author\/ilya_csb\/"},"uagb_comment_info":0,"uagb_excerpt":"La decisi\u00f3n de unirse a los Padres Basilianos es el compromiso de dedicar la vida al servicio de Dios y la gente de Dios a trav\u00e9s de la educaci\u00f3n y [&hellip;]","_links":{"self":[{"href":"https:\/\/basilian.org\/es\/wp-json\/wp\/v2\/pages\/188"}],"collection":[{"href":"https:\/\/basilian.org\/es\/wp-json\/wp\/v2\/pages"}],"about":[{"href":"https:\/\/basilian.org\/es\/wp-json\/wp\/v2\/types\/page"}],"author":[{"embeddable":true,"href":"https:\/\/basilian.org\/es\/wp-json\/wp\/v2\/users\/282"}],"replies":[{"embeddable":true,"href":"https:\/\/basilian.org\/es\/wp-json\/wp\/v2\/comments?post=188"}],"version-history":[{"count":5,"href":"https:\/\/basilian.org\/es\/wp-json\/wp\/v2\/pages\/188\/revisions"}],"predecessor-version":[{"id":331,"href":"https:\/\/basilian.org\/es\/wp-json\/wp\/v2\/pages\/188\/revisions\/331"}],"wp:featuredmedia":[{"embeddable":true,"href":"https:\/\/basilian.org\/es\/wp-json\/wp\/v2\/media\/2044"}],"wp:attachment":[{"href":"https:\/\/basilian.org\/es\/wp-json\/wp\/v2\/media?parent=188"}],"curies":[{"name":"wp","href":"https:\/\/api.w.org\/{rel}","templated":true}]}}