{"id":178,"date":"2020-09-01T18:52:02","date_gmt":"2020-09-01T18:52:02","guid":{"rendered":"http:\/\/basilian.org\/basilian-missions\/"},"modified":"2020-09-28T19:41:42","modified_gmt":"2020-09-28T19:41:42","slug":"misiones-basilianas","status":"publish","type":"page","link":"https:\/\/basilian.org\/es\/ministerios\/misiones-basilianas\/","title":{"rendered":"Misiones Basilianas\/ Apostolado Latinoamericano"},"content":{"rendered":"<p>Los Basilianos fueron alentados por el llamado a las comunidades religiosas del Papa Juan XXIII para el env\u00edo de sus miembros a Latinoam\u00e9rica. Ampliamos nuestro ministerio con los trabajadores migrantes mexicanos en el sur de Texas estableciendo luego un apostolado en M\u00e9xico.<\/p>\n<p>En 1961 el Padre Francis Launtrie, CSB y el Padre Max Murphy, CSB fueron los primeros Basilianos enviados a M\u00e9xico. Ellos asumieron la direcci\u00f3n de la parroquia de San Juan Cris\u00f3stomo en el barrio de San Juan de Arag\u00f3n en Ciudad de M\u00e9xico. En aquel lugar ellos sirvieron a la parroquia y sus misiones. Dentro de los primeros 10 meses realizaron m\u00e1s de 657 bautismos entre 10.000 familias. Continuaron su trabajo en M\u00e9xico empezando ministerio parroquias pobres, renov\u00e1ndolas y luego entreg\u00e1ndolas a las di\u00f3cesis locales para continuar el ministerio.<\/p>\n<p>Uno de los m\u00e1s grandes logros de los Basilianos en M\u00e9xico fue la implementaci\u00f3n y desarrollo de la Catequesis Familiar. Fue desarrollada por los Basilianos y las Hermanas Violetas y les presentaba \/ present\u00f3 a las familias las ense\u00f1anzas b\u00e1sicas de la fe cat\u00f3lica. El programa ha tenido un gran \u00e9xito y los Basilianos han logrado implementarlo en variadas partes de M\u00e9xico.<\/p>\n<p>La satisfacci\u00f3n que produjo el trabajo realizado por los Basilianos en M\u00e9xico sirvi\u00f3 de catapulta para la idea de establecer otro proyecto en Latinoam\u00e9rica. Se gener\u00f3 la posibilidad de desarrollar un proyecto de desarrollo humano en Colombia el cual combin\u00f3 la evangelizaci\u00f3n, la catequesis, educaci\u00f3n y el desarrollo social y econ\u00f3mico. Los Basilianos se sintieron atra\u00eddos con las posibilidades existentes en Cali, Valle, una ciudad de unos 3.000.000 habitantes. Se ofreci\u00f3 a los Basilianos el tomar posesi\u00f3n de una parroquia que adem\u00e1s dispon\u00eda de una escuela. El grupo fundacional de Basilianos arrib\u00f3 en Colombia en julio de 1987 y ellos se expandieron hacia Bogot\u00e1 y Medell\u00edn. Desde 1997, los Basilianos han servido a feligreses de la parroquia San Basilio, localizada en la arquidi\u00f3cesis de Medell\u00edn, Colombia a trav\u00e9s del ministerio sacerdotal y un n\u00famero considerable de programas sociales.<\/p>\n<p>Si usted gusta apoyar nuestro trabajo misionero en M\u00e9xico y Colombia puede visitar <a href=\"https:\/\/www.basilianfathersmissions.org\/\" target=\"_blank\" rel=\"noopener noreferrer\">basilianfathersmissions.org<\/a>.<\/p>\n<p>Nuestro trabajo en aquellos pa\u00edses ha generado inter\u00e9s en la vocaciones seguir la forma de vida basiliana. Como respuesta hemos abierto casas de formaci\u00f3n religiosa incluyendo \u00a0noviciados en Tehuac\u00e1n, M\u00e9xico y Bogot\u00e1, Colombia y escol\u00e1sticos en Tlalpan, M\u00e9xico y Bogot\u00e1, Colombia.<\/p>\n","protected":false},"excerpt":{"rendered":"<p>Los Basilianos fueron alentados por el llamado a las comunidades religiosas del Papa Juan XXIII para el env\u00edo de sus miembros a Latinoam\u00e9rica. Ampliamos nuestro ministerio con los trabajadores migrantes [&hellip;]<\/p>\n","protected":false},"author":282,"featured_media":3854,"parent":370,"menu_order":0,"comment_status":"closed","ping_status":"closed","template":"","meta":{"_bbp_topic_count":0,"_bbp_reply_count":0,"_bbp_total_topic_count":0,"_bbp_total_reply_count":0,"_bbp_voice_count":0,"_bbp_anonymous_reply_count":0,"_bbp_topic_count_hidden":0,"_bbp_reply_count_hidden":0,"_bbp_forum_subforum_count":0,"_uag_custom_page_level_css":"","footnotes":""},"acf":[],"yoast_head":"<!-- This site is optimized with the Yoast SEO plugin v20.3 - https:\/\/yoast.com\/wordpress\/plugins\/seo\/ -->\n<title>Misiones Basilianas\/ Apostolado Latinoamericano - Padres Basilianos - Congregaci\u00f3n de San Basilio<\/title>\n<meta name=\"robots\" content=\"index, follow, max-snippet:-1, max-image-preview:large, max-video-preview:-1\" \/>\n<link rel=\"canonical\" href=\"https:\/\/basilian.org\/es\/ministerios\/misiones-basilianas\/\" \/>\n<meta property=\"og:locale\" content=\"es_MX\" \/>\n<meta property=\"og:type\" content=\"article\" \/>\n<meta property=\"og:title\" content=\"Misiones Basilianas\/ Apostolado Latinoamericano - Padres Basilianos - Congregaci\u00f3n de San Basilio\" \/>\n<meta property=\"og:description\" content=\"Los Basilianos fueron alentados por el llamado a las comunidades religiosas del Papa Juan XXIII para el env\u00edo de sus miembros a Latinoam\u00e9rica. Ampliamos nuestro ministerio con los trabajadores migrantes [&hellip;]\" \/>\n<meta property=\"og:url\" content=\"https:\/\/basilian.org\/es\/ministerios\/misiones-basilianas\/\" \/>\n<meta property=\"og:site_name\" content=\"Padres Basilianos\" \/>\n<meta property=\"article:modified_time\" content=\"2020-09-28T19:41:42+00:00\" \/>\n<meta property=\"og:image\" content=\"https:\/\/basilian.org\/wp-content\/uploads\/2020\/09\/Don-Mooney-Santiago-Acatepec-1.jpg\" \/>\n\t<meta property=\"og:image:width\" content=\"877\" \/>\n\t<meta property=\"og:image:height\" content=\"505\" \/>\n\t<meta property=\"og:image:type\" content=\"image\/jpeg\" \/>\n<meta name=\"twitter:card\" content=\"summary_large_image\" \/>\n<meta name=\"twitter:label1\" content=\"Tiempo de lectura\" \/>\n\t<meta name=\"twitter:data1\" content=\"2 minutos\" \/>\n<script type=\"application\/ld+json\" class=\"yoast-schema-graph\">{\"@context\":\"https:\/\/schema.org\",\"@graph\":[{\"@type\":\"WebPage\",\"@id\":\"https:\/\/basilian.org\/es\/ministerios\/misiones-basilianas\/\",\"url\":\"https:\/\/basilian.org\/es\/ministerios\/misiones-basilianas\/\",\"name\":\"Misiones Basilianas\/ Apostolado Latinoamericano - Padres Basilianos - Congregaci\u00f3n de San Basilio\",\"isPartOf\":{\"@id\":\"https:\/\/basilian.org\/es\/#website\"},\"datePublished\":\"2020-09-01T18:52:02+00:00\",\"dateModified\":\"2020-09-28T19:41:42+00:00\",\"breadcrumb\":{\"@id\":\"https:\/\/basilian.org\/es\/ministerios\/misiones-basilianas\/#breadcrumb\"},\"inLanguage\":\"es-MX\",\"potentialAction\":[{\"@type\":\"ReadAction\",\"target\":[\"https:\/\/basilian.org\/es\/ministerios\/misiones-basilianas\/\"]}]},{\"@type\":\"BreadcrumbList\",\"@id\":\"https:\/\/basilian.org\/es\/ministerios\/misiones-basilianas\/#breadcrumb\",\"itemListElement\":[{\"@type\":\"ListItem\",\"position\":1,\"name\":\"Home\",\"item\":\"https:\/\/basilian.org\/es\/\"},{\"@type\":\"ListItem\",\"position\":2,\"name\":\"Ministerios\",\"item\":\"https:\/\/basilian.org\/es\/ministerios\/\"},{\"@type\":\"ListItem\",\"position\":3,\"name\":\"Misiones Basilianas\/ Apostolado Latinoamericano\"}]},{\"@type\":\"WebSite\",\"@id\":\"https:\/\/basilian.org\/es\/#website\",\"url\":\"https:\/\/basilian.org\/es\/\",\"name\":\"Padres Basilianos\",\"description\":\"Congregaci\u00f3n de San Basilio\",\"publisher\":{\"@id\":\"https:\/\/basilian.org\/es\/#organization\"},\"potentialAction\":[{\"@type\":\"SearchAction\",\"target\":{\"@type\":\"EntryPoint\",\"urlTemplate\":\"https:\/\/basilian.org\/es\/?s={search_term_string}\"},\"query-input\":\"required name=search_term_string\"}],\"inLanguage\":\"es-MX\"},{\"@type\":\"Organization\",\"@id\":\"https:\/\/basilian.org\/es\/#organization\",\"name\":\"Congregation of St. Basil\",\"url\":\"https:\/\/basilian.org\/es\/\",\"logo\":{\"@type\":\"ImageObject\",\"inLanguage\":\"es-MX\",\"@id\":\"https:\/\/basilian.org\/es\/#\/schema\/logo\/image\/\",\"url\":\"https:\/\/basilian.org\/wp-content\/uploads\/2020\/08\/basilian-crest-new2.png\",\"contentUrl\":\"https:\/\/basilian.org\/wp-content\/uploads\/2020\/08\/basilian-crest-new2.png\",\"width\":250,\"height\":250,\"caption\":\"Congregation of St. Basil\"},\"image\":{\"@id\":\"https:\/\/basilian.org\/es\/#\/schema\/logo\/image\/\"}}]}<\/script>\n<!-- \/ Yoast SEO plugin. -->","yoast_head_json":{"title":"Misiones Basilianas\/ Apostolado Latinoamericano - Padres Basilianos - Congregaci\u00f3n de San Basilio","robots":{"index":"index","follow":"follow","max-snippet":"max-snippet:-1","max-image-preview":"max-image-preview:large","max-video-preview":"max-video-preview:-1"},"canonical":"https:\/\/basilian.org\/es\/ministerios\/misiones-basilianas\/","og_locale":"es_MX","og_type":"article","og_title":"Misiones Basilianas\/ Apostolado Latinoamericano - Padres Basilianos - Congregaci\u00f3n de San Basilio","og_description":"Los Basilianos fueron alentados por el llamado a las comunidades religiosas del Papa Juan XXIII para el env\u00edo de sus miembros a Latinoam\u00e9rica. Ampliamos nuestro ministerio con los trabajadores migrantes [&hellip;]","og_url":"https:\/\/basilian.org\/es\/ministerios\/misiones-basilianas\/","og_site_name":"Padres Basilianos","article_modified_time":"2020-09-28T19:41:42+00:00","og_image":[{"width":877,"height":505,"url":"https:\/\/basilian.org\/wp-content\/uploads\/2020\/09\/Don-Mooney-Santiago-Acatepec-1.jpg","type":"image\/jpeg"}],"twitter_card":"summary_large_image","twitter_misc":{"Tiempo de lectura":"2 minutos"},"schema":{"@context":"https:\/\/schema.org","@graph":[{"@type":"WebPage","@id":"https:\/\/basilian.org\/es\/ministerios\/misiones-basilianas\/","url":"https:\/\/basilian.org\/es\/ministerios\/misiones-basilianas\/","name":"Misiones Basilianas\/ Apostolado Latinoamericano - Padres Basilianos - Congregaci\u00f3n de San Basilio","isPartOf":{"@id":"https:\/\/basilian.org\/es\/#website"},"datePublished":"2020-09-01T18:52:02+00:00","dateModified":"2020-09-28T19:41:42+00:00","breadcrumb":{"@id":"https:\/\/basilian.org\/es\/ministerios\/misiones-basilianas\/#breadcrumb"},"inLanguage":"es-MX","potentialAction":[{"@type":"ReadAction","target":["https:\/\/basilian.org\/es\/ministerios\/misiones-basilianas\/"]}]},{"@type":"BreadcrumbList","@id":"https:\/\/basilian.org\/es\/ministerios\/misiones-basilianas\/#breadcrumb","itemListElement":[{"@type":"ListItem","position":1,"name":"Home","item":"https:\/\/basilian.org\/es\/"},{"@type":"ListItem","position":2,"name":"Ministerios","item":"https:\/\/basilian.org\/es\/ministerios\/"},{"@type":"ListItem","position":3,"name":"Misiones Basilianas\/ Apostolado Latinoamericano"}]},{"@type":"WebSite","@id":"https:\/\/basilian.org\/es\/#website","url":"https:\/\/basilian.org\/es\/","name":"Padres Basilianos","description":"Congregaci\u00f3n de San Basilio","publisher":{"@id":"https:\/\/basilian.org\/es\/#organization"},"potentialAction":[{"@type":"SearchAction","target":{"@type":"EntryPoint","urlTemplate":"https:\/\/basilian.org\/es\/?s={search_term_string}"},"query-input":"required name=search_term_string"}],"inLanguage":"es-MX"},{"@type":"Organization","@id":"https:\/\/basilian.org\/es\/#organization","name":"Congregation of St. Basil","url":"https:\/\/basilian.org\/es\/","logo":{"@type":"ImageObject","inLanguage":"es-MX","@id":"https:\/\/basilian.org\/es\/#\/schema\/logo\/image\/","url":"https:\/\/basilian.org\/wp-content\/uploads\/2020\/08\/basilian-crest-new2.png","contentUrl":"https:\/\/basilian.org\/wp-content\/uploads\/2020\/08\/basilian-crest-new2.png","width":250,"height":250,"caption":"Congregation of St. Basil"},"image":{"@id":"https:\/\/basilian.org\/es\/#\/schema\/logo\/image\/"}}]}},"uagb_featured_image_src":{"full":["https:\/\/basilian.org\/wp-content\/uploads\/2020\/09\/Don-Mooney-Santiago-Acatepec-1.jpg",877,505,false],"thumbnail":["https:\/\/basilian.org\/wp-content\/uploads\/2020\/09\/Don-Mooney-Santiago-Acatepec-1-150x150.jpg",150,150,true],"medium":["https:\/\/basilian.org\/wp-content\/uploads\/2020\/09\/Don-Mooney-Santiago-Acatepec-1-300x173.jpg",300,173,true],"medium_large":["https:\/\/basilian.org\/wp-content\/uploads\/2020\/09\/Don-Mooney-Santiago-Acatepec-1-768x442.jpg",768,442,true],"large":["https:\/\/basilian.org\/wp-content\/uploads\/2020\/09\/Don-Mooney-Santiago-Acatepec-1.jpg",877,505,false],"wpbgallery_admin_thumb":["https:\/\/basilian.org\/wp-content\/uploads\/2020\/09\/Don-Mooney-Santiago-Acatepec-1-109x109.jpg",109,109,true],"wpbgallery_thumb":["https:\/\/basilian.org\/wp-content\/uploads\/2020\/09\/Don-Mooney-Santiago-Acatepec-1-200x200.jpg",200,200,true],"1536x1536":["https:\/\/basilian.org\/wp-content\/uploads\/2020\/09\/Don-Mooney-Santiago-Acatepec-1.jpg",877,505,false],"2048x2048":["https:\/\/basilian.org\/wp-content\/uploads\/2020\/09\/Don-Mooney-Santiago-Acatepec-1.jpg",877,505,false],"featured":["https:\/\/basilian.org\/wp-content\/uploads\/2020\/09\/Don-Mooney-Santiago-Acatepec-1-825x475.jpg",825,475,true]},"uagb_author_info":{"display_name":"Ilya Kovalevskiy","author_link":"https:\/\/basilian.org\/es\/author\/ilya_csb\/"},"uagb_comment_info":0,"uagb_excerpt":"Los Basilianos fueron alentados por el llamado a las comunidades religiosas del Papa Juan XXIII para el env\u00edo de sus miembros a Latinoam\u00e9rica. Ampliamos nuestro ministerio con los trabajadores migrantes [&hellip;]","_links":{"self":[{"href":"https:\/\/basilian.org\/es\/wp-json\/wp\/v2\/pages\/178"}],"collection":[{"href":"https:\/\/basilian.org\/es\/wp-json\/wp\/v2\/pages"}],"about":[{"href":"https:\/\/basilian.org\/es\/wp-json\/wp\/v2\/types\/page"}],"author":[{"embeddable":true,"href":"https:\/\/basilian.org\/es\/wp-json\/wp\/v2\/users\/282"}],"replies":[{"embeddable":true,"href":"https:\/\/basilian.org\/es\/wp-json\/wp\/v2\/comments?post=178"}],"version-history":[{"count":4,"href":"https:\/\/basilian.org\/es\/wp-json\/wp\/v2\/pages\/178\/revisions"}],"predecessor-version":[{"id":3863,"href":"https:\/\/basilian.org\/es\/wp-json\/wp\/v2\/pages\/178\/revisions\/3863"}],"up":[{"embeddable":true,"href":"https:\/\/basilian.org\/es\/wp-json\/wp\/v2\/pages\/370"}],"wp:featuredmedia":[{"embeddable":true,"href":"https:\/\/basilian.org\/es\/wp-json\/wp\/v2\/media\/3854"}],"wp:attachment":[{"href":"https:\/\/basilian.org\/es\/wp-json\/wp\/v2\/media?parent=178"}],"curies":[{"name":"wp","href":"https:\/\/api.w.org\/{rel}","templated":true}]}}