{"id":172,"date":"2020-09-01T18:51:28","date_gmt":"2020-09-01T18:51:28","guid":{"rendered":"http:\/\/basilian.org\/?page_id=172"},"modified":"2020-09-08T18:50:25","modified_gmt":"2020-09-08T18:50:25","slug":"nuestro-carisma","status":"publish","type":"page","link":"https:\/\/basilian.org\/es\/acerca-de-nosotros\/nuestro-carisma\/","title":{"rendered":"Nuestro Carisma"},"content":{"rendered":"<p>La dedicaci\u00f3n de un Basiliano a la educaci\u00f3n en la ense\u00f1anza y a la evangelizaci\u00f3n se vive en todos los aspectos de su vida. Nuestro don de ense\u00f1ar es f\u00e1cilmente reconocible en el sal\u00f3n de clases, del mismo modo se aprecia en las homil\u00edas de nuestras parroquias.\u00a0 Los Feligreses a menudo dicen que cuando un Basiliano habla desde su p\u00falpito sienten que escuchan a un profesor. Y es que ellos traen sus experiencias y pasi\u00f3n por las materias a las cuales se refieren y por Jesucristo a la liturgia. La educaci\u00f3n es una herramienta valiosa para la evangelizaci\u00f3n ya que promoviendo nuestro conocimiento de toda la creaci\u00f3n de Dios atrae a las personas hacia \u00c9l.<\/p>\n<p>Como muchos escol\u00e1sticos, los Basilianos logran el grado de Master en Teolog\u00eda y el ministerio del sacerdocio ofrecen oportunidades para el crecimiento en su educaci\u00f3n. Muchos Basilianos contin\u00faan sus estudios para obtener el grado de doctorado y credenciales profesionales.<\/p>\n<p>Si bien el ministerio del sacerdocio de hoy no involucra la cantidad de trabajo en las salas de clases como sol\u00eda ser en el pasado, la presencia Basiliana en nuestras escuelas se refleja fuertemente a trav\u00e9s de los roles en administraci\u00f3n y en las juntas directivas. Desde aquellas posiciones los Basilianos logran empapar las instituciones educacionales con la cultura Basiliana que se define en el curr\u00edculum de artes liberales ofreciendo una amplia gama de temas, un enfoque en el desarrollo integral de la persona y el servicio a Dios y a los dem\u00e1s. Nuestras escuelas a menudo asumen como suyas \u00a0el lema de la Congregaci\u00f3n: \u201cEns\u00e9\u00f1ame la bondad, la Disciplina y el Conocimiento\u201d. Para las instituciones Basilianas, estas palabras no son s\u00f3lo para escribir en un manual para estudiantes, son para ser ense\u00f1adas y experimentadas diariamente en nuestra administraci\u00f3n, facultad y estudiantes. Desde las posiciones ya se\u00f1aladas, los Basilianos influyen en las vidas de un sinn\u00famero de graduados de sus escuelas y emergen a marcar la diferencia en sus comunidades y el mundo.<\/p>\n","protected":false},"excerpt":{"rendered":"<p>La dedicaci\u00f3n de un Basiliano a la educaci\u00f3n en la ense\u00f1anza y a la evangelizaci\u00f3n se vive en todos los aspectos de su vida. Nuestro don de ense\u00f1ar es f\u00e1cilmente [&hellip;]<\/p>\n","protected":false},"author":282,"featured_media":2007,"parent":243,"menu_order":0,"comment_status":"closed","ping_status":"closed","template":"","meta":{"_bbp_topic_count":0,"_bbp_reply_count":0,"_bbp_total_topic_count":0,"_bbp_total_reply_count":0,"_bbp_voice_count":0,"_bbp_anonymous_reply_count":0,"_bbp_topic_count_hidden":0,"_bbp_reply_count_hidden":0,"_bbp_forum_subforum_count":0,"_uag_custom_page_level_css":"","footnotes":""},"acf":[],"yoast_head":"<!-- This site is optimized with the Yoast SEO plugin v20.3 - https:\/\/yoast.com\/wordpress\/plugins\/seo\/ -->\n<title>Nuestro Carisma - Padres Basilianos - Congregaci\u00f3n de San Basilio<\/title>\n<meta name=\"robots\" content=\"index, follow, max-snippet:-1, max-image-preview:large, max-video-preview:-1\" \/>\n<link rel=\"canonical\" href=\"https:\/\/basilian.org\/es\/acerca-de-nosotros\/nuestro-carisma\/\" \/>\n<meta property=\"og:locale\" content=\"es_MX\" \/>\n<meta property=\"og:type\" content=\"article\" \/>\n<meta property=\"og:title\" content=\"Nuestro Carisma - Padres Basilianos - Congregaci\u00f3n de San Basilio\" \/>\n<meta property=\"og:description\" content=\"La dedicaci\u00f3n de un Basiliano a la educaci\u00f3n en la ense\u00f1anza y a la evangelizaci\u00f3n se vive en todos los aspectos de su vida. Nuestro don de ense\u00f1ar es f\u00e1cilmente [&hellip;]\" \/>\n<meta property=\"og:url\" content=\"https:\/\/basilian.org\/es\/acerca-de-nosotros\/nuestro-carisma\/\" \/>\n<meta property=\"og:site_name\" content=\"Padres Basilianos\" \/>\n<meta property=\"article:modified_time\" content=\"2020-09-08T18:50:25+00:00\" \/>\n<meta property=\"og:image\" content=\"https:\/\/basilian.org\/wp-content\/uploads\/2020\/09\/48803727068_b8ea2549ca_c.jpg\" \/>\n\t<meta property=\"og:image:width\" content=\"825\" \/>\n\t<meta property=\"og:image:height\" content=\"475\" \/>\n\t<meta property=\"og:image:type\" content=\"image\/jpeg\" \/>\n<meta name=\"twitter:card\" content=\"summary_large_image\" \/>\n<meta name=\"twitter:label1\" content=\"Tiempo de lectura\" \/>\n\t<meta name=\"twitter:data1\" content=\"2 minutos\" \/>\n<script type=\"application\/ld+json\" class=\"yoast-schema-graph\">{\"@context\":\"https:\/\/schema.org\",\"@graph\":[{\"@type\":\"WebPage\",\"@id\":\"https:\/\/basilian.org\/es\/acerca-de-nosotros\/nuestro-carisma\/\",\"url\":\"https:\/\/basilian.org\/es\/acerca-de-nosotros\/nuestro-carisma\/\",\"name\":\"Nuestro Carisma - Padres Basilianos - Congregaci\u00f3n de San Basilio\",\"isPartOf\":{\"@id\":\"https:\/\/basilian.org\/es\/#website\"},\"datePublished\":\"2020-09-01T18:51:28+00:00\",\"dateModified\":\"2020-09-08T18:50:25+00:00\",\"breadcrumb\":{\"@id\":\"https:\/\/basilian.org\/es\/acerca-de-nosotros\/nuestro-carisma\/#breadcrumb\"},\"inLanguage\":\"es-MX\",\"potentialAction\":[{\"@type\":\"ReadAction\",\"target\":[\"https:\/\/basilian.org\/es\/acerca-de-nosotros\/nuestro-carisma\/\"]}]},{\"@type\":\"BreadcrumbList\",\"@id\":\"https:\/\/basilian.org\/es\/acerca-de-nosotros\/nuestro-carisma\/#breadcrumb\",\"itemListElement\":[{\"@type\":\"ListItem\",\"position\":1,\"name\":\"Home\",\"item\":\"https:\/\/basilian.org\/es\/\"},{\"@type\":\"ListItem\",\"position\":2,\"name\":\"Acerca de Nosotros\",\"item\":\"https:\/\/basilian.org\/es\/acerca-de-nosotros\/\"},{\"@type\":\"ListItem\",\"position\":3,\"name\":\"Nuestro Carisma\"}]},{\"@type\":\"WebSite\",\"@id\":\"https:\/\/basilian.org\/es\/#website\",\"url\":\"https:\/\/basilian.org\/es\/\",\"name\":\"Padres Basilianos\",\"description\":\"Congregaci\u00f3n de San Basilio\",\"publisher\":{\"@id\":\"https:\/\/basilian.org\/es\/#organization\"},\"potentialAction\":[{\"@type\":\"SearchAction\",\"target\":{\"@type\":\"EntryPoint\",\"urlTemplate\":\"https:\/\/basilian.org\/es\/?s={search_term_string}\"},\"query-input\":\"required name=search_term_string\"}],\"inLanguage\":\"es-MX\"},{\"@type\":\"Organization\",\"@id\":\"https:\/\/basilian.org\/es\/#organization\",\"name\":\"Congregation of St. Basil\",\"url\":\"https:\/\/basilian.org\/es\/\",\"logo\":{\"@type\":\"ImageObject\",\"inLanguage\":\"es-MX\",\"@id\":\"https:\/\/basilian.org\/es\/#\/schema\/logo\/image\/\",\"url\":\"https:\/\/basilian.org\/wp-content\/uploads\/2020\/08\/basilian-crest-new2.png\",\"contentUrl\":\"https:\/\/basilian.org\/wp-content\/uploads\/2020\/08\/basilian-crest-new2.png\",\"width\":250,\"height\":250,\"caption\":\"Congregation of St. Basil\"},\"image\":{\"@id\":\"https:\/\/basilian.org\/es\/#\/schema\/logo\/image\/\"}}]}<\/script>\n<!-- \/ Yoast SEO plugin. -->","yoast_head_json":{"title":"Nuestro Carisma - Padres Basilianos - Congregaci\u00f3n de San Basilio","robots":{"index":"index","follow":"follow","max-snippet":"max-snippet:-1","max-image-preview":"max-image-preview:large","max-video-preview":"max-video-preview:-1"},"canonical":"https:\/\/basilian.org\/es\/acerca-de-nosotros\/nuestro-carisma\/","og_locale":"es_MX","og_type":"article","og_title":"Nuestro Carisma - Padres Basilianos - Congregaci\u00f3n de San Basilio","og_description":"La dedicaci\u00f3n de un Basiliano a la educaci\u00f3n en la ense\u00f1anza y a la evangelizaci\u00f3n se vive en todos los aspectos de su vida. Nuestro don de ense\u00f1ar es f\u00e1cilmente [&hellip;]","og_url":"https:\/\/basilian.org\/es\/acerca-de-nosotros\/nuestro-carisma\/","og_site_name":"Padres Basilianos","article_modified_time":"2020-09-08T18:50:25+00:00","og_image":[{"width":825,"height":475,"url":"https:\/\/basilian.org\/wp-content\/uploads\/2020\/09\/48803727068_b8ea2549ca_c.jpg","type":"image\/jpeg"}],"twitter_card":"summary_large_image","twitter_misc":{"Tiempo de lectura":"2 minutos"},"schema":{"@context":"https:\/\/schema.org","@graph":[{"@type":"WebPage","@id":"https:\/\/basilian.org\/es\/acerca-de-nosotros\/nuestro-carisma\/","url":"https:\/\/basilian.org\/es\/acerca-de-nosotros\/nuestro-carisma\/","name":"Nuestro Carisma - Padres Basilianos - Congregaci\u00f3n de San Basilio","isPartOf":{"@id":"https:\/\/basilian.org\/es\/#website"},"datePublished":"2020-09-01T18:51:28+00:00","dateModified":"2020-09-08T18:50:25+00:00","breadcrumb":{"@id":"https:\/\/basilian.org\/es\/acerca-de-nosotros\/nuestro-carisma\/#breadcrumb"},"inLanguage":"es-MX","potentialAction":[{"@type":"ReadAction","target":["https:\/\/basilian.org\/es\/acerca-de-nosotros\/nuestro-carisma\/"]}]},{"@type":"BreadcrumbList","@id":"https:\/\/basilian.org\/es\/acerca-de-nosotros\/nuestro-carisma\/#breadcrumb","itemListElement":[{"@type":"ListItem","position":1,"name":"Home","item":"https:\/\/basilian.org\/es\/"},{"@type":"ListItem","position":2,"name":"Acerca de Nosotros","item":"https:\/\/basilian.org\/es\/acerca-de-nosotros\/"},{"@type":"ListItem","position":3,"name":"Nuestro Carisma"}]},{"@type":"WebSite","@id":"https:\/\/basilian.org\/es\/#website","url":"https:\/\/basilian.org\/es\/","name":"Padres Basilianos","description":"Congregaci\u00f3n de San Basilio","publisher":{"@id":"https:\/\/basilian.org\/es\/#organization"},"potentialAction":[{"@type":"SearchAction","target":{"@type":"EntryPoint","urlTemplate":"https:\/\/basilian.org\/es\/?s={search_term_string}"},"query-input":"required name=search_term_string"}],"inLanguage":"es-MX"},{"@type":"Organization","@id":"https:\/\/basilian.org\/es\/#organization","name":"Congregation of St. Basil","url":"https:\/\/basilian.org\/es\/","logo":{"@type":"ImageObject","inLanguage":"es-MX","@id":"https:\/\/basilian.org\/es\/#\/schema\/logo\/image\/","url":"https:\/\/basilian.org\/wp-content\/uploads\/2020\/08\/basilian-crest-new2.png","contentUrl":"https:\/\/basilian.org\/wp-content\/uploads\/2020\/08\/basilian-crest-new2.png","width":250,"height":250,"caption":"Congregation of St. Basil"},"image":{"@id":"https:\/\/basilian.org\/es\/#\/schema\/logo\/image\/"}}]}},"uagb_featured_image_src":{"full":["https:\/\/basilian.org\/wp-content\/uploads\/2020\/09\/48803727068_b8ea2549ca_c.jpg",825,475,false],"thumbnail":["https:\/\/basilian.org\/wp-content\/uploads\/2020\/09\/48803727068_b8ea2549ca_c-150x150.jpg",150,150,true],"medium":["https:\/\/basilian.org\/wp-content\/uploads\/2020\/09\/48803727068_b8ea2549ca_c-300x173.jpg",300,173,true],"medium_large":["https:\/\/basilian.org\/wp-content\/uploads\/2020\/09\/48803727068_b8ea2549ca_c-768x442.jpg",768,442,true],"large":["https:\/\/basilian.org\/wp-content\/uploads\/2020\/09\/48803727068_b8ea2549ca_c.jpg",825,475,false],"wpbgallery_admin_thumb":["https:\/\/basilian.org\/wp-content\/uploads\/2020\/09\/48803727068_b8ea2549ca_c.jpg",109,63,false],"wpbgallery_thumb":["https:\/\/basilian.org\/wp-content\/uploads\/2020\/09\/48803727068_b8ea2549ca_c.jpg",200,115,false],"1536x1536":["https:\/\/basilian.org\/wp-content\/uploads\/2020\/09\/48803727068_b8ea2549ca_c.jpg",825,475,false],"2048x2048":["https:\/\/basilian.org\/wp-content\/uploads\/2020\/09\/48803727068_b8ea2549ca_c.jpg",825,475,false],"featured":["https:\/\/basilian.org\/wp-content\/uploads\/2020\/09\/48803727068_b8ea2549ca_c.jpg",825,475,false]},"uagb_author_info":{"display_name":"Ilya Kovalevskiy","author_link":"https:\/\/basilian.org\/es\/author\/ilya_csb\/"},"uagb_comment_info":0,"uagb_excerpt":"La dedicaci\u00f3n de un Basiliano a la educaci\u00f3n en la ense\u00f1anza y a la evangelizaci\u00f3n se vive en todos los aspectos de su vida. Nuestro don de ense\u00f1ar es f\u00e1cilmente [&hellip;]","_links":{"self":[{"href":"https:\/\/basilian.org\/es\/wp-json\/wp\/v2\/pages\/172"}],"collection":[{"href":"https:\/\/basilian.org\/es\/wp-json\/wp\/v2\/pages"}],"about":[{"href":"https:\/\/basilian.org\/es\/wp-json\/wp\/v2\/types\/page"}],"author":[{"embeddable":true,"href":"https:\/\/basilian.org\/es\/wp-json\/wp\/v2\/users\/282"}],"replies":[{"embeddable":true,"href":"https:\/\/basilian.org\/es\/wp-json\/wp\/v2\/comments?post=172"}],"version-history":[{"count":3,"href":"https:\/\/basilian.org\/es\/wp-json\/wp\/v2\/pages\/172\/revisions"}],"predecessor-version":[{"id":252,"href":"https:\/\/basilian.org\/es\/wp-json\/wp\/v2\/pages\/172\/revisions\/252"}],"up":[{"embeddable":true,"href":"https:\/\/basilian.org\/es\/wp-json\/wp\/v2\/pages\/243"}],"wp:featuredmedia":[{"embeddable":true,"href":"https:\/\/basilian.org\/es\/wp-json\/wp\/v2\/media\/2007"}],"wp:attachment":[{"href":"https:\/\/basilian.org\/es\/wp-json\/wp\/v2\/media?parent=172"}],"curies":[{"name":"wp","href":"https:\/\/api.w.org\/{rel}","templated":true}]}}