{"id":13409,"date":"2026-04-24T13:48:15","date_gmt":"2026-04-24T17:48:15","guid":{"rendered":"https:\/\/basilian.org\/?page_id=13409"},"modified":"2026-04-24T16:02:36","modified_gmt":"2026-04-24T20:02:36","slug":"informe-del-capitulo-2026","status":"publish","type":"page","link":"https:\/\/basilian.org\/es\/recursos-comunitarios\/informe-del-capitulo-2026\/","title":{"rendered":"Informe del Cap\u00edtulo 2026"},"content":{"rendered":"<p><a href=\"https:\/\/basilian.org\/wp-content\/uploads\/private\/Basilianos-Por-Edad-Mayo-2026-1.xlsx\">Basilianos Por Edad<\/a><\/p>\n<p><a href=\"https:\/\/basilian.org\/wp-content\/uploads\/private\/Volumen-67-Numero-3-Pascua-de-2026-ESP.pdf\">Volumen 67, N\u00famero 3 \u2013 Pascua \u2013 Abril de 2026<\/a><\/p>\n<p><a href=\"https:\/\/basilian.org\/wp-content\/uploads\/private\/No.-89-Formacion-humana.-Marzo-de-2026-ESP.pdf\">N\u00famero 89: Formaci\u00f3n Humana \u2013 Marzo de 2025<\/a><\/p>\n<p><a href=\"https:\/\/basilian.org\/wp-content\/uploads\/private\/Volumen-67-Numero-2-Marzo-de-2026-ESP.pdf\">Volumen 67, N\u00famero 2 \u2013 Reuniones del Consejo General \u2013 Marzo de 2026<\/a><\/p>\n<p><a href=\"https:\/\/basilian.org\/wp-content\/uploads\/private\/No.-88-Salvar-la-Tierra-fregando-los-platos.-Febrero-de-2026-ESP.pdf\">N\u00famero 88: Salvar la Tierra Lavando los Platos \u2013 Febrero de 2025<\/a><\/p>\n<p><a href=\"https:\/\/basilian.org\/wp-content\/uploads\/private\/Volumen-67-Numero-1-Cuaresma-de-2026-ESP.pdf\">Volumen 67, N\u00famero 1 \u2013 Cuaresma \u2013 Febrero de 2026<\/a><\/p>\n<p><a href=\"https:\/\/basilian.org\/wp-content\/uploads\/private\/No.-87-Conversion-de-corazon.-Enero-de-2026-ESP.pdf\">N\u00famero 87: Conversi\u00f3n del Coraz\u00f3n \u2013 Enero de 2025<\/a><\/p>\n<p><a href=\"https:\/\/basilian.org\/wp-content\/uploads\/private\/Volumen-66-Numero-9-Informe-Anual-del-Superior-General-2025-ESP-1.pdf\">Informe Annual 2025<\/a><\/p>\n<p><a href=\"https:\/\/basilian.org\/wp-content\/uploads\/private\/Newsletter-Volume-65-Number-12-Superior-Generals-Report-2024-ESP-3.pdf\">Informe Annual 2024<\/a><\/p>\n<p><a href=\"https:\/\/basilian.org\/wp-content\/uploads\/private\/Newsletter-Volume-64-Number-9-Superior-Generals-Report-2022-2023-ESP.pdf\">Informe Annual 2023<\/a><\/p>\n<p>&nbsp;<\/p>\n","protected":false},"excerpt":{"rendered":"<p>Basilianos Por Edad Volumen 67, N\u00famero 3 \u2013 Pascua \u2013 Abril de 2026 N\u00famero 89: Formaci\u00f3n Humana \u2013 Marzo de 2025 Volumen 67, N\u00famero 2 \u2013 Reuniones del Consejo General [&hellip;]<\/p>\n","protected":false},"author":282,"featured_media":0,"parent":478,"menu_order":0,"comment_status":"closed","ping_status":"closed","template":"","meta":{"_bbp_topic_count":0,"_bbp_reply_count":0,"_bbp_total_topic_count":0,"_bbp_total_reply_count":0,"_bbp_voice_count":0,"_bbp_anonymous_reply_count":0,"_bbp_topic_count_hidden":0,"_bbp_reply_count_hidden":0,"_bbp_forum_subforum_count":0,"_uag_custom_page_level_css":"","footnotes":""},"acf":[],"yoast_head":"<!-- This site is optimized with the Yoast SEO plugin v20.3 - https:\/\/yoast.com\/wordpress\/plugins\/seo\/ -->\n<title>Informe del Cap\u00edtulo 2026 - Padres Basilianos - Congregaci\u00f3n de San Basilio<\/title>\n<meta name=\"robots\" content=\"index, follow, max-snippet:-1, max-image-preview:large, max-video-preview:-1\" \/>\n<link rel=\"canonical\" href=\"https:\/\/basilian.org\/es\/recursos-comunitarios\/informe-del-capitulo-2026\/\" \/>\n<meta property=\"og:locale\" content=\"es_MX\" \/>\n<meta property=\"og:type\" content=\"article\" \/>\n<meta property=\"og:title\" content=\"Informe del Cap\u00edtulo 2026 - Padres Basilianos - Congregaci\u00f3n de San Basilio\" \/>\n<meta property=\"og:description\" content=\"Basilianos Por Edad Volumen 67, N\u00famero 3 \u2013 Pascua \u2013 Abril de 2026 N\u00famero 89: Formaci\u00f3n Humana \u2013 Marzo de 2025 Volumen 67, N\u00famero 2 \u2013 Reuniones del Consejo General [&hellip;]\" \/>\n<meta property=\"og:url\" content=\"https:\/\/basilian.org\/es\/recursos-comunitarios\/informe-del-capitulo-2026\/\" \/>\n<meta property=\"og:site_name\" content=\"Padres Basilianos\" \/>\n<meta property=\"article:modified_time\" content=\"2026-04-24T20:02:36+00:00\" \/>\n<meta name=\"twitter:card\" content=\"summary_large_image\" \/>\n<meta name=\"twitter:label1\" content=\"Tiempo de lectura\" \/>\n\t<meta name=\"twitter:data1\" content=\"1 minuto\" \/>\n<script type=\"application\/ld+json\" class=\"yoast-schema-graph\">{\"@context\":\"https:\/\/schema.org\",\"@graph\":[{\"@type\":\"WebPage\",\"@id\":\"https:\/\/basilian.org\/es\/recursos-comunitarios\/informe-del-capitulo-2026\/\",\"url\":\"https:\/\/basilian.org\/es\/recursos-comunitarios\/informe-del-capitulo-2026\/\",\"name\":\"Informe del Cap\u00edtulo 2026 - Padres Basilianos - Congregaci\u00f3n de San Basilio\",\"isPartOf\":{\"@id\":\"https:\/\/basilian.org\/es\/#website\"},\"datePublished\":\"2026-04-24T17:48:15+00:00\",\"dateModified\":\"2026-04-24T20:02:36+00:00\",\"breadcrumb\":{\"@id\":\"https:\/\/basilian.org\/es\/recursos-comunitarios\/informe-del-capitulo-2026\/#breadcrumb\"},\"inLanguage\":\"es-MX\",\"potentialAction\":[{\"@type\":\"ReadAction\",\"target\":[\"https:\/\/basilian.org\/es\/recursos-comunitarios\/informe-del-capitulo-2026\/\"]}]},{\"@type\":\"BreadcrumbList\",\"@id\":\"https:\/\/basilian.org\/es\/recursos-comunitarios\/informe-del-capitulo-2026\/#breadcrumb\",\"itemListElement\":[{\"@type\":\"ListItem\",\"position\":1,\"name\":\"Home\",\"item\":\"https:\/\/basilian.org\/es\/\"},{\"@type\":\"ListItem\",\"position\":2,\"name\":\"Recursos Comunitarios\",\"item\":\"https:\/\/basilian.org\/es\/recursos-comunitarios\/\"},{\"@type\":\"ListItem\",\"position\":3,\"name\":\"Informe del Cap\u00edtulo 2026\"}]},{\"@type\":\"WebSite\",\"@id\":\"https:\/\/basilian.org\/es\/#website\",\"url\":\"https:\/\/basilian.org\/es\/\",\"name\":\"Padres Basilianos\",\"description\":\"Congregaci\u00f3n de San Basilio\",\"publisher\":{\"@id\":\"https:\/\/basilian.org\/es\/#organization\"},\"potentialAction\":[{\"@type\":\"SearchAction\",\"target\":{\"@type\":\"EntryPoint\",\"urlTemplate\":\"https:\/\/basilian.org\/es\/?s={search_term_string}\"},\"query-input\":\"required name=search_term_string\"}],\"inLanguage\":\"es-MX\"},{\"@type\":\"Organization\",\"@id\":\"https:\/\/basilian.org\/es\/#organization\",\"name\":\"Congregation of St. Basil\",\"url\":\"https:\/\/basilian.org\/es\/\",\"logo\":{\"@type\":\"ImageObject\",\"inLanguage\":\"es-MX\",\"@id\":\"https:\/\/basilian.org\/es\/#\/schema\/logo\/image\/\",\"url\":\"https:\/\/basilian.org\/wp-content\/uploads\/2020\/08\/basilian-crest-new2.png\",\"contentUrl\":\"https:\/\/basilian.org\/wp-content\/uploads\/2020\/08\/basilian-crest-new2.png\",\"width\":250,\"height\":250,\"caption\":\"Congregation of St. Basil\"},\"image\":{\"@id\":\"https:\/\/basilian.org\/es\/#\/schema\/logo\/image\/\"}}]}<\/script>\n<!-- \/ Yoast SEO plugin. -->","yoast_head_json":{"title":"Informe del Cap\u00edtulo 2026 - Padres Basilianos - Congregaci\u00f3n de San Basilio","robots":{"index":"index","follow":"follow","max-snippet":"max-snippet:-1","max-image-preview":"max-image-preview:large","max-video-preview":"max-video-preview:-1"},"canonical":"https:\/\/basilian.org\/es\/recursos-comunitarios\/informe-del-capitulo-2026\/","og_locale":"es_MX","og_type":"article","og_title":"Informe del Cap\u00edtulo 2026 - Padres Basilianos - Congregaci\u00f3n de San Basilio","og_description":"Basilianos Por Edad Volumen 67, N\u00famero 3 \u2013 Pascua \u2013 Abril de 2026 N\u00famero 89: Formaci\u00f3n Humana \u2013 Marzo de 2025 Volumen 67, N\u00famero 2 \u2013 Reuniones del Consejo General [&hellip;]","og_url":"https:\/\/basilian.org\/es\/recursos-comunitarios\/informe-del-capitulo-2026\/","og_site_name":"Padres Basilianos","article_modified_time":"2026-04-24T20:02:36+00:00","twitter_card":"summary_large_image","twitter_misc":{"Tiempo de lectura":"1 minuto"},"schema":{"@context":"https:\/\/schema.org","@graph":[{"@type":"WebPage","@id":"https:\/\/basilian.org\/es\/recursos-comunitarios\/informe-del-capitulo-2026\/","url":"https:\/\/basilian.org\/es\/recursos-comunitarios\/informe-del-capitulo-2026\/","name":"Informe del Cap\u00edtulo 2026 - Padres Basilianos - Congregaci\u00f3n de San Basilio","isPartOf":{"@id":"https:\/\/basilian.org\/es\/#website"},"datePublished":"2026-04-24T17:48:15+00:00","dateModified":"2026-04-24T20:02:36+00:00","breadcrumb":{"@id":"https:\/\/basilian.org\/es\/recursos-comunitarios\/informe-del-capitulo-2026\/#breadcrumb"},"inLanguage":"es-MX","potentialAction":[{"@type":"ReadAction","target":["https:\/\/basilian.org\/es\/recursos-comunitarios\/informe-del-capitulo-2026\/"]}]},{"@type":"BreadcrumbList","@id":"https:\/\/basilian.org\/es\/recursos-comunitarios\/informe-del-capitulo-2026\/#breadcrumb","itemListElement":[{"@type":"ListItem","position":1,"name":"Home","item":"https:\/\/basilian.org\/es\/"},{"@type":"ListItem","position":2,"name":"Recursos Comunitarios","item":"https:\/\/basilian.org\/es\/recursos-comunitarios\/"},{"@type":"ListItem","position":3,"name":"Informe del Cap\u00edtulo 2026"}]},{"@type":"WebSite","@id":"https:\/\/basilian.org\/es\/#website","url":"https:\/\/basilian.org\/es\/","name":"Padres Basilianos","description":"Congregaci\u00f3n de San Basilio","publisher":{"@id":"https:\/\/basilian.org\/es\/#organization"},"potentialAction":[{"@type":"SearchAction","target":{"@type":"EntryPoint","urlTemplate":"https:\/\/basilian.org\/es\/?s={search_term_string}"},"query-input":"required name=search_term_string"}],"inLanguage":"es-MX"},{"@type":"Organization","@id":"https:\/\/basilian.org\/es\/#organization","name":"Congregation of St. Basil","url":"https:\/\/basilian.org\/es\/","logo":{"@type":"ImageObject","inLanguage":"es-MX","@id":"https:\/\/basilian.org\/es\/#\/schema\/logo\/image\/","url":"https:\/\/basilian.org\/wp-content\/uploads\/2020\/08\/basilian-crest-new2.png","contentUrl":"https:\/\/basilian.org\/wp-content\/uploads\/2020\/08\/basilian-crest-new2.png","width":250,"height":250,"caption":"Congregation of St. Basil"},"image":{"@id":"https:\/\/basilian.org\/es\/#\/schema\/logo\/image\/"}}]}},"uagb_featured_image_src":{"full":false,"thumbnail":false,"medium":false,"medium_large":false,"large":false,"wpbgallery_admin_thumb":false,"wpbgallery_thumb":false,"1536x1536":false,"2048x2048":false,"featured":false},"uagb_author_info":{"display_name":"Ilya Kovalevskiy","author_link":"https:\/\/basilian.org\/es\/author\/ilya_csb\/"},"uagb_comment_info":0,"uagb_excerpt":"Basilianos Por Edad Volumen 67, N\u00famero 3 \u2013 Pascua \u2013 Abril de 2026 N\u00famero 89: Formaci\u00f3n Humana \u2013 Marzo de 2025 Volumen 67, N\u00famero 2 \u2013 Reuniones del Consejo General [&hellip;]","_links":{"self":[{"href":"https:\/\/basilian.org\/es\/wp-json\/wp\/v2\/pages\/13409"}],"collection":[{"href":"https:\/\/basilian.org\/es\/wp-json\/wp\/v2\/pages"}],"about":[{"href":"https:\/\/basilian.org\/es\/wp-json\/wp\/v2\/types\/page"}],"author":[{"embeddable":true,"href":"https:\/\/basilian.org\/es\/wp-json\/wp\/v2\/users\/282"}],"replies":[{"embeddable":true,"href":"https:\/\/basilian.org\/es\/wp-json\/wp\/v2\/comments?post=13409"}],"version-history":[{"count":6,"href":"https:\/\/basilian.org\/es\/wp-json\/wp\/v2\/pages\/13409\/revisions"}],"predecessor-version":[{"id":13448,"href":"https:\/\/basilian.org\/es\/wp-json\/wp\/v2\/pages\/13409\/revisions\/13448"}],"up":[{"embeddable":true,"href":"https:\/\/basilian.org\/es\/wp-json\/wp\/v2\/pages\/478"}],"wp:attachment":[{"href":"https:\/\/basilian.org\/es\/wp-json\/wp\/v2\/media?parent=13409"}],"curies":[{"name":"wp","href":"https:\/\/api.w.org\/{rel}","templated":true}]}}