{"id":8676,"date":"2021-12-17T11:49:37","date_gmt":"2021-12-17T16:49:37","guid":{"rendered":"https:\/\/basilian.org\/?page_id=8676"},"modified":"2022-05-20T12:18:49","modified_gmt":"2022-05-20T16:18:49","slug":"basilian-bicentennial","status":"publish","type":"page","link":"https:\/\/basilian.org\/en\/bicentennial\/basilian-bicentennial\/","title":{"rendered":"Basilian Bicentennial"},"content":{"rendered":"<div align=\"center\"><img loading=\"lazy\" decoding=\"async\" class=\"aligncenter wp-image-8644\" src=\"https:\/\/basilian.org\/wp-content\/uploads\/2021\/11\/bicentennial-carousel.jpg\" alt=\"\" width=\"600\" height=\"396\" srcset=\"https:\/\/basilian.org\/wp-content\/uploads\/2021\/11\/bicentennial-carousel.jpg 877w, https:\/\/basilian.org\/wp-content\/uploads\/2021\/11\/bicentennial-carousel-300x198.jpg 300w, https:\/\/basilian.org\/wp-content\/uploads\/2021\/11\/bicentennial-carousel-768x507.jpg 768w, https:\/\/basilian.org\/wp-content\/uploads\/2021\/11\/bicentennial-carousel-719x475.jpg 719w\" sizes=\"(max-width: 600px) 100vw, 600px\" \/><\/div>\n<p>&nbsp;<\/p>\n<h4 style=\"text-align: center;\"><strong>For 200 Years, the Basilian Fathers Have Practiced their Mission of Education and Evangelization in France, Canada, United States, Mexico, and Colombia<\/strong><\/h4>\n<p>&nbsp;<\/p>\n<p>The Basilian Fathers commenced a year of bicentennial celebrations on November 21, 2021, The Feast of the Presentation of our Lady and anniversary of our founding, to commemorate our 200 years of education and evangelization.<\/p>\n<p>The Congregation of St. Basil was born in France in a time of turmoil, revolution and harsh persecution targeting the Catholic Church known as the Reign of Terror. When the Archbishop of Vienne returned to France after fleeing, he asked Father Joseph Lapierre, who had been living in hiding, to secretly open a seminary school in a quiet village in the north-central French region called the Ard\u00e8che. The school flourished and moved to the nearby city of Annonay.<\/p>\n<p>After several years of operation, the Annonay teachers put forward a proposal to the Bishop that they form an association or society. These men became the founding fathers of the Congregation of St. Basil. On November 21, 1822, on the feast of the Presentation of Our Lady, the ten founders chose Father Joseph Lapierre as the first superior general and St. Basil as the patron for the order.<\/p>\n<p>For 200 years, the Basilians have remained true to their founding mission of providing Catholic education to a wide diversity of people with a special effort to serve those in need. This mission has taken them from their birthplace in Annonay, France to the New World in Canada and the United States and Latin America in Mexico and Colombia.<\/p>\n<p>We invite you to join us as we celebrate this milestone with events throughout the year, in France, Canada, United States, Mexico, and Colombia. There will be celebratory masses as well as banner installations at our Apostolates and a Basilian Bicentennial Website.\u00a0 We will be updating this information as the year progresses so be sure to check back regularly.<\/p>\n<h5 style=\"text-align: center;\"><a href=\"https:\/\/basilian.org\/en\/bicentennial\/\">Visit the Basilian Bicentennial Website<\/a><\/h5>\n<h5 style=\"text-align: center;\"><a href=\"https:\/\/www.basilianbicentennial.com\/\">Learn more about our Apostolates<\/a><\/h5>\n<hr \/>\n<p><span style=\"text-decoration: underline;\"><strong>Basilian Reflections<\/strong><\/span><\/p>\n<p>In honour of our Bicentennial year members of the Bicentennial Committee will be sharing a reflection the feast days of the Basilian Patron Saints.<\/p>\n<p>December 12, 2021 &#8211; <a href=\"https:\/\/basilian.org\/wp-content\/uploads\/2022\/02\/Reflection-Our-Lady-of-Guadalupe-Juarez-12-12-2021.pdf\">Our Lady of Guadalupe by Fr. Jos\u00e9 Alberto Ju\u00e1rez Sandoval, CSB<\/a> &#8211; <a href=\"https:\/\/basilian.org\/wp-content\/uploads\/2022\/02\/reflexion-Nuestra-Senora-de-Guadalupe-Juarez-12-12-2021.pdf\">ESP<\/a><\/p>\n<p>January 2, 2022 &#8211; <a href=\"https:\/\/basilian.org\/wp-content\/uploads\/2022\/02\/Reflection-Saint-Basil-Dawood-2-1-2022.pdf\">Saint Basil by Bishoy Dawood, Basilian Associate<\/a> &#8211; <a href=\"https:\/\/basilian.org\/wp-content\/uploads\/2022\/02\/reflexion-San-Basilio-Dawood-2-1-2022.pdf\">ESP<\/a><\/p>\n<p>January 28, 2022 &#8211; <a href=\"https:\/\/basilian.org\/wp-content\/uploads\/2022\/02\/reflection-St-Thomas-Aquinas-Baenziger-28-1-2022.pdf\">Saint Thomas Aquinas by Fr. Edward Baenziger, CSB<\/a> &#8211; <a href=\"https:\/\/basilian.org\/wp-content\/uploads\/2022\/02\/Santo-Tomas-de-Aquino-January-28-2022-Baenziger.pdf\">ESP<\/a> &#8211; <a href=\"https:\/\/basilian.org\/wp-content\/uploads\/2022\/02\/reflexion-Thomas-dAquin-Baenziger-FR.pdf\">FR<\/a><\/p>\n<p>January 31, 2022 &#8211; <a href=\"https:\/\/basilian.org\/wp-content\/uploads\/2022\/02\/Reflection-Saint-John-Bosco-Rosica-31-1-2022.pdf\">Saint John Bosco by Fr. Thomas Rosica, CSB<\/a> &#8211; <a href=\"https:\/\/basilian.org\/wp-content\/uploads\/2022\/02\/refleccion-San-Juan-Bosco-Rosica-31-1-2022.pdf\">ESP<\/a><\/p>\n<p>March 19, 2022 &#8211; <a href=\"https:\/\/basilian.org\/wp-content\/uploads\/2022\/03\/reflection-Saint-Joseph-March-19-2022.pdf\">Saint Joseph by Father John Huber, CSB<\/a> &#8211; <a href=\"https:\/\/basilian.org\/wp-content\/uploads\/2022\/03\/refleccion-San-Jose-19-03-2022.pdf\">ESP<\/a><\/p>\n<p>March 24, 2022 &#8211; <a href=\"https:\/\/basilian.org\/wp-content\/uploads\/2022\/03\/Reflection-Saint-Oscar-Romero-W-Schmidt-March-24-2022.pdf\">Saint Oscar Romero by Father Warren Schmidt, CSB<\/a> &#8211; <a href=\"https:\/\/basilian.org\/wp-content\/uploads\/2022\/03\/Reflexion-Santo-Oscar-Romero-Schmidt-24-marzo-2022.pdf\">ESP<\/a><\/p>\n<hr \/>\n<p style=\"text-align: left;\"><strong><u>Upcoming Events<\/u><\/strong><\/p>\n<p>June 5, 2022 &#8211; Bishop of Viviers, Mgr. Jean-Louis Balsa will celebrate mass, with the entire General Council concelebrating and Fr. John Huber, CSB preaching at the Coll\u00e8ge Priv\u00e9 du Sacr\u00e9-Coeur in Annonay, France on the Feast of Pentecost. Mass will be livestreamed on Facebook at 12pm ET.\u00a0 <a href=\"https:\/\/www.facebook.com\/events\/s\/200-ans-des-peres-basiliens\/968748077149427\/.\">Click here to watch.<\/a><\/p>\n<p style=\"text-align: left;\"><strong><u>Past Events<\/u><\/strong><\/p>\n<p>November 19, 2021 &#8211; Fr. John Huber, CSB celebrated mass at St. Anne&#8217;s Church in Houston, Texas, which marked both the Basilian Bicentennial as well as the University of Saint Thomas&#8217; 75th anniversary.<\/p>\n<div align=\"center\">\n<p><a href=\"https:\/\/basilian.org\/wp-content\/uploads\/2021\/12\/FB_IMG_1637408230698.jpg\" target=\"_blank\" rel=\"noopener\"><img loading=\"lazy\" decoding=\"async\" class=\"alignnone wp-image-8680 size-medium\" style=\"margin: 10px 10px 10px 10px;\" src=\"https:\/\/basilian.org\/wp-content\/uploads\/2021\/12\/FB_IMG_1637408230698-300x225.jpg\" alt=\"\" width=\"300\" height=\"225\" srcset=\"https:\/\/basilian.org\/wp-content\/uploads\/2021\/12\/FB_IMG_1637408230698-300x225.jpg 300w, https:\/\/basilian.org\/wp-content\/uploads\/2021\/12\/FB_IMG_1637408230698-1024x768.jpg 1024w, https:\/\/basilian.org\/wp-content\/uploads\/2021\/12\/FB_IMG_1637408230698-768x576.jpg 768w, https:\/\/basilian.org\/wp-content\/uploads\/2021\/12\/FB_IMG_1637408230698-633x475.jpg 633w, https:\/\/basilian.org\/wp-content\/uploads\/2021\/12\/FB_IMG_1637408230698.jpg 1080w\" sizes=\"(max-width: 300px) 100vw, 300px\" \/><\/a><a href=\"https:\/\/basilian.org\/wp-content\/uploads\/2021\/12\/1322.jpeg\"><img loading=\"lazy\" decoding=\"async\" class=\"size-medium wp-image-8689 alignnone\" style=\"margin: 10px 10px 10px 10px;\" src=\"https:\/\/basilian.org\/wp-content\/uploads\/2021\/12\/1322-300x225.jpeg\" alt=\"\" width=\"300\" height=\"225\" srcset=\"https:\/\/basilian.org\/wp-content\/uploads\/2021\/12\/1322-300x225.jpeg 300w, https:\/\/basilian.org\/wp-content\/uploads\/2021\/12\/1322-1024x768.jpeg 1024w, https:\/\/basilian.org\/wp-content\/uploads\/2021\/12\/1322-768x576.jpeg 768w, https:\/\/basilian.org\/wp-content\/uploads\/2021\/12\/1322-633x475.jpeg 633w, https:\/\/basilian.org\/wp-content\/uploads\/2021\/12\/1322.jpeg 1280w\" sizes=\"(max-width: 300px) 100vw, 300px\" \/><\/a><a href=\"https:\/\/basilian.org\/wp-content\/uploads\/2021\/12\/FB_IMG_1637408249224.jpg\"><img loading=\"lazy\" decoding=\"async\" class=\"alignnone size-medium wp-image-8701\" style=\"margin: 10px 10px 10px 10px;\" src=\"https:\/\/basilian.org\/wp-content\/uploads\/2021\/12\/FB_IMG_1637408249224-300x226.jpg\" alt=\"\" width=\"300\" height=\"226\" srcset=\"https:\/\/basilian.org\/wp-content\/uploads\/2021\/12\/FB_IMG_1637408249224-300x226.jpg 300w, https:\/\/basilian.org\/wp-content\/uploads\/2021\/12\/FB_IMG_1637408249224-1024x772.jpg 1024w, https:\/\/basilian.org\/wp-content\/uploads\/2021\/12\/FB_IMG_1637408249224-768x579.jpg 768w, https:\/\/basilian.org\/wp-content\/uploads\/2021\/12\/FB_IMG_1637408249224-630x475.jpg 630w, https:\/\/basilian.org\/wp-content\/uploads\/2021\/12\/FB_IMG_1637408249224.jpg 1080w\" sizes=\"(max-width: 300px) 100vw, 300px\" \/><\/a><\/p>\n<\/div>\n<p>November 21, 2021 &#8211; Fr. Kevin Mannara, CSB presided, and Fr. John Huber, CSB was the homilist at mass at St John Fisher College in Rochester, NY on the Feast of the Presentation, and the Anniversary of the Congregation of St. Basil. <a href=\"https:\/\/youtu.be\/34YZwSFM4dU\">Watch here<\/a><\/p>\n<div align=\"center\"><a href=\"https:\/\/basilian.org\/wp-content\/uploads\/2021\/12\/mass_bfbc_0193_51700643540_o-scaled.jpg\" target=\"_blank\" rel=\"noopener\"><img loading=\"lazy\" decoding=\"async\" class=\"alignnone wp-image-8693 size-medium\" style=\"margin: 10px 10px 10px 10px;\" src=\"https:\/\/basilian.org\/wp-content\/uploads\/2021\/12\/mass_bfbc_0193_51700643540_o-300x200.jpg\" alt=\"\" width=\"300\" height=\"200\" srcset=\"https:\/\/basilian.org\/wp-content\/uploads\/2021\/12\/mass_bfbc_0193_51700643540_o-300x200.jpg 300w, https:\/\/basilian.org\/wp-content\/uploads\/2021\/12\/mass_bfbc_0193_51700643540_o-1024x683.jpg 1024w, https:\/\/basilian.org\/wp-content\/uploads\/2021\/12\/mass_bfbc_0193_51700643540_o-768x512.jpg 768w, https:\/\/basilian.org\/wp-content\/uploads\/2021\/12\/mass_bfbc_0193_51700643540_o-1536x1024.jpg 1536w, https:\/\/basilian.org\/wp-content\/uploads\/2021\/12\/mass_bfbc_0193_51700643540_o-2048x1365.jpg 2048w, https:\/\/basilian.org\/wp-content\/uploads\/2021\/12\/mass_bfbc_0193_51700643540_o-713x475.jpg 713w\" sizes=\"(max-width: 300px) 100vw, 300px\" \/><\/a><a href=\"https:\/\/basilian.org\/wp-content\/uploads\/2021\/12\/mass_bfbc_0157_51699759066_o-scaled.jpg\" target=\"_blank\" rel=\"noopener\"><img loading=\"lazy\" decoding=\"async\" class=\"alignnone wp-image-8696 size-medium\" style=\"margin: 10px 10px 10px 10px;\" src=\"https:\/\/basilian.org\/wp-content\/uploads\/2021\/12\/mass_bfbc_0157_51699759066_o-300x200.jpg\" alt=\"\" width=\"300\" height=\"200\" srcset=\"https:\/\/basilian.org\/wp-content\/uploads\/2021\/12\/mass_bfbc_0157_51699759066_o-300x200.jpg 300w, https:\/\/basilian.org\/wp-content\/uploads\/2021\/12\/mass_bfbc_0157_51699759066_o-1024x681.jpg 1024w, https:\/\/basilian.org\/wp-content\/uploads\/2021\/12\/mass_bfbc_0157_51699759066_o-768x511.jpg 768w, https:\/\/basilian.org\/wp-content\/uploads\/2021\/12\/mass_bfbc_0157_51699759066_o-1536x1022.jpg 1536w, https:\/\/basilian.org\/wp-content\/uploads\/2021\/12\/mass_bfbc_0157_51699759066_o-2048x1363.jpg 2048w, https:\/\/basilian.org\/wp-content\/uploads\/2021\/12\/mass_bfbc_0157_51699759066_o-714x475.jpg 714w\" sizes=\"(max-width: 300px) 100vw, 300px\" \/><\/a><a href=\"https:\/\/basilian.org\/wp-content\/uploads\/2021\/12\/mass_bfbc_0138_51699760521_o-scaled.jpg\" target=\"_blank\" rel=\"noopener\"><img loading=\"lazy\" decoding=\"async\" class=\"alignnone wp-image-8698 size-medium\" style=\"margin: 10px 10px 10px 10px;\" src=\"https:\/\/basilian.org\/wp-content\/uploads\/2021\/12\/mass_bfbc_0138_51699760521_o-300x200.jpg\" alt=\"\" width=\"300\" height=\"200\" srcset=\"https:\/\/basilian.org\/wp-content\/uploads\/2021\/12\/mass_bfbc_0138_51699760521_o-300x200.jpg 300w, https:\/\/basilian.org\/wp-content\/uploads\/2021\/12\/mass_bfbc_0138_51699760521_o-1024x681.jpg 1024w, https:\/\/basilian.org\/wp-content\/uploads\/2021\/12\/mass_bfbc_0138_51699760521_o-768x511.jpg 768w, https:\/\/basilian.org\/wp-content\/uploads\/2021\/12\/mass_bfbc_0138_51699760521_o-1536x1022.jpg 1536w, https:\/\/basilian.org\/wp-content\/uploads\/2021\/12\/mass_bfbc_0138_51699760521_o-2048x1363.jpg 2048w, https:\/\/basilian.org\/wp-content\/uploads\/2021\/12\/mass_bfbc_0138_51699760521_o-714x475.jpg 714w\" sizes=\"(max-width: 300px) 100vw, 300px\" \/><\/a><\/div>\n<hr \/>\n<p style=\"text-align: left;\"><strong><u>Banner Installations <\/u><\/strong><\/p>\n<p>Toronto, Ontario<\/p>\n<ul>\n<li>University of St. Michael&#8217;s College<\/li>\n<li>St. Basil&#8217;s Church<\/li>\n<li>St. Michael&#8217;s College School<\/li>\n<\/ul>\n<p>Windsor, Ontario<\/p>\n<ul>\n<li>Assumption University<\/li>\n<li>Assumption Parish<\/li>\n<\/ul>\n<p>Edmonton, Alberta<\/p>\n<ul>\n<li>St. Alphonsus &#8211; St. Clare Church<\/li>\n<li>St. Joseph&#8217;s College<\/li>\n<\/ul>\n<p>Rochester, New York<\/p>\n<ul>\n<li>St. John Fisher College<\/li>\n<li>Aquinas Institute<\/li>\n<\/ul>\n<p>Novi, Michigan<\/p>\n<ul>\n<li>Detroit Catholic Central *Wall Art Installation<\/li>\n<\/ul>\n<p>Houston, Texas<\/p>\n<ul>\n<li>St. Thomas High School<\/li>\n<li>University of St. Thomas<\/li>\n<li>St. Anne&#8217;s Parish<\/li>\n<\/ul>\n<p>Mexico<\/p>\n<ul>\n<li>Parroquia de San Lorenzo<\/li>\n<\/ul>\n<p>Colombia<\/p>\n<ul>\n<li>Parroquia San Basilio<\/li>\n<\/ul>\n<p>&nbsp;<\/p>\n<p>&nbsp;<\/p>\n","protected":false},"excerpt":{"rendered":"<p>&nbsp; For 200 Years, the Basilian Fathers Have Practiced their Mission of Education and Evangelization in France, Canada, United States, Mexico, and Colombia &nbsp; The Basilian Fathers commenced a year [&hellip;]<\/p>\n","protected":false},"author":37,"featured_media":0,"parent":7789,"menu_order":0,"comment_status":"closed","ping_status":"closed","template":"","meta":{"_bbp_topic_count":0,"_bbp_reply_count":0,"_bbp_total_topic_count":0,"_bbp_total_reply_count":0,"_bbp_voice_count":0,"_bbp_anonymous_reply_count":0,"_bbp_topic_count_hidden":0,"_bbp_reply_count_hidden":0,"_bbp_forum_subforum_count":0,"_uag_custom_page_level_css":"","footnotes":""},"acf":[],"yoast_head":"<!-- This site is optimized with the Yoast SEO plugin v20.3 - https:\/\/yoast.com\/wordpress\/plugins\/seo\/ -->\n<title>Basilian Bicentennial - Basilian Fathers - Congregation of St. Basil<\/title>\n<meta name=\"robots\" content=\"index, follow, max-snippet:-1, max-image-preview:large, max-video-preview:-1\" \/>\n<link rel=\"canonical\" href=\"https:\/\/basilian.org\/en\/bicentennial\/basilian-bicentennial\/\" \/>\n<meta property=\"og:locale\" content=\"en_US\" \/>\n<meta property=\"og:type\" content=\"article\" \/>\n<meta property=\"og:title\" content=\"Basilian Bicentennial - Basilian Fathers - Congregation of St. Basil\" \/>\n<meta property=\"og:description\" content=\"&nbsp; For 200 Years, the Basilian Fathers Have Practiced their Mission of Education and Evangelization in France, Canada, United States, Mexico, and Colombia &nbsp; The Basilian Fathers commenced a year [&hellip;]\" \/>\n<meta property=\"og:url\" content=\"https:\/\/basilian.org\/en\/bicentennial\/basilian-bicentennial\/\" \/>\n<meta property=\"og:site_name\" content=\"Basilian Fathers\" \/>\n<meta property=\"article:modified_time\" content=\"2022-05-20T16:18:49+00:00\" \/>\n<meta property=\"og:image\" content=\"https:\/\/basilian.org\/wp-content\/uploads\/2021\/11\/bicentennial-carousel.jpg\" \/>\n<meta name=\"twitter:card\" content=\"summary_large_image\" \/>\n<meta name=\"twitter:label1\" content=\"Est. reading time\" \/>\n\t<meta name=\"twitter:data1\" content=\"5 minutes\" \/>\n<script type=\"application\/ld+json\" class=\"yoast-schema-graph\">{\"@context\":\"https:\/\/schema.org\",\"@graph\":[{\"@type\":\"WebPage\",\"@id\":\"https:\/\/basilian.org\/en\/bicentennial\/basilian-bicentennial\/\",\"url\":\"https:\/\/basilian.org\/en\/bicentennial\/basilian-bicentennial\/\",\"name\":\"Basilian Bicentennial - Basilian Fathers - Congregation of St. Basil\",\"isPartOf\":{\"@id\":\"https:\/\/basilian.org\/en\/#website\"},\"datePublished\":\"2021-12-17T16:49:37+00:00\",\"dateModified\":\"2022-05-20T16:18:49+00:00\",\"breadcrumb\":{\"@id\":\"https:\/\/basilian.org\/en\/bicentennial\/basilian-bicentennial\/#breadcrumb\"},\"inLanguage\":\"en-CA\",\"potentialAction\":[{\"@type\":\"ReadAction\",\"target\":[\"https:\/\/basilian.org\/en\/bicentennial\/basilian-bicentennial\/\"]}]},{\"@type\":\"BreadcrumbList\",\"@id\":\"https:\/\/basilian.org\/en\/bicentennial\/basilian-bicentennial\/#breadcrumb\",\"itemListElement\":[{\"@type\":\"ListItem\",\"position\":1,\"name\":\"Home\",\"item\":\"https:\/\/basilian.org\/en\/\"},{\"@type\":\"ListItem\",\"position\":2,\"name\":\"Bicentennial\",\"item\":\"https:\/\/basilian.org\/en\/bicentennial\/\"},{\"@type\":\"ListItem\",\"position\":3,\"name\":\"Basilian Bicentennial\"}]},{\"@type\":\"WebSite\",\"@id\":\"https:\/\/basilian.org\/en\/#website\",\"url\":\"https:\/\/basilian.org\/en\/\",\"name\":\"Basilian Fathers\",\"description\":\"Congregation of St. Basil\",\"publisher\":{\"@id\":\"https:\/\/basilian.org\/en\/#organization\"},\"potentialAction\":[{\"@type\":\"SearchAction\",\"target\":{\"@type\":\"EntryPoint\",\"urlTemplate\":\"https:\/\/basilian.org\/en\/?s={search_term_string}\"},\"query-input\":\"required name=search_term_string\"}],\"inLanguage\":\"en-CA\"},{\"@type\":\"Organization\",\"@id\":\"https:\/\/basilian.org\/en\/#organization\",\"name\":\"Congregation of St. Basil\",\"url\":\"https:\/\/basilian.org\/en\/\",\"logo\":{\"@type\":\"ImageObject\",\"inLanguage\":\"en-CA\",\"@id\":\"https:\/\/basilian.org\/en\/#\/schema\/logo\/image\/\",\"url\":\"https:\/\/basilian.org\/wp-content\/uploads\/2020\/08\/basilian-crest-new2.png\",\"contentUrl\":\"https:\/\/basilian.org\/wp-content\/uploads\/2020\/08\/basilian-crest-new2.png\",\"width\":250,\"height\":250,\"caption\":\"Congregation of St. Basil\"},\"image\":{\"@id\":\"https:\/\/basilian.org\/en\/#\/schema\/logo\/image\/\"}}]}<\/script>\n<!-- \/ Yoast SEO plugin. -->","yoast_head_json":{"title":"Basilian Bicentennial - Basilian Fathers - Congregation of St. Basil","robots":{"index":"index","follow":"follow","max-snippet":"max-snippet:-1","max-image-preview":"max-image-preview:large","max-video-preview":"max-video-preview:-1"},"canonical":"https:\/\/basilian.org\/en\/bicentennial\/basilian-bicentennial\/","og_locale":"en_US","og_type":"article","og_title":"Basilian Bicentennial - Basilian Fathers - Congregation of St. Basil","og_description":"&nbsp; For 200 Years, the Basilian Fathers Have Practiced their Mission of Education and Evangelization in France, Canada, United States, Mexico, and Colombia &nbsp; The Basilian Fathers commenced a year [&hellip;]","og_url":"https:\/\/basilian.org\/en\/bicentennial\/basilian-bicentennial\/","og_site_name":"Basilian Fathers","article_modified_time":"2022-05-20T16:18:49+00:00","og_image":[{"url":"https:\/\/basilian.org\/wp-content\/uploads\/2021\/11\/bicentennial-carousel.jpg"}],"twitter_card":"summary_large_image","twitter_misc":{"Est. reading time":"5 minutes"},"schema":{"@context":"https:\/\/schema.org","@graph":[{"@type":"WebPage","@id":"https:\/\/basilian.org\/en\/bicentennial\/basilian-bicentennial\/","url":"https:\/\/basilian.org\/en\/bicentennial\/basilian-bicentennial\/","name":"Basilian Bicentennial - Basilian Fathers - Congregation of St. Basil","isPartOf":{"@id":"https:\/\/basilian.org\/en\/#website"},"datePublished":"2021-12-17T16:49:37+00:00","dateModified":"2022-05-20T16:18:49+00:00","breadcrumb":{"@id":"https:\/\/basilian.org\/en\/bicentennial\/basilian-bicentennial\/#breadcrumb"},"inLanguage":"en-CA","potentialAction":[{"@type":"ReadAction","target":["https:\/\/basilian.org\/en\/bicentennial\/basilian-bicentennial\/"]}]},{"@type":"BreadcrumbList","@id":"https:\/\/basilian.org\/en\/bicentennial\/basilian-bicentennial\/#breadcrumb","itemListElement":[{"@type":"ListItem","position":1,"name":"Home","item":"https:\/\/basilian.org\/en\/"},{"@type":"ListItem","position":2,"name":"Bicentennial","item":"https:\/\/basilian.org\/en\/bicentennial\/"},{"@type":"ListItem","position":3,"name":"Basilian Bicentennial"}]},{"@type":"WebSite","@id":"https:\/\/basilian.org\/en\/#website","url":"https:\/\/basilian.org\/en\/","name":"Basilian Fathers","description":"Congregation of St. Basil","publisher":{"@id":"https:\/\/basilian.org\/en\/#organization"},"potentialAction":[{"@type":"SearchAction","target":{"@type":"EntryPoint","urlTemplate":"https:\/\/basilian.org\/en\/?s={search_term_string}"},"query-input":"required name=search_term_string"}],"inLanguage":"en-CA"},{"@type":"Organization","@id":"https:\/\/basilian.org\/en\/#organization","name":"Congregation of St. Basil","url":"https:\/\/basilian.org\/en\/","logo":{"@type":"ImageObject","inLanguage":"en-CA","@id":"https:\/\/basilian.org\/en\/#\/schema\/logo\/image\/","url":"https:\/\/basilian.org\/wp-content\/uploads\/2020\/08\/basilian-crest-new2.png","contentUrl":"https:\/\/basilian.org\/wp-content\/uploads\/2020\/08\/basilian-crest-new2.png","width":250,"height":250,"caption":"Congregation of St. Basil"},"image":{"@id":"https:\/\/basilian.org\/en\/#\/schema\/logo\/image\/"}}]}},"uagb_featured_image_src":{"full":false,"thumbnail":false,"medium":false,"medium_large":false,"large":false,"wpbgallery_admin_thumb":false,"wpbgallery_thumb":false,"1536x1536":false,"2048x2048":false,"featured":false},"uagb_author_info":{"display_name":"Amanda Parcher","author_link":"https:\/\/basilian.org\/en\/author\/aparcher\/"},"uagb_comment_info":0,"uagb_excerpt":"&nbsp; For 200 Years, the Basilian Fathers Have Practiced their Mission of Education and Evangelization in France, Canada, United States, Mexico, and Colombia &nbsp; The Basilian Fathers commenced a year [&hellip;]","_links":{"self":[{"href":"https:\/\/basilian.org\/en\/wp-json\/wp\/v2\/pages\/8676"}],"collection":[{"href":"https:\/\/basilian.org\/en\/wp-json\/wp\/v2\/pages"}],"about":[{"href":"https:\/\/basilian.org\/en\/wp-json\/wp\/v2\/types\/page"}],"author":[{"embeddable":true,"href":"https:\/\/basilian.org\/en\/wp-json\/wp\/v2\/users\/37"}],"replies":[{"embeddable":true,"href":"https:\/\/basilian.org\/en\/wp-json\/wp\/v2\/comments?post=8676"}],"version-history":[{"count":80,"href":"https:\/\/basilian.org\/en\/wp-json\/wp\/v2\/pages\/8676\/revisions"}],"predecessor-version":[{"id":9030,"href":"https:\/\/basilian.org\/en\/wp-json\/wp\/v2\/pages\/8676\/revisions\/9030"}],"up":[{"embeddable":true,"href":"https:\/\/basilian.org\/en\/wp-json\/wp\/v2\/pages\/7789"}],"wp:attachment":[{"href":"https:\/\/basilian.org\/en\/wp-json\/wp\/v2\/media?parent=8676"}],"curies":[{"name":"wp","href":"https:\/\/api.w.org\/{rel}","templated":true}]}}